{"id":33550,"date":"2025-10-09T15:39:40","date_gmt":"2025-10-09T13:39:40","guid":{"rendered":"https:\/\/www.ylume-creation.com\/?post_type=product&#038;p=33550"},"modified":"2026-04-15T22:13:15","modified_gmt":"2026-04-15T20:13:15","slug":"bracelet-lucas","status":"publish","type":"product","link":"https:\/\/www.ylume-creation.com\/fr\/produit\/bracelet-lucas\/","title":{"rendered":"Bracelet Lucas"},"content":{"rendered":"<div id=\"pl-33550\"  class=\"panel-layout\" ><div id=\"pg-33550-0\"  class=\"panel-grid panel-no-style\" ><div id=\"pgc-33550-0-0\"  class=\"panel-grid-cell\" ><div class=\"ylContentPageRow panel-cell-style panel-cell-style-for-33550-0-0\" ><div id=\"panel-33550-0-0-0\" class=\"so-panel widget widget_media_image panel-first-child panel-last-child\" data-index=\"0\" ><img decoding=\"async\" width=\"300\" height=\"200\" src=\"https:\/\/www.ylume-creation.com\/wp-content\/uploads\/2020\/04\/pagelesvaleurs-300x200.jpg\" class=\"image wp-image-3520  attachment-medium size-medium\" alt=\"Bracelet Lucas\" style=\"max-width: 100%; height: auto;\" srcset=\"https:\/\/www.ylume-creation.com\/wp-content\/uploads\/2020\/04\/pagelesvaleurs-300x200.jpg 300w, https:\/\/www.ylume-creation.com\/wp-content\/uploads\/2020\/04\/pagelesvaleurs-768x511.jpg 768w, https:\/\/www.ylume-creation.com\/wp-content\/uploads\/2020\/04\/pagelesvaleurs-1024x681.jpg 1024w, https:\/\/www.ylume-creation.com\/wp-content\/uploads\/2020\/04\/pagelesvaleurs-1080x718.jpg 1080w, https:\/\/www.ylume-creation.com\/wp-content\/uploads\/2020\/04\/pagelesvaleurs-480x319.jpg 480w, https:\/\/www.ylume-creation.com\/wp-content\/uploads\/2020\/04\/pagelesvaleurs-800x532.jpg 800w, https:\/\/www.ylume-creation.com\/wp-content\/uploads\/2020\/04\/pagelesvaleurs-272x182.jpg 272w, https:\/\/www.ylume-creation.com\/wp-content\/uploads\/2020\/04\/pagelesvaleurs.jpg 1087w\" sizes=\"(max-width: 300px) 100vw, 300px\" title=\"Bracelet Lucas\" \/><\/div><\/div><\/div><div id=\"pgc-33550-0-1\"  class=\"panel-grid-cell\" ><div class=\"ylContentPageRow panel-cell-style panel-cell-style-for-33550-0-1\" ><div id=\"panel-33550-0-1-0\" class=\"so-panel widget widget_text panel-first-child panel-last-child\" data-index=\"1\" ><h3 class=\"widget-title\">L\u2019\u00e9motion jusque dans l\u2019emballage &#8230;<\/h3>\t\t\t<div class=\"textwidget\"><p>Le jonc sera emball\u00e9 avec un beau pochon en coton blanc et dor\u00e9 et dans chaque commande vous trouverez un petit polaroid d&rsquo;une photo d&rsquo;inspiration. Vous pourrez les collectionner et pourquoi pas orner votre frigo avec &#8230;<\/p>\n<\/div>\n\t\t<\/div><\/div><\/div><\/div><div id=\"pg-33550-1\"  class=\"panel-grid panel-has-style\" ><div class=\"ylContentPageRow panel-row-style panel-row-style-for-33550-1\" ><div id=\"pgc-33550-1-0\"  class=\"panel-grid-cell\" ><div id=\"panel-33550-1-0-0\" class=\"so-panel widget widget_text panel-first-child panel-last-child\" data-index=\"2\" ><h3 class=\"widget-title\">L\u2019atelier \u00e0 Aix en Provence<\/h3>\t\t\t<div class=\"textwidget\"><p>L\u2019atelier se trouve \u00e0 Aix en Provence,\u00a0petite ville ensoleill\u00e9e aux inspirations du Sud.<\/p>\n<p>Chaque bijou est mont\u00e9 dans l\u2019atelier, manuellement, avec soin et passion.<\/p>\n<p>Vous habitez dans le coin ?<\/p>\n<p>Prenez rdv \u00e0 <a href=\"mailto:contact@ylume-creation.com\">contact@ylume-creation.com <\/a>pour d\u00e9couvrir l\u2019atelier, demander une cr\u00e9ation sur mesure,\u00a0ou juste pour passer un moment ensemble.<\/p>\n<\/div>\n\t\t<\/div><\/div><div id=\"pgc-33550-1-1\"  class=\"panel-grid-cell\" ><div id=\"panel-33550-1-1-0\" class=\"so-panel widget widget_media_image panel-first-child panel-last-child\" data-index=\"3\" ><img decoding=\"async\" width=\"300\" height=\"200\" src=\"https:\/\/www.ylume-creation.com\/wp-content\/uploads\/2020\/04\/aix-300x200.jpg\" class=\"image wp-image-3521  attachment-medium size-medium\" alt=\"Bracelet Lucas\" style=\"max-width: 100%; height: auto;\" srcset=\"https:\/\/www.ylume-creation.com\/wp-content\/uploads\/2020\/04\/aix-300x200.jpg 300w, https:\/\/www.ylume-creation.com\/wp-content\/uploads\/2020\/04\/aix-768x512.jpg 768w, https:\/\/www.ylume-creation.com\/wp-content\/uploads\/2020\/04\/aix-1024x683.jpg 1024w, https:\/\/www.ylume-creation.com\/wp-content\/uploads\/2020\/04\/aix-1080x720.jpg 1080w, https:\/\/www.ylume-creation.com\/wp-content\/uploads\/2020\/04\/aix-480x320.jpg 480w, https:\/\/www.ylume-creation.com\/wp-content\/uploads\/2020\/04\/aix-800x533.jpg 800w, https:\/\/www.ylume-creation.com\/wp-content\/uploads\/2020\/04\/aix-272x182.jpg 272w, https:\/\/www.ylume-creation.com\/wp-content\/uploads\/2020\/04\/aix.jpg 1200w\" sizes=\"(max-width: 300px) 100vw, 300px\" title=\"Bracelet Lucas\" \/><\/div><\/div><\/div><\/div><div id=\"pg-33550-2\"  class=\"panel-grid panel-no-style\" ><div id=\"pgc-33550-2-0\"  class=\"panel-grid-cell\" ><div class=\"ylContentPageRow panel-cell-style panel-cell-style-for-33550-2-0\" ><div id=\"panel-33550-2-0-0\" class=\"so-panel widget widget_media_image panel-first-child panel-last-child\" data-index=\"4\" ><img decoding=\"async\" width=\"300\" height=\"200\" src=\"https:\/\/www.ylume-creation.com\/wp-content\/uploads\/2020\/04\/pagedescription-300x200.jpg\" class=\"image wp-image-3522  attachment-medium size-medium\" alt=\"Bracelet Lucas\" style=\"max-width: 100%; height: auto;\" srcset=\"https:\/\/www.ylume-creation.com\/wp-content\/uploads\/2020\/04\/pagedescription-300x200.jpg 300w, https:\/\/www.ylume-creation.com\/wp-content\/uploads\/2020\/04\/pagedescription-768x512.jpg 768w, https:\/\/www.ylume-creation.com\/wp-content\/uploads\/2020\/04\/pagedescription-1024x683.jpg 1024w, https:\/\/www.ylume-creation.com\/wp-content\/uploads\/2020\/04\/pagedescription-1080x720.jpg 1080w, https:\/\/www.ylume-creation.com\/wp-content\/uploads\/2020\/04\/pagedescription-480x320.jpg 480w, https:\/\/www.ylume-creation.com\/wp-content\/uploads\/2020\/04\/pagedescription-800x533.jpg 800w, https:\/\/www.ylume-creation.com\/wp-content\/uploads\/2020\/04\/pagedescription-272x182.jpg 272w, https:\/\/www.ylume-creation.com\/wp-content\/uploads\/2020\/04\/pagedescription.jpg 1200w\" sizes=\"(max-width: 300px) 100vw, 300px\" title=\"Bracelet Lucas\" \/><\/div><\/div><\/div><div id=\"pgc-33550-2-1\"  class=\"panel-grid-cell\" ><div class=\"ylContentPageRow panel-cell-style panel-cell-style-for-33550-2-1\" ><div id=\"panel-33550-2-1-0\" class=\"so-panel widget widget_text panel-first-child panel-last-child\" data-index=\"5\" ><h3 class=\"widget-title\">Rien ne se perd &#8230; Tout se transforme !<\/h3>\t\t\t<div class=\"textwidget\"><p>Le cuir utilis\u00e9 est issu de chutes de maroquineries locales.\u00a0R\u00e9guli\u00e8rement, nous nous d\u00e9pla\u00e7ons dans les environs pour r\u00e9cup\u00e9rer les chutes\u00a0de d\u00e9coupes de cuir.<br \/>\nCe cuir est trait\u00e9, d\u00e9coup\u00e9 avec soin gr\u00e2ce \u00e0 des outils\u00a0fabriqu\u00e9s en France.<\/p>\n<p>Il est ensuite mont\u00e9 en bijoux selon l\u2019inspiration du moment\u00a0et combin\u00e9 avec les chaines dor\u00e9es \u00e0 l\u2019or.<\/p>\n<p>Tout se transforme aussi pour le papier \u2026\u00a0Apr\u00e8s d\u00e9coupe du papier pour les emballages, les chutes\u00a0sont r\u00e9cup\u00e9r\u00e9es et confi\u00e9es \u00e0 des maitresses d\u2019\u00e9coles\u00a0de la r\u00e9gion pour faire du d\u00e9coupage avec les enfants.<\/p>\n<\/div>\n\t\t<\/div><\/div><\/div><\/div><\/div>","protected":false},"excerpt":{"rendered":"<p>D\u00e9couvrez le jonc martel\u00e9 et dor\u00e9 avec un or mate, avec des pierres fines pyrites facett\u00e9es et argent\u00e9es. On adore le mix argent \/ or chez YLUME.<\/p>\n<p>Pour que votre bracelet reste lumineux longtemps, YLUME a choisi d&rsquo;augmenter la couche d&rsquo;or sur les chaines, les bracelets et les bagues &#8211; Votre jonc r\u00e9sistera \u00e0 la vie quotidienne \ud83d\ude09<\/p>\n<p>&nbsp;<\/p>\n","protected":false},"featured_media":33637,"template":"","meta":{"_acf_changed":false,"footnotes":""},"product_brand":[],"product_cat":[147,140,148,149,146,130,132,143,139,51,45],"product_tag":[91],"class_list":{"0":"post-33550","1":"product","2":"type-product","3":"status-publish","4":"has-post-thumbnail","6":"product_cat-bijoux-fete-des-meres","7":"product_cat-bijoux-haute-fantaisie","8":"product_cat-bijoux-mariage","9":"product_cat-bijoux-noel","10":"product_cat-bijoux-saint-valentin","11":"product_cat-bracelet-chaine","12":"product_cat-bracelet-fin-femme","13":"product_cat-bracelet-haute-fantaisie","14":"product_cat-bracelet-plaque-or","15":"product_cat-bracelets","16":"product_cat-bijoux","17":"product_tag-bracelets-bagues","18":"cel-50","20":"first","21":"instock","22":"taxable","23":"shipping-taxable","24":"purchasable","25":"product-type-simple"},"acf":[],"yoast_head":"<!-- This site is optimized with the Yoast SEO plugin v27.4 - https:\/\/yoast.com\/product\/yoast-seo-wordpress\/ -->\n<title>Bracelet Lucas - bijoux createur - Aix en Provence - Plaqu\u00e9 or<\/title>\n<meta name=\"description\" content=\"Bracelet \u00e0 la maille ronde originale et inspir\u00e9e des ann\u00e9es 30. Jolie pi\u00e8ce \u00e0 porter en soir\u00e9e ou au quotidien. Dor\u00e9 de couleur champagne et mat.\" \/>\n<meta name=\"robots\" content=\"index, follow, max-snippet:-1, max-image-preview:large, max-video-preview:-1\" \/>\n<link rel=\"canonical\" href=\"https:\/\/www.ylume-creation.com\/fr\/produit\/bracelet-lucas\/\" \/>\n<meta property=\"og:locale\" content=\"fr_FR\" \/>\n<meta property=\"og:type\" content=\"article\" \/>\n<meta property=\"og:title\" content=\"Bracelet Lucas - bijoux createur - Aix en Provence - Plaqu\u00e9 or\" \/>\n<meta property=\"og:description\" content=\"Bracelet \u00e0 la maille ronde originale et inspir\u00e9e des ann\u00e9es 30. Jolie pi\u00e8ce \u00e0 porter en soir\u00e9e ou au quotidien. Dor\u00e9 de couleur champagne et mat.\" \/>\n<meta property=\"og:url\" content=\"https:\/\/www.ylume-creation.com\/fr\/produit\/bracelet-lucas\/\" \/>\n<meta property=\"og:site_name\" content=\"Ylume\" \/>\n<meta property=\"article:modified_time\" content=\"2026-04-15T20:13:15+00:00\" \/>\n<meta property=\"og:image\" content=\"https:\/\/www.ylume-creation.com\/wp-content\/uploads\/2025\/10\/RESIZE-YLUME-PARIS-CRAV0755-DIGITAL.jpg\" \/>\n\t<meta property=\"og:image:width\" content=\"900\" \/>\n\t<meta property=\"og:image:height\" content=\"1350\" \/>\n\t<meta property=\"og:image:type\" content=\"image\/jpeg\" \/>\n<meta name=\"twitter:card\" content=\"summary_large_image\" \/>\n<meta name=\"twitter:label1\" content=\"Dur\u00e9e de lecture estim\u00e9e\" \/>\n\t<meta name=\"twitter:data1\" content=\"2 minutes\" \/>\n<script type=\"application\/ld+json\" class=\"yoast-schema-graph\">{\"@context\":\"https:\\\/\\\/schema.org\",\"@graph\":[{\"@type\":\"WebPage\",\"@id\":\"https:\\\/\\\/www.ylume-creation.com\\\/fr\\\/produit\\\/bracelet-lucas\\\/\",\"url\":\"https:\\\/\\\/www.ylume-creation.com\\\/fr\\\/produit\\\/bracelet-lucas\\\/\",\"name\":\"Bracelet Lucas - bijoux createur - Aix en Provence - Plaqu\u00e9 or\",\"isPartOf\":{\"@id\":\"https:\\\/\\\/www.ylume-creation.com\\\/fr\\\/#website\"},\"primaryImageOfPage\":{\"@id\":\"https:\\\/\\\/www.ylume-creation.com\\\/fr\\\/produit\\\/bracelet-lucas\\\/#primaryimage\"},\"image\":{\"@id\":\"https:\\\/\\\/www.ylume-creation.com\\\/fr\\\/produit\\\/bracelet-lucas\\\/#primaryimage\"},\"thumbnailUrl\":\"https:\\\/\\\/www.ylume-creation.com\\\/wp-content\\\/uploads\\\/2025\\\/10\\\/RESIZE-YLUME-PARIS-CRAV0755-DIGITAL.jpg\",\"datePublished\":\"2025-10-09T13:39:40+00:00\",\"dateModified\":\"2026-04-15T20:13:15+00:00\",\"description\":\"Bracelet \u00e0 la maille ronde originale et inspir\u00e9e des ann\u00e9es 30. Jolie pi\u00e8ce \u00e0 porter en soir\u00e9e ou au quotidien. Dor\u00e9 de couleur champagne et mat.\",\"breadcrumb\":{\"@id\":\"https:\\\/\\\/www.ylume-creation.com\\\/fr\\\/produit\\\/bracelet-lucas\\\/#breadcrumb\"},\"inLanguage\":\"fr-FR\",\"potentialAction\":[{\"@type\":\"ReadAction\",\"target\":[\"https:\\\/\\\/www.ylume-creation.com\\\/fr\\\/produit\\\/bracelet-lucas\\\/\"]}]},{\"@type\":\"ImageObject\",\"inLanguage\":\"fr-FR\",\"@id\":\"https:\\\/\\\/www.ylume-creation.com\\\/fr\\\/produit\\\/bracelet-lucas\\\/#primaryimage\",\"url\":\"https:\\\/\\\/www.ylume-creation.com\\\/wp-content\\\/uploads\\\/2025\\\/10\\\/RESIZE-YLUME-PARIS-CRAV0755-DIGITAL.jpg\",\"contentUrl\":\"https:\\\/\\\/www.ylume-creation.com\\\/wp-content\\\/uploads\\\/2025\\\/10\\\/RESIZE-YLUME-PARIS-CRAV0755-DIGITAL.jpg\",\"width\":900,\"height\":1350,\"caption\":\"Bracelet Lucas\"},{\"@type\":\"BreadcrumbList\",\"@id\":\"https:\\\/\\\/www.ylume-creation.com\\\/fr\\\/produit\\\/bracelet-lucas\\\/#breadcrumb\",\"itemListElement\":[{\"@type\":\"ListItem\",\"position\":1,\"name\":\"Accueil\",\"item\":\"https:\\\/\\\/www.ylume-creation.com\\\/fr\\\/\"},{\"@type\":\"ListItem\",\"position\":2,\"name\":\"Produits\",\"item\":\"https:\\\/\\\/www.ylume-creation.com\\\/fr\\\/shop\\\/\"},{\"@type\":\"ListItem\",\"position\":3,\"name\":\"Bracelet Lucas\"}]},{\"@type\":\"WebSite\",\"@id\":\"https:\\\/\\\/www.ylume-creation.com\\\/fr\\\/#website\",\"url\":\"https:\\\/\\\/www.ylume-creation.com\\\/fr\\\/\",\"name\":\"Ylume\",\"description\":\"Illumine les femmes, \u00e9veille les sens\",\"potentialAction\":[{\"@type\":\"SearchAction\",\"target\":{\"@type\":\"EntryPoint\",\"urlTemplate\":\"https:\\\/\\\/www.ylume-creation.com\\\/fr\\\/?s={search_term_string}\"},\"query-input\":{\"@type\":\"PropertyValueSpecification\",\"valueRequired\":true,\"valueName\":\"search_term_string\"}}],\"inLanguage\":\"fr-FR\"}]}<\/script>\n<!-- \/ Yoast SEO plugin. -->","yoast_head_json":{"title":"Bracelet Lucas - bijoux createur - Aix en Provence - Plaqu\u00e9 or","description":"Bracelet \u00e0 la maille ronde originale et inspir\u00e9e des ann\u00e9es 30. Jolie pi\u00e8ce \u00e0 porter en soir\u00e9e ou au quotidien. Dor\u00e9 de couleur champagne et mat.","robots":{"index":"index","follow":"follow","max-snippet":"max-snippet:-1","max-image-preview":"max-image-preview:large","max-video-preview":"max-video-preview:-1"},"canonical":"https:\/\/www.ylume-creation.com\/fr\/produit\/bracelet-lucas\/","og_locale":"fr_FR","og_type":"article","og_title":"Bracelet Lucas - bijoux createur - Aix en Provence - Plaqu\u00e9 or","og_description":"Bracelet \u00e0 la maille ronde originale et inspir\u00e9e des ann\u00e9es 30. Jolie pi\u00e8ce \u00e0 porter en soir\u00e9e ou au quotidien. Dor\u00e9 de couleur champagne et mat.","og_url":"https:\/\/www.ylume-creation.com\/fr\/produit\/bracelet-lucas\/","og_site_name":"Ylume","article_modified_time":"2026-04-15T20:13:15+00:00","og_image":[{"width":900,"height":1350,"url":"https:\/\/www.ylume-creation.com\/wp-content\/uploads\/2025\/10\/RESIZE-YLUME-PARIS-CRAV0755-DIGITAL.jpg","type":"image\/jpeg"}],"twitter_card":"summary_large_image","twitter_misc":{"Dur\u00e9e de lecture estim\u00e9e":"2 minutes"},"schema":{"@context":"https:\/\/schema.org","@graph":[{"@type":"WebPage","@id":"https:\/\/www.ylume-creation.com\/fr\/produit\/bracelet-lucas\/","url":"https:\/\/www.ylume-creation.com\/fr\/produit\/bracelet-lucas\/","name":"Bracelet Lucas - bijoux createur - Aix en Provence - Plaqu\u00e9 or","isPartOf":{"@id":"https:\/\/www.ylume-creation.com\/fr\/#website"},"primaryImageOfPage":{"@id":"https:\/\/www.ylume-creation.com\/fr\/produit\/bracelet-lucas\/#primaryimage"},"image":{"@id":"https:\/\/www.ylume-creation.com\/fr\/produit\/bracelet-lucas\/#primaryimage"},"thumbnailUrl":"https:\/\/www.ylume-creation.com\/wp-content\/uploads\/2025\/10\/RESIZE-YLUME-PARIS-CRAV0755-DIGITAL.jpg","datePublished":"2025-10-09T13:39:40+00:00","dateModified":"2026-04-15T20:13:15+00:00","description":"Bracelet \u00e0 la maille ronde originale et inspir\u00e9e des ann\u00e9es 30. Jolie pi\u00e8ce \u00e0 porter en soir\u00e9e ou au quotidien. Dor\u00e9 de couleur champagne et mat.","breadcrumb":{"@id":"https:\/\/www.ylume-creation.com\/fr\/produit\/bracelet-lucas\/#breadcrumb"},"inLanguage":"fr-FR","potentialAction":[{"@type":"ReadAction","target":["https:\/\/www.ylume-creation.com\/fr\/produit\/bracelet-lucas\/"]}]},{"@type":"ImageObject","inLanguage":"fr-FR","@id":"https:\/\/www.ylume-creation.com\/fr\/produit\/bracelet-lucas\/#primaryimage","url":"https:\/\/www.ylume-creation.com\/wp-content\/uploads\/2025\/10\/RESIZE-YLUME-PARIS-CRAV0755-DIGITAL.jpg","contentUrl":"https:\/\/www.ylume-creation.com\/wp-content\/uploads\/2025\/10\/RESIZE-YLUME-PARIS-CRAV0755-DIGITAL.jpg","width":900,"height":1350,"caption":"Bracelet Lucas"},{"@type":"BreadcrumbList","@id":"https:\/\/www.ylume-creation.com\/fr\/produit\/bracelet-lucas\/#breadcrumb","itemListElement":[{"@type":"ListItem","position":1,"name":"Accueil","item":"https:\/\/www.ylume-creation.com\/fr\/"},{"@type":"ListItem","position":2,"name":"Produits","item":"https:\/\/www.ylume-creation.com\/fr\/shop\/"},{"@type":"ListItem","position":3,"name":"Bracelet Lucas"}]},{"@type":"WebSite","@id":"https:\/\/www.ylume-creation.com\/fr\/#website","url":"https:\/\/www.ylume-creation.com\/fr\/","name":"Ylume","description":"Illumine les femmes, \u00e9veille les sens","potentialAction":[{"@type":"SearchAction","target":{"@type":"EntryPoint","urlTemplate":"https:\/\/www.ylume-creation.com\/fr\/?s={search_term_string}"},"query-input":{"@type":"PropertyValueSpecification","valueRequired":true,"valueName":"search_term_string"}}],"inLanguage":"fr-FR"}]}},"_links":{"self":[{"href":"https:\/\/www.ylume-creation.com\/fr\/wp-json\/wp\/v2\/product\/33550","targetHints":{"allow":["GET"]}}],"collection":[{"href":"https:\/\/www.ylume-creation.com\/fr\/wp-json\/wp\/v2\/product"}],"about":[{"href":"https:\/\/www.ylume-creation.com\/fr\/wp-json\/wp\/v2\/types\/product"}],"version-history":[{"count":6,"href":"https:\/\/www.ylume-creation.com\/fr\/wp-json\/wp\/v2\/product\/33550\/revisions"}],"predecessor-version":[{"id":33664,"href":"https:\/\/www.ylume-creation.com\/fr\/wp-json\/wp\/v2\/product\/33550\/revisions\/33664"}],"wp:featuredmedia":[{"embeddable":true,"href":"https:\/\/www.ylume-creation.com\/fr\/wp-json\/wp\/v2\/media\/33637"}],"wp:attachment":[{"href":"https:\/\/www.ylume-creation.com\/fr\/wp-json\/wp\/v2\/media?parent=33550"}],"wp:term":[{"taxonomy":"product_brand","embeddable":true,"href":"https:\/\/www.ylume-creation.com\/fr\/wp-json\/wp\/v2\/product_brand?post=33550"},{"taxonomy":"product_cat","embeddable":true,"href":"https:\/\/www.ylume-creation.com\/fr\/wp-json\/wp\/v2\/product_cat?post=33550"},{"taxonomy":"product_tag","embeddable":true,"href":"https:\/\/www.ylume-creation.com\/fr\/wp-json\/wp\/v2\/product_tag?post=33550"}],"curies":[{"name":"wp","href":"https:\/\/api.w.org\/{rel}","templated":true}]}}