{"id":3248,"date":"2020-05-06T16:28:16","date_gmt":"2020-05-06T14:28:16","guid":{"rendered":"https:\/\/www.ylume-creation.com\/?post_type=product&#038;p=3248"},"modified":"2021-11-20T14:08:54","modified_gmt":"2021-11-20T13:08:54","slug":"echantillons-de-parfum","status":"publish","type":"product","link":"https:\/\/www.ylume-creation.com\/fr\/produit\/echantillons-de-parfum\/","title":{"rendered":"Kit \u00ab\u00a0A la d\u00e9couverte des senteurs Corse\u00a0\u00bb"},"content":{"rendered":"<div id=\"pl-3248\"  class=\"panel-layout\" ><div id=\"pg-3248-0\"  class=\"panel-grid panel-no-style\" ><div id=\"pgc-3248-0-0\"  class=\"panel-grid-cell\" ><div id=\"panel-3248-0-0-0\" class=\"so-panel widget widget_sow-editor panel-first-child panel-last-child\" data-index=\"0\" ><div\n\t\t\t\n\t\t\tclass=\"so-widget-sow-editor so-widget-sow-editor-base\"\n\t\t\t\n\t\t>\n<div class=\"siteorigin-widget-tinymce textwidget\">\n\t<p>D\u00e9couvrez le kit des senteurs de Corse. Il contient 3 \u00e9chantillons de parfum, MERIA, LUMIO et GIULIA.<\/p>\n<p>Fabriqu\u00e9s en France, \u00e0 Grasse.<\/p>\n<p>\u00a0<\/p>\n<p>\u00a0<\/p>\n<\/div>\n<\/div><\/div><\/div><\/div><div id=\"pg-3248-1\"  class=\"panel-grid panel-no-style\" ><div id=\"pgc-3248-1-0\"  class=\"panel-grid-cell\" ><div class=\"ylContentPageRow panel-cell-style panel-cell-style-for-3248-1-0\" ><div id=\"panel-3248-1-0-0\" class=\"so-panel widget widget_media_image panel-first-child panel-last-child\" data-index=\"1\" ><img decoding=\"async\" width=\"300\" height=\"225\" src=\"https:\/\/www.ylume-creation.com\/wp-content\/uploads\/2019\/03\/resizeoptimal3-300x225.jpg\" class=\"image wp-image-2106  attachment-medium size-medium\" alt=\"Kit \u00ab\u00a0A la d\u00e9couverte des senteurs Corse\u00a0\u00bb\" style=\"max-width: 100%; height: auto;\" srcset=\"https:\/\/www.ylume-creation.com\/wp-content\/uploads\/2019\/03\/resizeoptimal3-300x225.jpg 300w, https:\/\/www.ylume-creation.com\/wp-content\/uploads\/2019\/03\/resizeoptimal3-480x360.jpg 480w, https:\/\/www.ylume-creation.com\/wp-content\/uploads\/2019\/03\/resizeoptimal3.jpg 700w\" sizes=\"(max-width: 300px) 100vw, 300px\" title=\"Kit \u00ab\u00a0A la d\u00e9couverte des senteurs Corse\u00a0\u00bb\" \/><\/div><\/div><\/div><div id=\"pgc-3248-1-1\"  class=\"panel-grid-cell\" ><div class=\"ylContentPageRow panel-cell-style panel-cell-style-for-3248-1-1\" ><div id=\"panel-3248-1-1-0\" class=\"so-panel widget widget_text panel-first-child panel-last-child\" data-index=\"2\" ><h3 class=\"widget-title\">Un emballage r\u00e9utilisable<\/h3>\t\t\t<div class=\"textwidget\"><p>Plut\u00f4t qu&rsquo;un \u00e9tui carton, YLUME recherche des solutions qui ne sont pas un poids suppl\u00e9mentaire pour l&rsquo;environnement. Le parfum est propos\u00e9 dans un joli pochon blanc et dor\u00e9 en coton r\u00e9utilisable \u00e0 l&rsquo;infini<span style=\"color: #000000; font-family: Calibri, Helvetica, sans-serif;\">. <\/span>Il est travaill\u00e9 avec un partenaire en France. Profitez en pour l&rsquo;utiliser pour transporter votre parfum en vacances ou pour y ranger vos bijoux.<\/p>\n<p>Le kit d\u00e9couverte est \u00e9galement propos\u00e9 avec un joli emballage coton r\u00e9utilisable.<\/p>\n<p><\/p>\n<\/div>\n\t\t<\/div><\/div><\/div><\/div><div id=\"pg-3248-2\"  class=\"panel-grid panel-has-style\" ><div class=\"ylContentPageRow panel-row-style panel-row-style-for-3248-2\" ><div id=\"pgc-3248-2-0\"  class=\"panel-grid-cell\" ><div id=\"panel-3248-2-0-0\" class=\"so-panel widget widget_text panel-first-child panel-last-child\" data-index=\"3\" ><h3 class=\"widget-title\">Les ingr\u00e9dients<\/h3>\t\t\t<div class=\"textwidget\"><p>La fleur d&rsquo;oranger a \u00e9t\u00e9 travaill\u00e9e pendant plusieurs mois pour lui donner une facette d\u00e9licatement \u00e9pic\u00e9e avec la pr\u00e9sence de baies roses, de patchouli. L&rsquo;harmonie est sensuelle, envoutante, \u00e9voquant une lumi\u00e8re satin\u00e9e lors d&rsquo;une soir\u00e9e d&rsquo;\u00e9t\u00e9.<\/p>\n<p>Les listes d&rsquo; ingr\u00e9dients entrant dans la composition des produits sont r\u00e9guli\u00e8rement mises \u00e0 jour. Avant d&rsquo;utiliser un produit, veuillez lire la liste d&rsquo;ingr\u00e9dients situ\u00e9e sur les emballages afin de vous assurer que les ingr\u00e9dients sont adapt\u00e9s \u00e0 votre utilisation personnelle.<\/p>\n<p>Les ingr\u00e9dients :<\/p>\n<p>Les listes d&rsquo; ingr\u00e9dients entrant dans la composition des produits sont r\u00e9guli\u00e8rement mises \u00e0 jour. Avant d&rsquo;utiliser un produit, veuillez lire la liste d&rsquo;ingr\u00e9dients situ\u00e9e sur les emballages afin de vous assurer que les ingr\u00e9dients sont adapt\u00e9s \u00e0 votre utilisation personnelle.<\/p>\n<p>Ingr\u00e9dients MERIA : Alcohol denat., Parfum, benzyl salicylate, aqua (water), benzyl benzoate, limonene, linalool, citronellol, benzyl alcohol, coumarin, geraniol<\/p>\n<p>Ingr\u00e9dients LUMIO : Alcohol denat., Parfum, limonene, aqua (water), linalool, citral, hexyl cinnamal, geraniol, citronellol, coumarin, farnesol<\/p>\n<p>Ingr\u00e9dients GIULIA : Alcohol denat., Parfum, aqua (water), benzyl salicylate, linalool, limonene, geraniol, hydroxycitronellal, citral, benzyl benzoate, farnesol, citronellol<\/p>\n<\/div>\n\t\t<\/div><\/div><div id=\"pgc-3248-2-1\"  class=\"panel-grid-cell\" ><div id=\"panel-3248-2-1-0\" class=\"so-panel widget widget_media_image panel-first-child panel-last-child\" data-index=\"4\" ><img decoding=\"async\" width=\"300\" height=\"225\" src=\"https:\/\/www.ylume-creation.com\/wp-content\/uploads\/2020\/05\/lesingre\u0301dientsGiulia-300x225.jpg\" class=\"image wp-image-3365  attachment-medium size-medium\" alt=\"Kit \u00ab\u00a0A la d\u00e9couverte des senteurs Corse\u00a0\u00bb\" style=\"max-width: 100%; height: auto;\" srcset=\"https:\/\/www.ylume-creation.com\/wp-content\/uploads\/2020\/05\/lesingre\u0301dientsGiulia-300x225.jpg 300w, https:\/\/www.ylume-creation.com\/wp-content\/uploads\/2020\/05\/lesingre\u0301dientsGiulia-768x576.jpg 768w, https:\/\/www.ylume-creation.com\/wp-content\/uploads\/2020\/05\/lesingre\u0301dientsGiulia-480x360.jpg 480w, https:\/\/www.ylume-creation.com\/wp-content\/uploads\/2020\/05\/lesingre\u0301dientsGiulia-800x600.jpg 800w, https:\/\/www.ylume-creation.com\/wp-content\/uploads\/2020\/05\/lesingre\u0301dientsGiulia.jpg 965w\" sizes=\"(max-width: 300px) 100vw, 300px\" title=\"Kit \u00ab\u00a0A la d\u00e9couverte des senteurs Corse\u00a0\u00bb\" \/><\/div><\/div><\/div><\/div><div id=\"pg-3248-3\"  class=\"panel-grid panel-no-style\" ><div id=\"pgc-3248-3-0\"  class=\"panel-grid-cell\" ><div class=\"ylContentPageRow panel-cell-style panel-cell-style-for-3248-3-0\" ><div id=\"panel-3248-3-0-0\" class=\"so-panel widget widget_media_image panel-first-child panel-last-child\" data-index=\"5\" ><img decoding=\"async\" class=\"image \" src=\"https:\/\/res.cloudinary.com\/dshwep276\/image\/upload\/c_fill,f_auto,w_400\/v1588607532\/produits%20parfums\/fullsizeoutput_2941_st3mon.jpg\" alt=\"Parfum artisanal grassse\" width=\"400\" height=\"267\" \/><\/div><\/div><\/div><div id=\"pgc-3248-3-1\"  class=\"panel-grid-cell\" ><div class=\"ylContentPageRow panel-cell-style panel-cell-style-for-3248-3-1\" ><div id=\"panel-3248-3-1-0\" class=\"so-panel widget widget_text panel-first-child panel-last-child\" data-index=\"6\" ><h3 class=\"widget-title\">Le Sud de la France au coeur<\/h3>\t\t\t<div class=\"textwidget\"><div>Les fragrances sont travaill\u00e9es pendant plusieurs mois avec un nez \u00e0 Grasse, ville connue pour la haute parfumerie.<\/div>\n<div>Des ingr\u00e9dients du Sud sont favoris\u00e9s (les agrumes notamment) et nous choisissons nos partenaires pour leur professionnalisme et \u00e9galement, d\u00e8s que nous le pouvons nous choisissons des partenaires en Provence.<\/div>\n<div>Le parfum est fabriqu\u00e9 \u00e0 Grasse, la pampille dor\u00e9e qui compose le cordon est fabriqu\u00e9e en Provence, et le cordon bracelet en Auvergne.<\/div>\n<\/div>\n\t\t<\/div><\/div><\/div><\/div><div id=\"pg-3248-4\"  class=\"panel-grid panel-has-style\" ><div class=\"ylContentPageRow panel-row-style panel-row-style-for-3248-4\" ><div id=\"pgc-3248-4-0\"  class=\"panel-grid-cell\" ><div id=\"panel-3248-4-0-0\" class=\"so-panel widget widget_text panel-first-child panel-last-child\" data-index=\"7\" ><h3 class=\"widget-title\">Un parfum &#8230; bijou<\/h3>\t\t\t<div class=\"textwidget\"><div>Parce que la marque YLUME est aussi une marque de bijoux, chaque parfum fait \u00e9cho aux cr\u00e9ations de bijoux et est propos\u00e9 avec un cordon bracelet color\u00e9 et orn\u00e9 de la pampille Ylume dor\u00e9e \u00e0 l&rsquo;or fin 24 carats.<\/p>\n<div>Bleu Turquoise pour MERIA, Dor\u00e9 orange pour LUMIO, Rose grenat pour GIULIA<\/div>\n<div>Portez ce petit cordon \u00e0 votre bras pour vous sentir belle et sentir bon !<\/div>\n<\/div>\n<\/div>\n\t\t<\/div><\/div><div id=\"pgc-3248-4-1\"  class=\"panel-grid-cell\" ><div id=\"panel-3248-4-1-0\" class=\"so-panel widget widget_media_image panel-first-child panel-last-child\" data-index=\"8\" ><img decoding=\"async\" width=\"300\" height=\"225\" src=\"https:\/\/www.ylume-creation.com\/wp-content\/uploads\/2019\/03\/parfumbijou-300x225.jpg\" class=\"image wp-image-3356  attachment-medium size-medium\" alt=\"Kit \u00ab\u00a0A la d\u00e9couverte des senteurs Corse\u00a0\u00bb\" style=\"max-width: 100%; height: auto;\" srcset=\"https:\/\/www.ylume-creation.com\/wp-content\/uploads\/2019\/03\/parfumbijou-300x225.jpg 300w, https:\/\/www.ylume-creation.com\/wp-content\/uploads\/2019\/03\/parfumbijou-768x576.jpg 768w, https:\/\/www.ylume-creation.com\/wp-content\/uploads\/2019\/03\/parfumbijou-480x360.jpg 480w, https:\/\/www.ylume-creation.com\/wp-content\/uploads\/2019\/03\/parfumbijou-800x600.jpg 800w, https:\/\/www.ylume-creation.com\/wp-content\/uploads\/2019\/03\/parfumbijou.jpg 966w\" sizes=\"(max-width: 300px) 100vw, 300px\" title=\"Kit \u00ab\u00a0A la d\u00e9couverte des senteurs Corse\u00a0\u00bb\" \/><\/div><\/div><\/div><\/div><\/div>","protected":false},"excerpt":{"rendered":"<p>D\u00e9couvrez les senteurs de Corse, des fragrances de caract\u00e8re, inspir\u00e9es de la lumi\u00e8re en Corse, et de moments magiques et lumineux.<\/p>\n<p>Ylume vous propose une belle exp\u00e9rience de test et de senteurs des trois fragrances de la marque :<\/p>\n<p><span style=\"color: #333399;\"><span style=\"color: #33cccc;\">MERIA, fragrance bleu min\u00e9rale<\/span>,<\/span> qui vous transporte dans une crique secr\u00e8te du Cap Corse.<\/p>\n<p><span style=\"color: #ffcc00;\">LUMIO, fragrance dor\u00e9e p\u00e9tillante<\/span>, \u00e9clatante d&rsquo;agrumes de m\u00e9diterran\u00e9e<\/p>\n<p><span style=\"color: #993366;\">GIULIA, fragrance rose sensuelle,<\/span> douce et d\u00e9licate de fleurs d&rsquo;oranger \u00e9pic\u00e9es.<\/p>\n<p>Les \u00e9chantillons sont envoy\u00e9s dans une pochette aux multiples couleurs et avec une carte explicative qui vous fera r\u00eaver !<\/p>\n<p>Echantillons de parfum 2ml<\/p>\n","protected":false},"featured_media":26284,"template":"","meta":{"_acf_changed":false,"footnotes":""},"product_brand":[],"product_cat":[54,46],"product_tag":[],"class_list":{"0":"post-3248","1":"product","2":"type-product","3":"status-publish","4":"has-post-thumbnail","6":"product_cat-eaudeparfum","7":"product_cat-parfums-ylume","8":"product_shipping_class-free-shipping","10":"first","11":"instock","12":"featured","13":"taxable","14":"shipping-taxable","15":"purchasable","16":"product-type-simple"},"acf":[],"yoast_head":"<!-- This site is optimized with the Yoast SEO plugin v27.4 - https:\/\/yoast.com\/product\/yoast-seo-wordpress\/ -->\n<title>Parfum - \u00e9chantillons - Ylume - Fabriqu\u00e9s \u00e0 Grasse - Senteur Corse<\/title>\n<meta name=\"description\" content=\"D\u00e9couvrez les senteur de Corse \u00e0 travers trois \u00e9chantillons de parfums MERIA LUMIO et GIULIA. Ce kit sera rembours\u00e9 int\u00e9gralement pour tout achat d&#039;un parfum\" \/>\n<meta name=\"robots\" content=\"index, follow, max-snippet:-1, max-image-preview:large, max-video-preview:-1\" \/>\n<link rel=\"canonical\" href=\"https:\/\/www.ylume-creation.com\/fr\/produit\/echantillons-de-parfum\/\" \/>\n<meta property=\"og:locale\" content=\"fr_FR\" \/>\n<meta property=\"og:type\" content=\"article\" \/>\n<meta property=\"og:title\" content=\"Parfum - \u00e9chantillons - Ylume - Fabriqu\u00e9s \u00e0 Grasse - Senteur Corse\" \/>\n<meta property=\"og:description\" content=\"D\u00e9couvrez les senteur de Corse \u00e0 travers trois \u00e9chantillons de parfums MERIA LUMIO et GIULIA. Ce kit sera rembours\u00e9 int\u00e9gralement pour tout achat d&#039;un parfum\" \/>\n<meta property=\"og:url\" content=\"https:\/\/www.ylume-creation.com\/fr\/produit\/echantillons-de-parfum\/\" \/>\n<meta property=\"og:site_name\" content=\"Ylume\" \/>\n<meta property=\"article:modified_time\" content=\"2021-11-20T13:08:54+00:00\" \/>\n<meta property=\"og:image\" content=\"https:\/\/www.ylume-creation.com\/wp-content\/uploads\/2020\/05\/PARFUM-KIT-2.jpg\" \/>\n\t<meta property=\"og:image:width\" content=\"1200\" \/>\n\t<meta property=\"og:image:height\" content=\"900\" \/>\n\t<meta property=\"og:image:type\" content=\"image\/jpeg\" \/>\n<meta name=\"twitter:card\" content=\"summary_large_image\" \/>\n<meta name=\"twitter:label1\" content=\"Dur\u00e9e de lecture estim\u00e9e\" \/>\n\t<meta name=\"twitter:data1\" content=\"2 minutes\" \/>\n<script type=\"application\/ld+json\" class=\"yoast-schema-graph\">{\"@context\":\"https:\\\/\\\/schema.org\",\"@graph\":[{\"@type\":\"WebPage\",\"@id\":\"https:\\\/\\\/www.ylume-creation.com\\\/fr\\\/produit\\\/echantillons-de-parfum\\\/\",\"url\":\"https:\\\/\\\/www.ylume-creation.com\\\/fr\\\/produit\\\/echantillons-de-parfum\\\/\",\"name\":\"Parfum - \u00e9chantillons - Ylume - Fabriqu\u00e9s \u00e0 Grasse - Senteur Corse\",\"isPartOf\":{\"@id\":\"https:\\\/\\\/www.ylume-creation.com\\\/fr\\\/#website\"},\"primaryImageOfPage\":{\"@id\":\"https:\\\/\\\/www.ylume-creation.com\\\/fr\\\/produit\\\/echantillons-de-parfum\\\/#primaryimage\"},\"image\":{\"@id\":\"https:\\\/\\\/www.ylume-creation.com\\\/fr\\\/produit\\\/echantillons-de-parfum\\\/#primaryimage\"},\"thumbnailUrl\":\"https:\\\/\\\/www.ylume-creation.com\\\/wp-content\\\/uploads\\\/2020\\\/05\\\/PARFUM-KIT-2.jpg\",\"datePublished\":\"2020-05-06T14:28:16+00:00\",\"dateModified\":\"2021-11-20T13:08:54+00:00\",\"description\":\"D\u00e9couvrez les senteur de Corse \u00e0 travers trois \u00e9chantillons de parfums MERIA LUMIO et GIULIA. Ce kit sera rembours\u00e9 int\u00e9gralement pour tout achat d'un parfum\",\"breadcrumb\":{\"@id\":\"https:\\\/\\\/www.ylume-creation.com\\\/fr\\\/produit\\\/echantillons-de-parfum\\\/#breadcrumb\"},\"inLanguage\":\"fr-FR\",\"potentialAction\":[{\"@type\":\"ReadAction\",\"target\":[\"https:\\\/\\\/www.ylume-creation.com\\\/fr\\\/produit\\\/echantillons-de-parfum\\\/\"]}]},{\"@type\":\"ImageObject\",\"inLanguage\":\"fr-FR\",\"@id\":\"https:\\\/\\\/www.ylume-creation.com\\\/fr\\\/produit\\\/echantillons-de-parfum\\\/#primaryimage\",\"url\":\"https:\\\/\\\/www.ylume-creation.com\\\/wp-content\\\/uploads\\\/2020\\\/05\\\/PARFUM-KIT-2.jpg\",\"contentUrl\":\"https:\\\/\\\/www.ylume-creation.com\\\/wp-content\\\/uploads\\\/2020\\\/05\\\/PARFUM-KIT-2.jpg\",\"width\":1200,\"height\":900},{\"@type\":\"BreadcrumbList\",\"@id\":\"https:\\\/\\\/www.ylume-creation.com\\\/fr\\\/produit\\\/echantillons-de-parfum\\\/#breadcrumb\",\"itemListElement\":[{\"@type\":\"ListItem\",\"position\":1,\"name\":\"Accueil\",\"item\":\"https:\\\/\\\/www.ylume-creation.com\\\/fr\\\/\"},{\"@type\":\"ListItem\",\"position\":2,\"name\":\"Produits\",\"item\":\"https:\\\/\\\/www.ylume-creation.com\\\/fr\\\/shop\\\/\"},{\"@type\":\"ListItem\",\"position\":3,\"name\":\"Kit \u00ab\u00a0A la d\u00e9couverte des senteurs Corse\u00a0\u00bb\"}]},{\"@type\":\"WebSite\",\"@id\":\"https:\\\/\\\/www.ylume-creation.com\\\/fr\\\/#website\",\"url\":\"https:\\\/\\\/www.ylume-creation.com\\\/fr\\\/\",\"name\":\"Ylume\",\"description\":\"Illumine les femmes, \u00e9veille les sens\",\"potentialAction\":[{\"@type\":\"SearchAction\",\"target\":{\"@type\":\"EntryPoint\",\"urlTemplate\":\"https:\\\/\\\/www.ylume-creation.com\\\/fr\\\/?s={search_term_string}\"},\"query-input\":{\"@type\":\"PropertyValueSpecification\",\"valueRequired\":true,\"valueName\":\"search_term_string\"}}],\"inLanguage\":\"fr-FR\"}]}<\/script>\n<!-- \/ Yoast SEO plugin. -->","yoast_head_json":{"title":"Parfum - \u00e9chantillons - Ylume - Fabriqu\u00e9s \u00e0 Grasse - Senteur Corse","description":"D\u00e9couvrez les senteur de Corse \u00e0 travers trois \u00e9chantillons de parfums MERIA LUMIO et GIULIA. Ce kit sera rembours\u00e9 int\u00e9gralement pour tout achat d'un parfum","robots":{"index":"index","follow":"follow","max-snippet":"max-snippet:-1","max-image-preview":"max-image-preview:large","max-video-preview":"max-video-preview:-1"},"canonical":"https:\/\/www.ylume-creation.com\/fr\/produit\/echantillons-de-parfum\/","og_locale":"fr_FR","og_type":"article","og_title":"Parfum - \u00e9chantillons - Ylume - Fabriqu\u00e9s \u00e0 Grasse - Senteur Corse","og_description":"D\u00e9couvrez les senteur de Corse \u00e0 travers trois \u00e9chantillons de parfums MERIA LUMIO et GIULIA. Ce kit sera rembours\u00e9 int\u00e9gralement pour tout achat d'un parfum","og_url":"https:\/\/www.ylume-creation.com\/fr\/produit\/echantillons-de-parfum\/","og_site_name":"Ylume","article_modified_time":"2021-11-20T13:08:54+00:00","og_image":[{"width":1200,"height":900,"url":"https:\/\/www.ylume-creation.com\/wp-content\/uploads\/2020\/05\/PARFUM-KIT-2.jpg","type":"image\/jpeg"}],"twitter_card":"summary_large_image","twitter_misc":{"Dur\u00e9e de lecture estim\u00e9e":"2 minutes"},"schema":{"@context":"https:\/\/schema.org","@graph":[{"@type":"WebPage","@id":"https:\/\/www.ylume-creation.com\/fr\/produit\/echantillons-de-parfum\/","url":"https:\/\/www.ylume-creation.com\/fr\/produit\/echantillons-de-parfum\/","name":"Parfum - \u00e9chantillons - Ylume - Fabriqu\u00e9s \u00e0 Grasse - Senteur Corse","isPartOf":{"@id":"https:\/\/www.ylume-creation.com\/fr\/#website"},"primaryImageOfPage":{"@id":"https:\/\/www.ylume-creation.com\/fr\/produit\/echantillons-de-parfum\/#primaryimage"},"image":{"@id":"https:\/\/www.ylume-creation.com\/fr\/produit\/echantillons-de-parfum\/#primaryimage"},"thumbnailUrl":"https:\/\/www.ylume-creation.com\/wp-content\/uploads\/2020\/05\/PARFUM-KIT-2.jpg","datePublished":"2020-05-06T14:28:16+00:00","dateModified":"2021-11-20T13:08:54+00:00","description":"D\u00e9couvrez les senteur de Corse \u00e0 travers trois \u00e9chantillons de parfums MERIA LUMIO et GIULIA. Ce kit sera rembours\u00e9 int\u00e9gralement pour tout achat d'un parfum","breadcrumb":{"@id":"https:\/\/www.ylume-creation.com\/fr\/produit\/echantillons-de-parfum\/#breadcrumb"},"inLanguage":"fr-FR","potentialAction":[{"@type":"ReadAction","target":["https:\/\/www.ylume-creation.com\/fr\/produit\/echantillons-de-parfum\/"]}]},{"@type":"ImageObject","inLanguage":"fr-FR","@id":"https:\/\/www.ylume-creation.com\/fr\/produit\/echantillons-de-parfum\/#primaryimage","url":"https:\/\/www.ylume-creation.com\/wp-content\/uploads\/2020\/05\/PARFUM-KIT-2.jpg","contentUrl":"https:\/\/www.ylume-creation.com\/wp-content\/uploads\/2020\/05\/PARFUM-KIT-2.jpg","width":1200,"height":900},{"@type":"BreadcrumbList","@id":"https:\/\/www.ylume-creation.com\/fr\/produit\/echantillons-de-parfum\/#breadcrumb","itemListElement":[{"@type":"ListItem","position":1,"name":"Accueil","item":"https:\/\/www.ylume-creation.com\/fr\/"},{"@type":"ListItem","position":2,"name":"Produits","item":"https:\/\/www.ylume-creation.com\/fr\/shop\/"},{"@type":"ListItem","position":3,"name":"Kit \u00ab\u00a0A la d\u00e9couverte des senteurs Corse\u00a0\u00bb"}]},{"@type":"WebSite","@id":"https:\/\/www.ylume-creation.com\/fr\/#website","url":"https:\/\/www.ylume-creation.com\/fr\/","name":"Ylume","description":"Illumine les femmes, \u00e9veille les sens","potentialAction":[{"@type":"SearchAction","target":{"@type":"EntryPoint","urlTemplate":"https:\/\/www.ylume-creation.com\/fr\/?s={search_term_string}"},"query-input":{"@type":"PropertyValueSpecification","valueRequired":true,"valueName":"search_term_string"}}],"inLanguage":"fr-FR"}]}},"_links":{"self":[{"href":"https:\/\/www.ylume-creation.com\/fr\/wp-json\/wp\/v2\/product\/3248","targetHints":{"allow":["GET"]}}],"collection":[{"href":"https:\/\/www.ylume-creation.com\/fr\/wp-json\/wp\/v2\/product"}],"about":[{"href":"https:\/\/www.ylume-creation.com\/fr\/wp-json\/wp\/v2\/types\/product"}],"version-history":[{"count":1,"href":"https:\/\/www.ylume-creation.com\/fr\/wp-json\/wp\/v2\/product\/3248\/revisions"}],"predecessor-version":[{"id":27479,"href":"https:\/\/www.ylume-creation.com\/fr\/wp-json\/wp\/v2\/product\/3248\/revisions\/27479"}],"wp:featuredmedia":[{"embeddable":true,"href":"https:\/\/www.ylume-creation.com\/fr\/wp-json\/wp\/v2\/media\/26284"}],"wp:attachment":[{"href":"https:\/\/www.ylume-creation.com\/fr\/wp-json\/wp\/v2\/media?parent=3248"}],"wp:term":[{"taxonomy":"product_brand","embeddable":true,"href":"https:\/\/www.ylume-creation.com\/fr\/wp-json\/wp\/v2\/product_brand?post=3248"},{"taxonomy":"product_cat","embeddable":true,"href":"https:\/\/www.ylume-creation.com\/fr\/wp-json\/wp\/v2\/product_cat?post=3248"},{"taxonomy":"product_tag","embeddable":true,"href":"https:\/\/www.ylume-creation.com\/fr\/wp-json\/wp\/v2\/product_tag?post=3248"}],"curies":[{"name":"wp","href":"https:\/\/api.w.org\/{rel}","templated":true}]}}