{"id":3238,"date":"2020-05-06T14:53:32","date_gmt":"2020-05-06T12:53:32","guid":{"rendered":"https:\/\/www.ylume-creation.com\/?post_type=product&#038;p=3238"},"modified":"2026-01-21T11:38:50","modified_gmt":"2026-01-21T10:38:50","slug":"eau-de-parfum-lumio","status":"publish","type":"product","link":"https:\/\/www.ylume-creation.com\/fr\/produit\/eau-de-parfum-lumio\/","title":{"rendered":"Eau de parfum LUMIO"},"content":{"rendered":"<div id=\"pl-3238\"  class=\"panel-layout\" ><div id=\"pg-3238-0\"  class=\"panel-grid panel-no-style\" ><div id=\"pgc-3238-0-0\"  class=\"panel-grid-cell\" ><div class=\"ylContentPageRow panel-cell-style panel-cell-style-for-3238-0-0\" ><div id=\"panel-3238-0-0-0\" class=\"so-panel widget widget_media_image panel-first-child panel-last-child\" data-index=\"0\" ><img decoding=\"async\" width=\"300\" height=\"225\" src=\"https:\/\/www.ylume-creation.com\/wp-content\/uploads\/2019\/03\/resizeoptimal3-300x225.jpg\" class=\"image wp-image-2106  attachment-medium size-medium\" alt=\"Eau de parfum LUMIO\" style=\"max-width: 100%; height: auto;\" srcset=\"https:\/\/www.ylume-creation.com\/wp-content\/uploads\/2019\/03\/resizeoptimal3-300x225.jpg 300w, https:\/\/www.ylume-creation.com\/wp-content\/uploads\/2019\/03\/resizeoptimal3-480x360.jpg 480w, https:\/\/www.ylume-creation.com\/wp-content\/uploads\/2019\/03\/resizeoptimal3.jpg 700w\" sizes=\"(max-width: 300px) 100vw, 300px\" title=\"Eau de parfum LUMIO\" \/><\/div><\/div><\/div><div id=\"pgc-3238-0-1\"  class=\"panel-grid-cell\" ><div class=\"ylContentPageRow panel-cell-style panel-cell-style-for-3238-0-1\" ><div id=\"panel-3238-0-1-0\" class=\"so-panel widget widget_text panel-first-child panel-last-child\" data-index=\"1\" ><h3 class=\"widget-title\">Un emballage r\u00e9utilisable<\/h3>\t\t\t<div class=\"textwidget\"><p>Plut\u00f4t qu&rsquo;un \u00e9tui carton, YLUME recherche des solutions qui ne sont pas un poids suppl\u00e9mentaire pour l&rsquo;environnement. Le parfum est propos\u00e9 dans un joli pochon blanc et dor\u00e9 en coton r\u00e9utilisable \u00e0 l&rsquo;infini<span style=\"color: #000000; font-family: Calibri, Helvetica, sans-serif;\">. <\/span>Il est travaill\u00e9 avec un partenaire en France. Profitez en pour l&rsquo;utiliser pour transporter votre parfum en vacances ou pour y ranger vos bijoux.<\/p>\n<p><\/p>\n<\/div>\n\t\t<\/div><\/div><\/div><\/div><div id=\"pg-3238-1\"  class=\"panel-grid panel-has-style\" ><div class=\"ylContentPageRow panel-row-style panel-row-style-for-3238-1\" ><div id=\"pgc-3238-1-0\"  class=\"panel-grid-cell\" ><div id=\"panel-3238-1-0-0\" class=\"so-panel widget widget_text panel-first-child panel-last-child\" data-index=\"2\" ><h3 class=\"widget-title\">Les ingr\u00e9dients<\/h3>\t\t\t<div class=\"textwidget\"><p>Les agrumes de M\u00e9diterran\u00e9e sont \u00e0 l&rsquo;honneur dans ce parfum. Le pamplemousse et l&rsquo;oranger font leur effet, suivis de notes fleurs blanches. Une harmonie parfaite pour l&rsquo;\u00e9t\u00e9 pour apporter de la joie et de la bonne humeur tout au long de la journ\u00e9e.<\/p>\n<p>Les listes d&rsquo; ingr\u00e9dients entrant dans la composition des produits sont r\u00e9guli\u00e8rement mises \u00e0 jour. Avant d&rsquo;utiliser un produit, veuillez lire la liste d&rsquo;ingr\u00e9dients situ\u00e9e sur les emballages afin de vous assurer que les ingr\u00e9dients sont adapt\u00e9s \u00e0 votre utilisation personnelle.<\/p>\n<p>Ingr\u00e9dients LUMIO : Alcohol denat., Parfum, limonene, aqua (water), linalool, citral, hexyl cinnamal, geraniol, citronellol, coumarin, farnesol<\/p>\n<\/div>\n\t\t<\/div><\/div><div id=\"pgc-3238-1-1\"  class=\"panel-grid-cell\" ><div id=\"panel-3238-1-1-0\" class=\"so-panel widget widget_media_image panel-first-child panel-last-child\" data-index=\"3\" ><img decoding=\"async\" width=\"300\" height=\"257\" src=\"https:\/\/www.ylume-creation.com\/wp-content\/uploads\/2020\/05\/IMG_8939-300x257.jpeg\" class=\"image wp-image-3363  attachment-medium size-medium\" alt=\"Eau de parfum LUMIO\" style=\"max-width: 100%; height: auto;\" srcset=\"https:\/\/www.ylume-creation.com\/wp-content\/uploads\/2020\/05\/IMG_8939-300x257.jpeg 300w, https:\/\/www.ylume-creation.com\/wp-content\/uploads\/2020\/05\/IMG_8939-768x659.jpeg 768w, https:\/\/www.ylume-creation.com\/wp-content\/uploads\/2020\/05\/IMG_8939-1024x879.jpeg 1024w, https:\/\/www.ylume-creation.com\/wp-content\/uploads\/2020\/05\/IMG_8939-1080x927.jpeg 1080w, https:\/\/www.ylume-creation.com\/wp-content\/uploads\/2020\/05\/IMG_8939-480x412.jpeg 480w, https:\/\/www.ylume-creation.com\/wp-content\/uploads\/2020\/05\/IMG_8939-800x687.jpeg 800w\" sizes=\"(max-width: 300px) 100vw, 300px\" title=\"Eau de parfum LUMIO\" \/><\/div><\/div><\/div><\/div><div id=\"pg-3238-2\"  class=\"panel-grid panel-no-style\" ><div id=\"pgc-3238-2-0\"  class=\"panel-grid-cell\" ><div class=\"ylContentPageRow panel-cell-style panel-cell-style-for-3238-2-0\" ><div id=\"panel-3238-2-0-0\" class=\"so-panel widget widget_media_image panel-first-child panel-last-child\" data-index=\"4\" ><img decoding=\"async\" class=\"image \" src=\"https:\/\/res.cloudinary.com\/dshwep276\/image\/upload\/c_fill,f_auto,w_400\/v1588607532\/produits%20parfums\/fullsizeoutput_2941_st3mon.jpg\" alt=\"Parfum artisanal grassse\" width=\"400\" height=\"267\" \/><\/div><\/div><\/div><div id=\"pgc-3238-2-1\"  class=\"panel-grid-cell\" ><div class=\"ylContentPageRow panel-cell-style panel-cell-style-for-3238-2-1\" ><div id=\"panel-3238-2-1-0\" class=\"so-panel widget widget_text panel-first-child panel-last-child\" data-index=\"5\" ><h3 class=\"widget-title\">Le Sud de la France au coeur<\/h3>\t\t\t<div class=\"textwidget\"><div>Les fragrances sont travaill\u00e9es pendant plusieurs mois avec un nez \u00e0 Grasse, ville connue pour la haute parfumerie.<\/div>\n<div>Des ingr\u00e9dients du Sud sont favoris\u00e9s (les agrumes notamment) et nous choisissons nos partenaires pour leur professionnalisme et \u00e9galement, d\u00e8s que nous le pouvons nous choisissons des partenaires en Provence.<\/div>\n<div>Le parfum est fabriqu\u00e9 \u00e0 Grasse, la pampille dor\u00e9e qui compose le cordon est fabriqu\u00e9e en Provence, et le cordon bracelet en Auvergne.<\/div>\n<\/div>\n\t\t<\/div><\/div><\/div><\/div><div id=\"pg-3238-3\"  class=\"panel-grid panel-has-style\" ><div class=\"ylContentPageRow panel-row-style panel-row-style-for-3238-3\" ><div id=\"pgc-3238-3-0\"  class=\"panel-grid-cell\" ><div id=\"panel-3238-3-0-0\" class=\"so-panel widget widget_text panel-first-child panel-last-child\" data-index=\"6\" ><h3 class=\"widget-title\">Un parfum &#8230; bijou<\/h3>\t\t\t<div class=\"textwidget\"><div>Parce que la marque YLUME est aussi une marque de bijoux, chaque parfum fait \u00e9cho aux cr\u00e9ations de bijoux et est propos\u00e9 avec un cordon bracelet color\u00e9 et orn\u00e9 de la pampille Ylume dor\u00e9e \u00e0 l&rsquo;or fin 24 carats.<\/p>\n<div>Bleu Turquoise pour MERIA, Dor\u00e9 orange pour LUMIO, Rose grenat pour GIULIA<\/div>\n<div>Portez ce petit cordon \u00e0 votre bras pour vous sentir belle et sentir bon !<\/div>\n<\/div>\n<\/div>\n\t\t<\/div><\/div><div id=\"pgc-3238-3-1\"  class=\"panel-grid-cell\" ><div id=\"panel-3238-3-1-0\" class=\"so-panel widget widget_media_image panel-first-child panel-last-child\" data-index=\"7\" ><img decoding=\"async\" width=\"300\" height=\"225\" src=\"https:\/\/www.ylume-creation.com\/wp-content\/uploads\/2020\/05\/IMG_4181-300x225.jpg\" class=\"image wp-image-3364  attachment-medium size-medium\" alt=\"Eau de parfum LUMIO\" style=\"max-width: 100%; height: auto;\" srcset=\"https:\/\/www.ylume-creation.com\/wp-content\/uploads\/2020\/05\/IMG_4181-300x225.jpg 300w, https:\/\/www.ylume-creation.com\/wp-content\/uploads\/2020\/05\/IMG_4181-768x576.jpg 768w, https:\/\/www.ylume-creation.com\/wp-content\/uploads\/2020\/05\/IMG_4181-1024x768.jpg 1024w, https:\/\/www.ylume-creation.com\/wp-content\/uploads\/2020\/05\/IMG_4181-1080x810.jpg 1080w, https:\/\/www.ylume-creation.com\/wp-content\/uploads\/2020\/05\/IMG_4181-480x360.jpg 480w, https:\/\/www.ylume-creation.com\/wp-content\/uploads\/2020\/05\/IMG_4181-800x600.jpg 800w\" sizes=\"(max-width: 300px) 100vw, 300px\" title=\"Eau de parfum LUMIO\" \/><\/div><\/div><\/div><\/div><\/div>","protected":false},"excerpt":{"rendered":"<p style=\"text-align: center;\">&#8230; L &lsquo; I N S P I R A T I O N &#8230;<\/p>\n<p style=\"text-align: center;\"><span style=\"color: #f0a046;\">Le soleil flamboyant sur les toits dor\u00e9s de LUMIO, <\/span><\/p>\n<p style=\"text-align: center;\"><span style=\"color: #f0a046;\">les senteurs acidul\u00e9es de pamplemousse et rhubarbe, ce petit rayon chaud, cette envie de fraicheur<br \/>\n<\/span><\/p>\n<p>L&rsquo;eau de parfum <span style=\"color: #f0a046;\">LUMIO<\/span> a \u00e9t\u00e9 cr\u00e9\u00e9e en <span style=\"color: #808080;\">collaboration<\/span> avec parfumeur Grassois. Contenant des agrumes de M\u00e9diterran\u00e9e, LUMIO v\u00e9hicule l&rsquo;image du soleil et des senteurs p\u00e9tillantes de pamplemousse.<\/p>\n<p>En note de t\u00eate, la bergamote, l&rsquo;oranger amer et le pamplemousse explosent. En note de c\u0153ur, les fleurs blanches et le c\u00e8dre font leur apparition et en note de fond, l&rsquo;ambre, le musc effleurent votre peau.<\/p>\n<p>100 ml de fraicheur et de lumi\u00e8re intense !<\/p>\n","protected":false},"featured_media":26286,"template":"","meta":{"_acf_changed":false,"footnotes":""},"product_brand":[],"product_cat":[54,46],"product_tag":[88],"class_list":{"0":"post-3238","1":"product","2":"type-product","3":"status-publish","4":"has-post-thumbnail","6":"product_cat-eaudeparfum","7":"product_cat-parfums-ylume","8":"product_tag-archives","9":"product_shipping_class-colissimo","11":"first","12":"instock","13":"sale","14":"featured","15":"taxable","16":"shipping-taxable","17":"purchasable","18":"product-type-simple"},"acf":[],"yoast_head":"<!-- This site is optimized with the Yoast SEO plugin v27.4 - https:\/\/yoast.com\/product\/yoast-seo-wordpress\/ -->\n<title>Parfum - Lumio - Ylume - Fabriqu\u00e9 \u00e0 Grasse - Senteur Corse<\/title>\n<meta name=\"description\" content=\"D\u00e9couvrez LUMIO, senteur d&#039;inspiration Corse, qui vous enveloppe de senteurs p\u00e9tillantes de pamplemousse, bergamote et rhubarbe. Fabriqu\u00e9 \u00e0 Grasse.\" \/>\n<meta name=\"robots\" content=\"index, follow, max-snippet:-1, max-image-preview:large, max-video-preview:-1\" \/>\n<link rel=\"canonical\" href=\"https:\/\/www.ylume-creation.com\/fr\/produit\/eau-de-parfum-lumio\/\" \/>\n<meta property=\"og:locale\" content=\"fr_FR\" \/>\n<meta property=\"og:type\" content=\"article\" \/>\n<meta property=\"og:title\" content=\"Parfum - Lumio - Ylume - Fabriqu\u00e9 \u00e0 Grasse - Senteur Corse\" \/>\n<meta property=\"og:description\" content=\"D\u00e9couvrez LUMIO, senteur d&#039;inspiration Corse, qui vous enveloppe de senteurs p\u00e9tillantes de pamplemousse, bergamote et rhubarbe. Fabriqu\u00e9 \u00e0 Grasse.\" \/>\n<meta property=\"og:url\" content=\"https:\/\/www.ylume-creation.com\/fr\/produit\/eau-de-parfum-lumio\/\" \/>\n<meta property=\"og:site_name\" content=\"Ylume\" \/>\n<meta property=\"article:modified_time\" content=\"2026-01-21T10:38:50+00:00\" \/>\n<meta property=\"og:image\" content=\"https:\/\/www.ylume-creation.com\/wp-content\/uploads\/2020\/05\/PARFUM-LUMIO-2.jpg\" \/>\n\t<meta property=\"og:image:width\" content=\"1200\" \/>\n\t<meta property=\"og:image:height\" content=\"900\" \/>\n\t<meta property=\"og:image:type\" content=\"image\/jpeg\" \/>\n<meta name=\"twitter:card\" content=\"summary_large_image\" \/>\n<meta name=\"twitter:label1\" content=\"Dur\u00e9e de lecture estim\u00e9e\" \/>\n\t<meta name=\"twitter:data1\" content=\"3 minutes\" \/>\n<script type=\"application\/ld+json\" class=\"yoast-schema-graph\">{\"@context\":\"https:\\\/\\\/schema.org\",\"@graph\":[{\"@type\":\"WebPage\",\"@id\":\"https:\\\/\\\/www.ylume-creation.com\\\/fr\\\/produit\\\/eau-de-parfum-lumio\\\/\",\"url\":\"https:\\\/\\\/www.ylume-creation.com\\\/fr\\\/produit\\\/eau-de-parfum-lumio\\\/\",\"name\":\"Parfum - Lumio - Ylume - Fabriqu\u00e9 \u00e0 Grasse - Senteur Corse\",\"isPartOf\":{\"@id\":\"https:\\\/\\\/www.ylume-creation.com\\\/fr\\\/#website\"},\"primaryImageOfPage\":{\"@id\":\"https:\\\/\\\/www.ylume-creation.com\\\/fr\\\/produit\\\/eau-de-parfum-lumio\\\/#primaryimage\"},\"image\":{\"@id\":\"https:\\\/\\\/www.ylume-creation.com\\\/fr\\\/produit\\\/eau-de-parfum-lumio\\\/#primaryimage\"},\"thumbnailUrl\":\"https:\\\/\\\/www.ylume-creation.com\\\/wp-content\\\/uploads\\\/2020\\\/05\\\/PARFUM-LUMIO-2.jpg\",\"datePublished\":\"2020-05-06T12:53:32+00:00\",\"dateModified\":\"2026-01-21T10:38:50+00:00\",\"description\":\"D\u00e9couvrez LUMIO, senteur d'inspiration Corse, qui vous enveloppe de senteurs p\u00e9tillantes de pamplemousse, bergamote et rhubarbe. Fabriqu\u00e9 \u00e0 Grasse.\",\"breadcrumb\":{\"@id\":\"https:\\\/\\\/www.ylume-creation.com\\\/fr\\\/produit\\\/eau-de-parfum-lumio\\\/#breadcrumb\"},\"inLanguage\":\"fr-FR\",\"potentialAction\":[{\"@type\":\"ReadAction\",\"target\":[\"https:\\\/\\\/www.ylume-creation.com\\\/fr\\\/produit\\\/eau-de-parfum-lumio\\\/\"]}]},{\"@type\":\"ImageObject\",\"inLanguage\":\"fr-FR\",\"@id\":\"https:\\\/\\\/www.ylume-creation.com\\\/fr\\\/produit\\\/eau-de-parfum-lumio\\\/#primaryimage\",\"url\":\"https:\\\/\\\/www.ylume-creation.com\\\/wp-content\\\/uploads\\\/2020\\\/05\\\/PARFUM-LUMIO-2.jpg\",\"contentUrl\":\"https:\\\/\\\/www.ylume-creation.com\\\/wp-content\\\/uploads\\\/2020\\\/05\\\/PARFUM-LUMIO-2.jpg\",\"width\":1200,\"height\":900},{\"@type\":\"BreadcrumbList\",\"@id\":\"https:\\\/\\\/www.ylume-creation.com\\\/fr\\\/produit\\\/eau-de-parfum-lumio\\\/#breadcrumb\",\"itemListElement\":[{\"@type\":\"ListItem\",\"position\":1,\"name\":\"Accueil\",\"item\":\"https:\\\/\\\/www.ylume-creation.com\\\/fr\\\/\"},{\"@type\":\"ListItem\",\"position\":2,\"name\":\"Produits\",\"item\":\"https:\\\/\\\/www.ylume-creation.com\\\/fr\\\/shop\\\/\"},{\"@type\":\"ListItem\",\"position\":3,\"name\":\"Eau de parfum LUMIO\"}]},{\"@type\":\"WebSite\",\"@id\":\"https:\\\/\\\/www.ylume-creation.com\\\/fr\\\/#website\",\"url\":\"https:\\\/\\\/www.ylume-creation.com\\\/fr\\\/\",\"name\":\"Ylume\",\"description\":\"Illumine les femmes, \u00e9veille les sens\",\"potentialAction\":[{\"@type\":\"SearchAction\",\"target\":{\"@type\":\"EntryPoint\",\"urlTemplate\":\"https:\\\/\\\/www.ylume-creation.com\\\/fr\\\/?s={search_term_string}\"},\"query-input\":{\"@type\":\"PropertyValueSpecification\",\"valueRequired\":true,\"valueName\":\"search_term_string\"}}],\"inLanguage\":\"fr-FR\"}]}<\/script>\n<!-- \/ Yoast SEO plugin. -->","yoast_head_json":{"title":"Parfum - Lumio - Ylume - Fabriqu\u00e9 \u00e0 Grasse - Senteur Corse","description":"D\u00e9couvrez LUMIO, senteur d'inspiration Corse, qui vous enveloppe de senteurs p\u00e9tillantes de pamplemousse, bergamote et rhubarbe. Fabriqu\u00e9 \u00e0 Grasse.","robots":{"index":"index","follow":"follow","max-snippet":"max-snippet:-1","max-image-preview":"max-image-preview:large","max-video-preview":"max-video-preview:-1"},"canonical":"https:\/\/www.ylume-creation.com\/fr\/produit\/eau-de-parfum-lumio\/","og_locale":"fr_FR","og_type":"article","og_title":"Parfum - Lumio - Ylume - Fabriqu\u00e9 \u00e0 Grasse - Senteur Corse","og_description":"D\u00e9couvrez LUMIO, senteur d'inspiration Corse, qui vous enveloppe de senteurs p\u00e9tillantes de pamplemousse, bergamote et rhubarbe. Fabriqu\u00e9 \u00e0 Grasse.","og_url":"https:\/\/www.ylume-creation.com\/fr\/produit\/eau-de-parfum-lumio\/","og_site_name":"Ylume","article_modified_time":"2026-01-21T10:38:50+00:00","og_image":[{"width":1200,"height":900,"url":"https:\/\/www.ylume-creation.com\/wp-content\/uploads\/2020\/05\/PARFUM-LUMIO-2.jpg","type":"image\/jpeg"}],"twitter_card":"summary_large_image","twitter_misc":{"Dur\u00e9e de lecture estim\u00e9e":"3 minutes"},"schema":{"@context":"https:\/\/schema.org","@graph":[{"@type":"WebPage","@id":"https:\/\/www.ylume-creation.com\/fr\/produit\/eau-de-parfum-lumio\/","url":"https:\/\/www.ylume-creation.com\/fr\/produit\/eau-de-parfum-lumio\/","name":"Parfum - Lumio - Ylume - Fabriqu\u00e9 \u00e0 Grasse - Senteur Corse","isPartOf":{"@id":"https:\/\/www.ylume-creation.com\/fr\/#website"},"primaryImageOfPage":{"@id":"https:\/\/www.ylume-creation.com\/fr\/produit\/eau-de-parfum-lumio\/#primaryimage"},"image":{"@id":"https:\/\/www.ylume-creation.com\/fr\/produit\/eau-de-parfum-lumio\/#primaryimage"},"thumbnailUrl":"https:\/\/www.ylume-creation.com\/wp-content\/uploads\/2020\/05\/PARFUM-LUMIO-2.jpg","datePublished":"2020-05-06T12:53:32+00:00","dateModified":"2026-01-21T10:38:50+00:00","description":"D\u00e9couvrez LUMIO, senteur d'inspiration Corse, qui vous enveloppe de senteurs p\u00e9tillantes de pamplemousse, bergamote et rhubarbe. Fabriqu\u00e9 \u00e0 Grasse.","breadcrumb":{"@id":"https:\/\/www.ylume-creation.com\/fr\/produit\/eau-de-parfum-lumio\/#breadcrumb"},"inLanguage":"fr-FR","potentialAction":[{"@type":"ReadAction","target":["https:\/\/www.ylume-creation.com\/fr\/produit\/eau-de-parfum-lumio\/"]}]},{"@type":"ImageObject","inLanguage":"fr-FR","@id":"https:\/\/www.ylume-creation.com\/fr\/produit\/eau-de-parfum-lumio\/#primaryimage","url":"https:\/\/www.ylume-creation.com\/wp-content\/uploads\/2020\/05\/PARFUM-LUMIO-2.jpg","contentUrl":"https:\/\/www.ylume-creation.com\/wp-content\/uploads\/2020\/05\/PARFUM-LUMIO-2.jpg","width":1200,"height":900},{"@type":"BreadcrumbList","@id":"https:\/\/www.ylume-creation.com\/fr\/produit\/eau-de-parfum-lumio\/#breadcrumb","itemListElement":[{"@type":"ListItem","position":1,"name":"Accueil","item":"https:\/\/www.ylume-creation.com\/fr\/"},{"@type":"ListItem","position":2,"name":"Produits","item":"https:\/\/www.ylume-creation.com\/fr\/shop\/"},{"@type":"ListItem","position":3,"name":"Eau de parfum LUMIO"}]},{"@type":"WebSite","@id":"https:\/\/www.ylume-creation.com\/fr\/#website","url":"https:\/\/www.ylume-creation.com\/fr\/","name":"Ylume","description":"Illumine les femmes, \u00e9veille les sens","potentialAction":[{"@type":"SearchAction","target":{"@type":"EntryPoint","urlTemplate":"https:\/\/www.ylume-creation.com\/fr\/?s={search_term_string}"},"query-input":{"@type":"PropertyValueSpecification","valueRequired":true,"valueName":"search_term_string"}}],"inLanguage":"fr-FR"}]}},"_links":{"self":[{"href":"https:\/\/www.ylume-creation.com\/fr\/wp-json\/wp\/v2\/product\/3238","targetHints":{"allow":["GET"]}}],"collection":[{"href":"https:\/\/www.ylume-creation.com\/fr\/wp-json\/wp\/v2\/product"}],"about":[{"href":"https:\/\/www.ylume-creation.com\/fr\/wp-json\/wp\/v2\/types\/product"}],"version-history":[{"count":5,"href":"https:\/\/www.ylume-creation.com\/fr\/wp-json\/wp\/v2\/product\/3238\/revisions"}],"predecessor-version":[{"id":33712,"href":"https:\/\/www.ylume-creation.com\/fr\/wp-json\/wp\/v2\/product\/3238\/revisions\/33712"}],"wp:featuredmedia":[{"embeddable":true,"href":"https:\/\/www.ylume-creation.com\/fr\/wp-json\/wp\/v2\/media\/26286"}],"wp:attachment":[{"href":"https:\/\/www.ylume-creation.com\/fr\/wp-json\/wp\/v2\/media?parent=3238"}],"wp:term":[{"taxonomy":"product_brand","embeddable":true,"href":"https:\/\/www.ylume-creation.com\/fr\/wp-json\/wp\/v2\/product_brand?post=3238"},{"taxonomy":"product_cat","embeddable":true,"href":"https:\/\/www.ylume-creation.com\/fr\/wp-json\/wp\/v2\/product_cat?post=3238"},{"taxonomy":"product_tag","embeddable":true,"href":"https:\/\/www.ylume-creation.com\/fr\/wp-json\/wp\/v2\/product_tag?post=3238"}],"curies":[{"name":"wp","href":"https:\/\/api.w.org\/{rel}","templated":true}]}}