{"id":31657,"date":"2024-05-16T16:42:19","date_gmt":"2024-05-16T14:42:19","guid":{"rendered":"https:\/\/www.ylume-creation.com\/?post_type=product&#038;p=31657"},"modified":"2026-01-21T11:54:21","modified_gmt":"2026-01-21T10:54:21","slug":"puce-single-galets-2","status":"publish","type":"product","link":"https:\/\/www.ylume-creation.com\/fr\/produit\/puce-single-galets-2\/","title":{"rendered":"Mini puce single Galets"},"content":{"rendered":"","protected":false},"excerpt":{"rendered":"<p class=\"p1\"><span class=\"s1\">Symboles de l&rsquo;amour, les anneaux contrast\u00e9s s&rsquo;imbriquent et bougent au gr\u00e9 du mouvement. L&rsquo;anneau cisel\u00e9 se combine \u00e0 merveille avec la fine cr\u00e9ole.\u00a0<\/span><span class=\"s1\">Elles se nomment Saleccia, une des plus belles plages proche de St Florent, o\u00f9 p\u00e9tille une lumi\u00e8re in\u00e9dite.\u00a0<\/span><\/p>\n<p class=\"p1\"><span class=\"s1\">Le support de boucles est ferm\u00e9 pour \u00e9viter que vos jolies boucles prennent la fuite. Il est dor\u00e9 \u00e0 l&rsquo;or fin 24 carats.\u00a0<\/span><\/p>\n<p>Support sans plomb, sans nickel, plaqu\u00e9 en France et d&rsquo;une excellente tenue.<\/p>\n","protected":false},"featured_media":31650,"template":"","meta":{"_acf_changed":false,"footnotes":""},"product_brand":[],"product_cat":[147,140,148,149,146,49,126,144,150,135,45,153,106,151,152],"product_tag":[105,77],"class_list":{"0":"post-31657","1":"product","2":"type-product","3":"status-publish","4":"has-post-thumbnail","6":"product_cat-bijoux-fete-des-meres","7":"product_cat-bijoux-haute-fantaisie","8":"product_cat-bijoux-mariage","9":"product_cat-bijoux-noel","10":"product_cat-bijoux-saint-valentin","11":"product_cat-boucles-doreilles","12":"product_cat-boucles-d-oreilles-asymetriques","13":"product_cat-boucles-d-oreilles-haute-fantaisie","14":"product_cat-boucles-d-oreilles-mariage","15":"product_cat-boucles-d-oreilles-plaquees-or","16":"product_cat-bijoux","17":"product_cat-mini-puces-d-oreilles","18":"product_cat-petites-boucles-d-oreilles","19":"product_cat-puce-d-oreille","20":"product_cat-puces-d-oreilles-plaquees-or","21":"product_tag-collection-galets","22":"product_tag-toutes-nos-boucles-doreilles","23":"cel-50","25":"first","26":"instock","27":"taxable","28":"shipping-taxable","29":"purchasable","30":"product-type-simple"},"acf":[],"yoast_head":"<!-- This site is optimized with the Yoast SEO plugin v27.4 - https:\/\/yoast.com\/product\/yoast-seo-wordpress\/ -->\n<title>Mini puce single Galets - Ylume - Boucles d&#039;oreille cr\u00e9ateur<\/title>\n<meta name=\"description\" content=\"Port\u00e9e \u00e0 l&#039;unit\u00e9 ou en paire, cette puce, en forme de galets dor\u00e9 et mate est originale et tendance. Portez l\u00e0 seule ou en combinaison avec d&#039;autres puces.\" \/>\n<meta name=\"robots\" content=\"index, follow, max-snippet:-1, max-image-preview:large, max-video-preview:-1\" \/>\n<link rel=\"canonical\" href=\"https:\/\/www.ylume-creation.com\/fr\/produit\/puce-single-galets-2\/\" \/>\n<meta property=\"og:locale\" content=\"fr_FR\" \/>\n<meta property=\"og:type\" content=\"article\" \/>\n<meta property=\"og:title\" content=\"Mini puce single Galets - Ylume - Boucles d&#039;oreille cr\u00e9ateur\" \/>\n<meta property=\"og:description\" content=\"Port\u00e9e \u00e0 l&#039;unit\u00e9 ou en paire, cette puce, en forme de galets dor\u00e9 et mate est originale et tendance. Portez l\u00e0 seule ou en combinaison avec d&#039;autres puces.\" \/>\n<meta property=\"og:url\" content=\"https:\/\/www.ylume-creation.com\/fr\/produit\/puce-single-galets-2\/\" \/>\n<meta property=\"og:site_name\" content=\"Ylume\" \/>\n<meta property=\"article:modified_time\" content=\"2026-01-21T10:54:21+00:00\" \/>\n<meta property=\"og:image\" content=\"https:\/\/www.ylume-creation.com\/wp-content\/uploads\/2024\/03\/BAGUEO-VAGUE-1.jpg\" \/>\n\t<meta property=\"og:image:width\" content=\"900\" \/>\n\t<meta property=\"og:image:height\" content=\"1350\" \/>\n\t<meta property=\"og:image:type\" content=\"image\/jpeg\" \/>\n<meta name=\"twitter:card\" content=\"summary_large_image\" \/>\n<meta name=\"twitter:label1\" content=\"Dur\u00e9e de lecture estim\u00e9e\" \/>\n\t<meta name=\"twitter:data1\" content=\"1 minute\" \/>\n<script type=\"application\/ld+json\" class=\"yoast-schema-graph\">{\"@context\":\"https:\\\/\\\/schema.org\",\"@graph\":[{\"@type\":\"WebPage\",\"@id\":\"https:\\\/\\\/www.ylume-creation.com\\\/fr\\\/produit\\\/puce-single-galets-2\\\/\",\"url\":\"https:\\\/\\\/www.ylume-creation.com\\\/fr\\\/produit\\\/puce-single-galets-2\\\/\",\"name\":\"Mini puce single Galets - Ylume - Boucles d'oreille cr\u00e9ateur\",\"isPartOf\":{\"@id\":\"https:\\\/\\\/www.ylume-creation.com\\\/fr\\\/#website\"},\"primaryImageOfPage\":{\"@id\":\"https:\\\/\\\/www.ylume-creation.com\\\/fr\\\/produit\\\/puce-single-galets-2\\\/#primaryimage\"},\"image\":{\"@id\":\"https:\\\/\\\/www.ylume-creation.com\\\/fr\\\/produit\\\/puce-single-galets-2\\\/#primaryimage\"},\"thumbnailUrl\":\"https:\\\/\\\/www.ylume-creation.com\\\/wp-content\\\/uploads\\\/2024\\\/03\\\/BAGUEO-VAGUE-1.jpg\",\"datePublished\":\"2024-05-16T14:42:19+00:00\",\"dateModified\":\"2026-01-21T10:54:21+00:00\",\"description\":\"Port\u00e9e \u00e0 l'unit\u00e9 ou en paire, cette puce, en forme de galets dor\u00e9 et mate est originale et tendance. Portez l\u00e0 seule ou en combinaison avec d'autres puces.\",\"breadcrumb\":{\"@id\":\"https:\\\/\\\/www.ylume-creation.com\\\/fr\\\/produit\\\/puce-single-galets-2\\\/#breadcrumb\"},\"inLanguage\":\"fr-FR\",\"potentialAction\":[{\"@type\":\"ReadAction\",\"target\":[\"https:\\\/\\\/www.ylume-creation.com\\\/fr\\\/produit\\\/puce-single-galets-2\\\/\"]}]},{\"@type\":\"ImageObject\",\"inLanguage\":\"fr-FR\",\"@id\":\"https:\\\/\\\/www.ylume-creation.com\\\/fr\\\/produit\\\/puce-single-galets-2\\\/#primaryimage\",\"url\":\"https:\\\/\\\/www.ylume-creation.com\\\/wp-content\\\/uploads\\\/2024\\\/03\\\/BAGUEO-VAGUE-1.jpg\",\"contentUrl\":\"https:\\\/\\\/www.ylume-creation.com\\\/wp-content\\\/uploads\\\/2024\\\/03\\\/BAGUEO-VAGUE-1.jpg\",\"width\":900,\"height\":1350,\"caption\":\"Bague oreille plaqu\u00e9e or\"},{\"@type\":\"BreadcrumbList\",\"@id\":\"https:\\\/\\\/www.ylume-creation.com\\\/fr\\\/produit\\\/puce-single-galets-2\\\/#breadcrumb\",\"itemListElement\":[{\"@type\":\"ListItem\",\"position\":1,\"name\":\"Accueil\",\"item\":\"https:\\\/\\\/www.ylume-creation.com\\\/fr\\\/\"},{\"@type\":\"ListItem\",\"position\":2,\"name\":\"Produits\",\"item\":\"https:\\\/\\\/www.ylume-creation.com\\\/fr\\\/shop\\\/\"},{\"@type\":\"ListItem\",\"position\":3,\"name\":\"Mini puce single Galets\"}]},{\"@type\":\"WebSite\",\"@id\":\"https:\\\/\\\/www.ylume-creation.com\\\/fr\\\/#website\",\"url\":\"https:\\\/\\\/www.ylume-creation.com\\\/fr\\\/\",\"name\":\"Ylume\",\"description\":\"Illumine les femmes, \u00e9veille les sens\",\"potentialAction\":[{\"@type\":\"SearchAction\",\"target\":{\"@type\":\"EntryPoint\",\"urlTemplate\":\"https:\\\/\\\/www.ylume-creation.com\\\/fr\\\/?s={search_term_string}\"},\"query-input\":{\"@type\":\"PropertyValueSpecification\",\"valueRequired\":true,\"valueName\":\"search_term_string\"}}],\"inLanguage\":\"fr-FR\"}]}<\/script>\n<!-- \/ Yoast SEO plugin. -->","yoast_head_json":{"title":"Mini puce single Galets - Ylume - Boucles d'oreille cr\u00e9ateur","description":"Port\u00e9e \u00e0 l'unit\u00e9 ou en paire, cette puce, en forme de galets dor\u00e9 et mate est originale et tendance. Portez l\u00e0 seule ou en combinaison avec d'autres puces.","robots":{"index":"index","follow":"follow","max-snippet":"max-snippet:-1","max-image-preview":"max-image-preview:large","max-video-preview":"max-video-preview:-1"},"canonical":"https:\/\/www.ylume-creation.com\/fr\/produit\/puce-single-galets-2\/","og_locale":"fr_FR","og_type":"article","og_title":"Mini puce single Galets - Ylume - Boucles d'oreille cr\u00e9ateur","og_description":"Port\u00e9e \u00e0 l'unit\u00e9 ou en paire, cette puce, en forme de galets dor\u00e9 et mate est originale et tendance. Portez l\u00e0 seule ou en combinaison avec d'autres puces.","og_url":"https:\/\/www.ylume-creation.com\/fr\/produit\/puce-single-galets-2\/","og_site_name":"Ylume","article_modified_time":"2026-01-21T10:54:21+00:00","og_image":[{"width":900,"height":1350,"url":"https:\/\/www.ylume-creation.com\/wp-content\/uploads\/2024\/03\/BAGUEO-VAGUE-1.jpg","type":"image\/jpeg"}],"twitter_card":"summary_large_image","twitter_misc":{"Dur\u00e9e de lecture estim\u00e9e":"1 minute"},"schema":{"@context":"https:\/\/schema.org","@graph":[{"@type":"WebPage","@id":"https:\/\/www.ylume-creation.com\/fr\/produit\/puce-single-galets-2\/","url":"https:\/\/www.ylume-creation.com\/fr\/produit\/puce-single-galets-2\/","name":"Mini puce single Galets - Ylume - Boucles d'oreille cr\u00e9ateur","isPartOf":{"@id":"https:\/\/www.ylume-creation.com\/fr\/#website"},"primaryImageOfPage":{"@id":"https:\/\/www.ylume-creation.com\/fr\/produit\/puce-single-galets-2\/#primaryimage"},"image":{"@id":"https:\/\/www.ylume-creation.com\/fr\/produit\/puce-single-galets-2\/#primaryimage"},"thumbnailUrl":"https:\/\/www.ylume-creation.com\/wp-content\/uploads\/2024\/03\/BAGUEO-VAGUE-1.jpg","datePublished":"2024-05-16T14:42:19+00:00","dateModified":"2026-01-21T10:54:21+00:00","description":"Port\u00e9e \u00e0 l'unit\u00e9 ou en paire, cette puce, en forme de galets dor\u00e9 et mate est originale et tendance. Portez l\u00e0 seule ou en combinaison avec d'autres puces.","breadcrumb":{"@id":"https:\/\/www.ylume-creation.com\/fr\/produit\/puce-single-galets-2\/#breadcrumb"},"inLanguage":"fr-FR","potentialAction":[{"@type":"ReadAction","target":["https:\/\/www.ylume-creation.com\/fr\/produit\/puce-single-galets-2\/"]}]},{"@type":"ImageObject","inLanguage":"fr-FR","@id":"https:\/\/www.ylume-creation.com\/fr\/produit\/puce-single-galets-2\/#primaryimage","url":"https:\/\/www.ylume-creation.com\/wp-content\/uploads\/2024\/03\/BAGUEO-VAGUE-1.jpg","contentUrl":"https:\/\/www.ylume-creation.com\/wp-content\/uploads\/2024\/03\/BAGUEO-VAGUE-1.jpg","width":900,"height":1350,"caption":"Bague oreille plaqu\u00e9e or"},{"@type":"BreadcrumbList","@id":"https:\/\/www.ylume-creation.com\/fr\/produit\/puce-single-galets-2\/#breadcrumb","itemListElement":[{"@type":"ListItem","position":1,"name":"Accueil","item":"https:\/\/www.ylume-creation.com\/fr\/"},{"@type":"ListItem","position":2,"name":"Produits","item":"https:\/\/www.ylume-creation.com\/fr\/shop\/"},{"@type":"ListItem","position":3,"name":"Mini puce single Galets"}]},{"@type":"WebSite","@id":"https:\/\/www.ylume-creation.com\/fr\/#website","url":"https:\/\/www.ylume-creation.com\/fr\/","name":"Ylume","description":"Illumine les femmes, \u00e9veille les sens","potentialAction":[{"@type":"SearchAction","target":{"@type":"EntryPoint","urlTemplate":"https:\/\/www.ylume-creation.com\/fr\/?s={search_term_string}"},"query-input":{"@type":"PropertyValueSpecification","valueRequired":true,"valueName":"search_term_string"}}],"inLanguage":"fr-FR"}]}},"_links":{"self":[{"href":"https:\/\/www.ylume-creation.com\/fr\/wp-json\/wp\/v2\/product\/31657","targetHints":{"allow":["GET"]}}],"collection":[{"href":"https:\/\/www.ylume-creation.com\/fr\/wp-json\/wp\/v2\/product"}],"about":[{"href":"https:\/\/www.ylume-creation.com\/fr\/wp-json\/wp\/v2\/types\/product"}],"version-history":[{"count":2,"href":"https:\/\/www.ylume-creation.com\/fr\/wp-json\/wp\/v2\/product\/31657\/revisions"}],"predecessor-version":[{"id":32431,"href":"https:\/\/www.ylume-creation.com\/fr\/wp-json\/wp\/v2\/product\/31657\/revisions\/32431"}],"wp:featuredmedia":[{"embeddable":true,"href":"https:\/\/www.ylume-creation.com\/fr\/wp-json\/wp\/v2\/media\/31650"}],"wp:attachment":[{"href":"https:\/\/www.ylume-creation.com\/fr\/wp-json\/wp\/v2\/media?parent=31657"}],"wp:term":[{"taxonomy":"product_brand","embeddable":true,"href":"https:\/\/www.ylume-creation.com\/fr\/wp-json\/wp\/v2\/product_brand?post=31657"},{"taxonomy":"product_cat","embeddable":true,"href":"https:\/\/www.ylume-creation.com\/fr\/wp-json\/wp\/v2\/product_cat?post=31657"},{"taxonomy":"product_tag","embeddable":true,"href":"https:\/\/www.ylume-creation.com\/fr\/wp-json\/wp\/v2\/product_tag?post=31657"}],"curies":[{"name":"wp","href":"https:\/\/api.w.org\/{rel}","templated":true}]}}