{"id":31451,"date":"2024-05-20T15:32:45","date_gmt":"2024-05-20T13:32:45","guid":{"rendered":"https:\/\/www.ylume-creation.com\/?post_type=product&#038;p=31451"},"modified":"2025-06-25T11:37:56","modified_gmt":"2025-06-25T09:37:56","slug":"puces","status":"publish","type":"product","link":"https:\/\/www.ylume-creation.com\/fr\/produit\/puces\/","title":{"rendered":"Puces d&rsquo;oreilles Dunes"},"content":{"rendered":"","protected":false},"excerpt":{"rendered":"<p class=\"p1\"><span class=\"s1\">Symboles de l&rsquo;amour, les anneaux contrast\u00e9s s&rsquo;imbriquent et bougent au gr\u00e9 du mouvement. L&rsquo;anneau cisel\u00e9 se combine \u00e0 merveille avec la fine cr\u00e9ole.\u00a0<\/span><span class=\"s1\">Elles se nomment Saleccia, une des plus belles plages proche de St Florent, o\u00f9 p\u00e9tille une lumi\u00e8re in\u00e9dite.\u00a0<\/span><\/p>\n<p class=\"p1\"><span class=\"s1\">Le support de boucles est ferm\u00e9 pour \u00e9viter que vos jolies boucles prennent la fuite. Il est dor\u00e9 \u00e0 l&rsquo;or fin 24 carats.\u00a0<\/span><\/p>\n<p>Support sans plomb, sans nickel, plaqu\u00e9 en France et d&rsquo;une excellente tenue.<\/p>\n","protected":false},"featured_media":31698,"template":"","meta":{"_acf_changed":false,"footnotes":""},"product_brand":[],"product_cat":[147,140,148,149,146,49,126,99,125,144,150,100,135,45,153,106,151,152],"product_tag":[157,77],"class_list":{"0":"post-31451","1":"product","2":"type-product","3":"status-publish","4":"has-post-thumbnail","6":"product_cat-bijoux-fete-des-meres","7":"product_cat-bijoux-haute-fantaisie","8":"product_cat-bijoux-mariage","9":"product_cat-bijoux-noel","10":"product_cat-bijoux-saint-valentin","11":"product_cat-boucles-doreilles","12":"product_cat-boucles-d-oreilles-asymetriques","13":"product_cat-boucles-d-oreilles-creoles","14":"product_cat-boucles-d-oreilles-creoles-fantaisie","15":"product_cat-boucles-d-oreilles-haute-fantaisie","16":"product_cat-boucles-d-oreilles-mariage","17":"product_cat-boucles-d-oreilles-pierres-naturelles","18":"product_cat-boucles-d-oreilles-plaquees-or","19":"product_cat-bijoux","20":"product_cat-mini-puces-d-oreilles","21":"product_cat-petites-boucles-d-oreilles","22":"product_cat-puce-d-oreille","23":"product_cat-puces-d-oreilles-plaquees-or","24":"product_tag-collection-dunes","25":"product_tag-toutes-nos-boucles-doreilles","26":"cel-50","28":"first","29":"instock","30":"taxable","31":"shipping-taxable","32":"purchasable","33":"product-type-simple"},"acf":[],"yoast_head":"<!-- This site is optimized with the Yoast SEO plugin v27.4 - https:\/\/yoast.com\/product\/yoast-seo-wordpress\/ -->\n<title>Puces d&#039;oreilles Dunes - Ylume - Boucles d&#039;oreille cr\u00e9ateur<\/title>\n<meta name=\"description\" content=\"Les puces d\u2019oreilles asym\u00e9triques au design original ressemblent \u00e0 des petits coquillages. Plaqu\u00e9es or 750 milli\u00e8mes (18 carats), elles sont parfaites pour votre quotidien.\" \/>\n<meta name=\"robots\" content=\"index, follow, max-snippet:-1, max-image-preview:large, max-video-preview:-1\" \/>\n<link rel=\"canonical\" href=\"https:\/\/www.ylume-creation.com\/fr\/produit\/puces\/\" \/>\n<meta property=\"og:locale\" content=\"fr_FR\" \/>\n<meta property=\"og:type\" content=\"article\" \/>\n<meta property=\"og:title\" content=\"Puces d&#039;oreilles Dunes - Ylume - Boucles d&#039;oreille cr\u00e9ateur\" \/>\n<meta property=\"og:description\" content=\"Les puces d\u2019oreilles asym\u00e9triques au design original ressemblent \u00e0 des petits coquillages. Plaqu\u00e9es or 750 milli\u00e8mes (18 carats), elles sont parfaites pour votre quotidien.\" \/>\n<meta property=\"og:url\" content=\"https:\/\/www.ylume-creation.com\/fr\/produit\/puces\/\" \/>\n<meta property=\"og:site_name\" content=\"Ylume\" \/>\n<meta property=\"article:modified_time\" content=\"2025-06-25T09:37:56+00:00\" \/>\n<meta property=\"og:image\" content=\"https:\/\/www.ylume-creation.com\/wp-content\/uploads\/2024\/03\/PUCES-DUNES.jpg\" \/>\n\t<meta property=\"og:image:width\" content=\"900\" \/>\n\t<meta property=\"og:image:height\" content=\"1350\" \/>\n\t<meta property=\"og:image:type\" content=\"image\/jpeg\" \/>\n<meta name=\"twitter:card\" content=\"summary_large_image\" \/>\n<meta name=\"twitter:label1\" content=\"Dur\u00e9e de lecture estim\u00e9e\" \/>\n\t<meta name=\"twitter:data1\" content=\"1 minute\" \/>\n<script type=\"application\/ld+json\" class=\"yoast-schema-graph\">{\"@context\":\"https:\\\/\\\/schema.org\",\"@graph\":[{\"@type\":\"WebPage\",\"@id\":\"https:\\\/\\\/www.ylume-creation.com\\\/fr\\\/produit\\\/puces\\\/\",\"url\":\"https:\\\/\\\/www.ylume-creation.com\\\/fr\\\/produit\\\/puces\\\/\",\"name\":\"Puces d'oreilles Dunes - Ylume - Boucles d'oreille cr\u00e9ateur\",\"isPartOf\":{\"@id\":\"https:\\\/\\\/www.ylume-creation.com\\\/fr\\\/#website\"},\"primaryImageOfPage\":{\"@id\":\"https:\\\/\\\/www.ylume-creation.com\\\/fr\\\/produit\\\/puces\\\/#primaryimage\"},\"image\":{\"@id\":\"https:\\\/\\\/www.ylume-creation.com\\\/fr\\\/produit\\\/puces\\\/#primaryimage\"},\"thumbnailUrl\":\"https:\\\/\\\/www.ylume-creation.com\\\/wp-content\\\/uploads\\\/2024\\\/03\\\/PUCES-DUNES.jpg\",\"datePublished\":\"2024-05-20T13:32:45+00:00\",\"dateModified\":\"2025-06-25T09:37:56+00:00\",\"description\":\"Les puces d\u2019oreilles asym\u00e9triques au design original ressemblent \u00e0 des petits coquillages. Plaqu\u00e9es or 750 milli\u00e8mes (18 carats), elles sont parfaites pour votre quotidien.\",\"breadcrumb\":{\"@id\":\"https:\\\/\\\/www.ylume-creation.com\\\/fr\\\/produit\\\/puces\\\/#breadcrumb\"},\"inLanguage\":\"fr-FR\",\"potentialAction\":[{\"@type\":\"ReadAction\",\"target\":[\"https:\\\/\\\/www.ylume-creation.com\\\/fr\\\/produit\\\/puces\\\/\"]}]},{\"@type\":\"ImageObject\",\"inLanguage\":\"fr-FR\",\"@id\":\"https:\\\/\\\/www.ylume-creation.com\\\/fr\\\/produit\\\/puces\\\/#primaryimage\",\"url\":\"https:\\\/\\\/www.ylume-creation.com\\\/wp-content\\\/uploads\\\/2024\\\/03\\\/PUCES-DUNES.jpg\",\"contentUrl\":\"https:\\\/\\\/www.ylume-creation.com\\\/wp-content\\\/uploads\\\/2024\\\/03\\\/PUCES-DUNES.jpg\",\"width\":900,\"height\":1350,\"caption\":\"PUCES DUNES YLUME\"},{\"@type\":\"BreadcrumbList\",\"@id\":\"https:\\\/\\\/www.ylume-creation.com\\\/fr\\\/produit\\\/puces\\\/#breadcrumb\",\"itemListElement\":[{\"@type\":\"ListItem\",\"position\":1,\"name\":\"Accueil\",\"item\":\"https:\\\/\\\/www.ylume-creation.com\\\/fr\\\/\"},{\"@type\":\"ListItem\",\"position\":2,\"name\":\"Produits\",\"item\":\"https:\\\/\\\/www.ylume-creation.com\\\/fr\\\/shop\\\/\"},{\"@type\":\"ListItem\",\"position\":3,\"name\":\"Puces d&rsquo;oreilles Dunes\"}]},{\"@type\":\"WebSite\",\"@id\":\"https:\\\/\\\/www.ylume-creation.com\\\/fr\\\/#website\",\"url\":\"https:\\\/\\\/www.ylume-creation.com\\\/fr\\\/\",\"name\":\"Ylume\",\"description\":\"Illumine les femmes, \u00e9veille les sens\",\"potentialAction\":[{\"@type\":\"SearchAction\",\"target\":{\"@type\":\"EntryPoint\",\"urlTemplate\":\"https:\\\/\\\/www.ylume-creation.com\\\/fr\\\/?s={search_term_string}\"},\"query-input\":{\"@type\":\"PropertyValueSpecification\",\"valueRequired\":true,\"valueName\":\"search_term_string\"}}],\"inLanguage\":\"fr-FR\"}]}<\/script>\n<!-- \/ Yoast SEO plugin. -->","yoast_head_json":{"title":"Puces d'oreilles Dunes - Ylume - Boucles d'oreille cr\u00e9ateur","description":"Les puces d\u2019oreilles asym\u00e9triques au design original ressemblent \u00e0 des petits coquillages. Plaqu\u00e9es or 750 milli\u00e8mes (18 carats), elles sont parfaites pour votre quotidien.","robots":{"index":"index","follow":"follow","max-snippet":"max-snippet:-1","max-image-preview":"max-image-preview:large","max-video-preview":"max-video-preview:-1"},"canonical":"https:\/\/www.ylume-creation.com\/fr\/produit\/puces\/","og_locale":"fr_FR","og_type":"article","og_title":"Puces d'oreilles Dunes - Ylume - Boucles d'oreille cr\u00e9ateur","og_description":"Les puces d\u2019oreilles asym\u00e9triques au design original ressemblent \u00e0 des petits coquillages. Plaqu\u00e9es or 750 milli\u00e8mes (18 carats), elles sont parfaites pour votre quotidien.","og_url":"https:\/\/www.ylume-creation.com\/fr\/produit\/puces\/","og_site_name":"Ylume","article_modified_time":"2025-06-25T09:37:56+00:00","og_image":[{"width":900,"height":1350,"url":"https:\/\/www.ylume-creation.com\/wp-content\/uploads\/2024\/03\/PUCES-DUNES.jpg","type":"image\/jpeg"}],"twitter_card":"summary_large_image","twitter_misc":{"Dur\u00e9e de lecture estim\u00e9e":"1 minute"},"schema":{"@context":"https:\/\/schema.org","@graph":[{"@type":"WebPage","@id":"https:\/\/www.ylume-creation.com\/fr\/produit\/puces\/","url":"https:\/\/www.ylume-creation.com\/fr\/produit\/puces\/","name":"Puces d'oreilles Dunes - Ylume - Boucles d'oreille cr\u00e9ateur","isPartOf":{"@id":"https:\/\/www.ylume-creation.com\/fr\/#website"},"primaryImageOfPage":{"@id":"https:\/\/www.ylume-creation.com\/fr\/produit\/puces\/#primaryimage"},"image":{"@id":"https:\/\/www.ylume-creation.com\/fr\/produit\/puces\/#primaryimage"},"thumbnailUrl":"https:\/\/www.ylume-creation.com\/wp-content\/uploads\/2024\/03\/PUCES-DUNES.jpg","datePublished":"2024-05-20T13:32:45+00:00","dateModified":"2025-06-25T09:37:56+00:00","description":"Les puces d\u2019oreilles asym\u00e9triques au design original ressemblent \u00e0 des petits coquillages. Plaqu\u00e9es or 750 milli\u00e8mes (18 carats), elles sont parfaites pour votre quotidien.","breadcrumb":{"@id":"https:\/\/www.ylume-creation.com\/fr\/produit\/puces\/#breadcrumb"},"inLanguage":"fr-FR","potentialAction":[{"@type":"ReadAction","target":["https:\/\/www.ylume-creation.com\/fr\/produit\/puces\/"]}]},{"@type":"ImageObject","inLanguage":"fr-FR","@id":"https:\/\/www.ylume-creation.com\/fr\/produit\/puces\/#primaryimage","url":"https:\/\/www.ylume-creation.com\/wp-content\/uploads\/2024\/03\/PUCES-DUNES.jpg","contentUrl":"https:\/\/www.ylume-creation.com\/wp-content\/uploads\/2024\/03\/PUCES-DUNES.jpg","width":900,"height":1350,"caption":"PUCES DUNES YLUME"},{"@type":"BreadcrumbList","@id":"https:\/\/www.ylume-creation.com\/fr\/produit\/puces\/#breadcrumb","itemListElement":[{"@type":"ListItem","position":1,"name":"Accueil","item":"https:\/\/www.ylume-creation.com\/fr\/"},{"@type":"ListItem","position":2,"name":"Produits","item":"https:\/\/www.ylume-creation.com\/fr\/shop\/"},{"@type":"ListItem","position":3,"name":"Puces d&rsquo;oreilles Dunes"}]},{"@type":"WebSite","@id":"https:\/\/www.ylume-creation.com\/fr\/#website","url":"https:\/\/www.ylume-creation.com\/fr\/","name":"Ylume","description":"Illumine les femmes, \u00e9veille les sens","potentialAction":[{"@type":"SearchAction","target":{"@type":"EntryPoint","urlTemplate":"https:\/\/www.ylume-creation.com\/fr\/?s={search_term_string}"},"query-input":{"@type":"PropertyValueSpecification","valueRequired":true,"valueName":"search_term_string"}}],"inLanguage":"fr-FR"}]}},"_links":{"self":[{"href":"https:\/\/www.ylume-creation.com\/fr\/wp-json\/wp\/v2\/product\/31451","targetHints":{"allow":["GET"]}}],"collection":[{"href":"https:\/\/www.ylume-creation.com\/fr\/wp-json\/wp\/v2\/product"}],"about":[{"href":"https:\/\/www.ylume-creation.com\/fr\/wp-json\/wp\/v2\/types\/product"}],"version-history":[{"count":4,"href":"https:\/\/www.ylume-creation.com\/fr\/wp-json\/wp\/v2\/product\/31451\/revisions"}],"predecessor-version":[{"id":32787,"href":"https:\/\/www.ylume-creation.com\/fr\/wp-json\/wp\/v2\/product\/31451\/revisions\/32787"}],"wp:featuredmedia":[{"embeddable":true,"href":"https:\/\/www.ylume-creation.com\/fr\/wp-json\/wp\/v2\/media\/31698"}],"wp:attachment":[{"href":"https:\/\/www.ylume-creation.com\/fr\/wp-json\/wp\/v2\/media?parent=31451"}],"wp:term":[{"taxonomy":"product_brand","embeddable":true,"href":"https:\/\/www.ylume-creation.com\/fr\/wp-json\/wp\/v2\/product_brand?post=31451"},{"taxonomy":"product_cat","embeddable":true,"href":"https:\/\/www.ylume-creation.com\/fr\/wp-json\/wp\/v2\/product_cat?post=31451"},{"taxonomy":"product_tag","embeddable":true,"href":"https:\/\/www.ylume-creation.com\/fr\/wp-json\/wp\/v2\/product_tag?post=31451"}],"curies":[{"name":"wp","href":"https:\/\/api.w.org\/{rel}","templated":true}]}}