{"id":28071,"date":"2022-02-04T10:26:15","date_gmt":"2022-02-04T09:26:15","guid":{"rendered":"https:\/\/www.ylume-creation.com\/?post_type=product&#038;p=28071"},"modified":"2023-09-18T15:56:15","modified_gmt":"2023-09-18T13:56:15","slug":"petites-creoles-la-beaute-du-melange-ocre","status":"publish","type":"product","link":"https:\/\/www.ylume-creation.com\/fr\/produit\/petites-creoles-la-beaute-du-melange-ocre\/","title":{"rendered":"Petites cr\u00e9oles La beaut\u00e9 du m\u00e9lange Ocre"},"content":{"rendered":"<div id=\"pl-28071\"  class=\"panel-layout\" ><div id=\"pg-28071-0\"  class=\"panel-grid panel-no-style\" ><div id=\"pgc-28071-0-0\"  class=\"panel-grid-cell\" ><div class=\"ylContentPageRow panel-cell-style panel-cell-style-for-28071-0-0\" ><div id=\"panel-28071-0-0-0\" class=\"so-panel widget widget_media_image panel-first-child panel-last-child\" data-index=\"0\" ><img decoding=\"async\" width=\"300\" height=\"200\" src=\"https:\/\/www.ylume-creation.com\/wp-content\/uploads\/2020\/04\/pagelesvaleurs-300x200.jpg\" class=\"image wp-image-3520  attachment-medium size-medium\" alt=\"Petites cr\u00e9oles La beaut\u00e9 du m\u00e9lange Ocre\" style=\"max-width: 100%; height: auto;\" srcset=\"https:\/\/www.ylume-creation.com\/wp-content\/uploads\/2020\/04\/pagelesvaleurs-300x200.jpg 300w, https:\/\/www.ylume-creation.com\/wp-content\/uploads\/2020\/04\/pagelesvaleurs-768x511.jpg 768w, https:\/\/www.ylume-creation.com\/wp-content\/uploads\/2020\/04\/pagelesvaleurs-1024x681.jpg 1024w, https:\/\/www.ylume-creation.com\/wp-content\/uploads\/2020\/04\/pagelesvaleurs-1080x718.jpg 1080w, https:\/\/www.ylume-creation.com\/wp-content\/uploads\/2020\/04\/pagelesvaleurs-480x319.jpg 480w, https:\/\/www.ylume-creation.com\/wp-content\/uploads\/2020\/04\/pagelesvaleurs-800x532.jpg 800w, https:\/\/www.ylume-creation.com\/wp-content\/uploads\/2020\/04\/pagelesvaleurs-272x182.jpg 272w, https:\/\/www.ylume-creation.com\/wp-content\/uploads\/2020\/04\/pagelesvaleurs.jpg 1087w\" sizes=\"(max-width: 300px) 100vw, 300px\" title=\"Petites cr\u00e9oles La beaut\u00e9 du m\u00e9lange Ocre\" \/><\/div><\/div><\/div><div id=\"pgc-28071-0-1\"  class=\"panel-grid-cell\" ><div class=\"ylContentPageRow panel-cell-style panel-cell-style-for-28071-0-1\" ><div id=\"panel-28071-0-1-0\" class=\"so-panel widget widget_text panel-first-child panel-last-child\" data-index=\"1\" ><h3 class=\"widget-title\">L\u2019\u00e9motion jusque dans l\u2019emballage &#8230;<\/h3>\t\t\t<div class=\"textwidget\"><p>Fabriqu\u00e9es \u00e0 la main avec du beau papier color\u00e9,\u00a0les emballages, petites enveloppes uniques et r\u00e9utilisables\u00a0sont pr\u00e9par\u00e9es avec soin.\u00a0Les graphismes et couleurs varient en fonction\u00a0de chaque collection.\u00a0YLUME glisse une citation dans chaque emballage\u00a0pour \u00e9veiller votre pens\u00e9e et vous faire du bien.<\/p>\n<\/div>\n\t\t<\/div><\/div><\/div><\/div><div id=\"pg-28071-1\"  class=\"panel-grid panel-has-style\" ><div class=\"ylContentPageRow panel-row-style panel-row-style-for-28071-1\" ><div id=\"pgc-28071-1-0\"  class=\"panel-grid-cell\" ><div id=\"panel-28071-1-0-0\" class=\"so-panel widget widget_text panel-first-child panel-last-child\" data-index=\"2\" ><h3 class=\"widget-title\">L\u2019atelier \u00e0 Aix en Provence<\/h3>\t\t\t<div class=\"textwidget\"><p>L\u2019atelier se trouve \u00e0 Aix en Provence,\u00a0petite ville ensoleill\u00e9e aux inspirations du Sud.<\/p>\n<p>Chaque bijou est mont\u00e9 dans l\u2019atelier, manuellement, avec soin et passion.<\/p>\n<p>Vous habitez dans le coin ?<\/p>\n<p>Prenez rdv \u00e0 <a href=\"mailto:contact@ylume-creation.com\">contact@ylume-creation.com <\/a>pour d\u00e9couvrir l\u2019atelier, demander une cr\u00e9ation sur mesure,\u00a0ou juste pour passer un moment ensemble.<\/p>\n<\/div>\n\t\t<\/div><\/div><div id=\"pgc-28071-1-1\"  class=\"panel-grid-cell\" ><div id=\"panel-28071-1-1-0\" class=\"so-panel widget widget_media_image panel-first-child panel-last-child\" data-index=\"3\" ><img decoding=\"async\" width=\"300\" height=\"200\" src=\"https:\/\/www.ylume-creation.com\/wp-content\/uploads\/2020\/04\/aix-300x200.jpg\" class=\"image wp-image-3521  attachment-medium size-medium\" alt=\"Petites cr\u00e9oles La beaut\u00e9 du m\u00e9lange Ocre\" style=\"max-width: 100%; height: auto;\" srcset=\"https:\/\/www.ylume-creation.com\/wp-content\/uploads\/2020\/04\/aix-300x200.jpg 300w, https:\/\/www.ylume-creation.com\/wp-content\/uploads\/2020\/04\/aix-768x512.jpg 768w, https:\/\/www.ylume-creation.com\/wp-content\/uploads\/2020\/04\/aix-1024x683.jpg 1024w, https:\/\/www.ylume-creation.com\/wp-content\/uploads\/2020\/04\/aix-1080x720.jpg 1080w, https:\/\/www.ylume-creation.com\/wp-content\/uploads\/2020\/04\/aix-480x320.jpg 480w, https:\/\/www.ylume-creation.com\/wp-content\/uploads\/2020\/04\/aix-800x533.jpg 800w, https:\/\/www.ylume-creation.com\/wp-content\/uploads\/2020\/04\/aix-272x182.jpg 272w, https:\/\/www.ylume-creation.com\/wp-content\/uploads\/2020\/04\/aix.jpg 1200w\" sizes=\"(max-width: 300px) 100vw, 300px\" title=\"Petites cr\u00e9oles La beaut\u00e9 du m\u00e9lange Ocre\" \/><\/div><\/div><\/div><\/div><div id=\"pg-28071-2\"  class=\"panel-grid panel-no-style\" ><div id=\"pgc-28071-2-0\"  class=\"panel-grid-cell\" ><div class=\"ylContentPageRow panel-cell-style panel-cell-style-for-28071-2-0\" ><div id=\"panel-28071-2-0-0\" class=\"so-panel widget widget_media_image panel-first-child panel-last-child\" data-index=\"4\" ><img decoding=\"async\" width=\"300\" height=\"200\" src=\"https:\/\/www.ylume-creation.com\/wp-content\/uploads\/2020\/04\/pagedescription-300x200.jpg\" class=\"image wp-image-3522  attachment-medium size-medium\" alt=\"Petites cr\u00e9oles La beaut\u00e9 du m\u00e9lange Ocre\" style=\"max-width: 100%; height: auto;\" srcset=\"https:\/\/www.ylume-creation.com\/wp-content\/uploads\/2020\/04\/pagedescription-300x200.jpg 300w, https:\/\/www.ylume-creation.com\/wp-content\/uploads\/2020\/04\/pagedescription-768x512.jpg 768w, https:\/\/www.ylume-creation.com\/wp-content\/uploads\/2020\/04\/pagedescription-1024x683.jpg 1024w, https:\/\/www.ylume-creation.com\/wp-content\/uploads\/2020\/04\/pagedescription-1080x720.jpg 1080w, https:\/\/www.ylume-creation.com\/wp-content\/uploads\/2020\/04\/pagedescription-480x320.jpg 480w, https:\/\/www.ylume-creation.com\/wp-content\/uploads\/2020\/04\/pagedescription-800x533.jpg 800w, https:\/\/www.ylume-creation.com\/wp-content\/uploads\/2020\/04\/pagedescription-272x182.jpg 272w, https:\/\/www.ylume-creation.com\/wp-content\/uploads\/2020\/04\/pagedescription.jpg 1200w\" sizes=\"(max-width: 300px) 100vw, 300px\" title=\"Petites cr\u00e9oles La beaut\u00e9 du m\u00e9lange Ocre\" \/><\/div><\/div><\/div><div id=\"pgc-28071-2-1\"  class=\"panel-grid-cell\" ><div class=\"ylContentPageRow panel-cell-style panel-cell-style-for-28071-2-1\" ><div id=\"panel-28071-2-1-0\" class=\"so-panel widget widget_text panel-first-child panel-last-child\" data-index=\"5\" ><h3 class=\"widget-title\">Rien ne se perd &#8230; Tout se transforme !<\/h3>\t\t\t<div class=\"textwidget\"><p>Le cuir utilis\u00e9 est issu de chutes de maroquineries locales.\u00a0R\u00e9guli\u00e8rement, nous nous d\u00e9pla\u00e7ons dans les environs pour r\u00e9cup\u00e9rer les chutes\u00a0de d\u00e9coupes de cuir.<br \/>\nCe cuir est trait\u00e9, d\u00e9coup\u00e9 avec soin gr\u00e2ce \u00e0 des outils\u00a0fabriqu\u00e9s en France.<\/p>\n<p>Il est ensuite mont\u00e9 en bijoux selon l\u2019inspiration du moment\u00a0et combin\u00e9 avec les chaines dor\u00e9es \u00e0 l\u2019or.<\/p>\n<p>Tout se transforme aussi pour le papier \u2026\u00a0Apr\u00e8s d\u00e9coupe du papier pour les emballages, les chutes\u00a0sont r\u00e9cup\u00e9r\u00e9es et confi\u00e9es \u00e0 des maitresses d\u2019\u00e9coles\u00a0de la r\u00e9gion pour faire du d\u00e9coupage avec les enfants.<\/p>\n<\/div>\n\t\t<\/div><\/div><\/div><\/div><\/div>","protected":false},"excerpt":{"rendered":"<p>Les cr\u00e9oles \u00ab\u00a0La beaut\u00e9 du m\u00e9lange\u00a0\u00bb font honneur \u00e0 la tendance Mix &amp; Match du moment. Choisissez deux cr\u00e9oles et faites votre propre association. Toutes peuvent aller ensemble ! C&rsquo;est beau de ne pas \u00eatre sym\u00e9trique, c&rsquo;est beau d&rsquo;\u00eatre unique, c&rsquo;est beau la beaut\u00e9 du m\u00e9lange &#8230;<\/p>\n<p>Chaque cr\u00e9ole est orn\u00e9e de labradorite, cristal bleut\u00e9, pyrite d&rsquo;Inde &#8230; Voici le d\u00e9tail de chacune, \u00e0 vous de jouer !<\/p>\n<p><span style=\"color: #217aa6;\">Cr\u00e9ole L&rsquo;\u00e9l\u00e9gante<\/span> : une belle labradorite en pendentif, pyrite et cristal<\/p>\n<p><span style=\"color: #217aa6;\">Cr\u00e9ole La joyeuse<\/span> : petite croix entour\u00e9e de cristal, et d&rsquo;une jolie boule dor\u00e9e iris\u00e9e<\/p>\n<p><span style=\"color: #217aa6;\">Cr\u00e9ole La douce<\/span> : m\u00e9lange de cristal bleut\u00e9 et labradorite<\/p>\n<p><span style=\"color: #217aa6;\">Cr\u00e9ole La nostalgique<\/span> : cristal bleut\u00e9 entourant des petites rondelles et fleurs dor\u00e9es<\/p>\n<p><span style=\"color: #217aa6;\">Cr\u00e9ole La p\u00e9tillante<\/span> : une belle pyrite kaki et cristal bleut\u00e9<\/p>\n<p><span style=\"color: #217aa6;\">Cr\u00e9ole La sereine<\/span> : m\u00e9lange de cristal bleut\u00e9 et labradorite et petites fleurs dor\u00e9es<\/p>\n<p>Le support est dor\u00e9 \u00e0 l&rsquo;or fin 24 carats 1 micron. Sans plomb, sans nickel, plaqu\u00e9 en France, et d&rsquo;une tr\u00e8s bonne tenue. Les cr\u00e9oles font 20 mm de diam\u00e8tre.<\/p>\n<p>Le support est dor\u00e9 \u00e0 l&rsquo;or fin 24 carats. Sans plomb, sans nickel, plaqu\u00e9 en France, et d&rsquo;une tr\u00e8s bonne tenue. Les cr\u00e9oles font 20 mm de diam\u00e8tre.<\/p>\n","protected":false},"featured_media":28092,"template":"","meta":{"_acf_changed":false,"footnotes":""},"product_brand":[],"product_cat":[45],"product_tag":[88],"class_list":{"0":"post-28071","1":"product","2":"type-product","3":"status-publish","4":"has-post-thumbnail","6":"product_cat-bijoux","7":"product_tag-archives","8":"cel-50","10":"first","11":"instock","12":"sale","13":"taxable","14":"shipping-taxable","15":"purchasable","16":"product-type-variable"},"acf":[],"yoast_head":"<!-- This site is optimized with the Yoast SEO plugin v27.4 - https:\/\/yoast.com\/product\/yoast-seo-wordpress\/ -->\n<title>Cr\u00e9oles asym\u00e9triques - couleur ocre - Bijoux cr\u00e9ateur - Aix en Provence -<\/title>\n<meta name=\"description\" content=\"Voyez la vie diff\u00e9remment en choisissant deux cr\u00e9oles uniques. L&#039;asym\u00e9trie vous donnera un style, et est totalement dans la tendance Mix&amp;Match du moment.\" \/>\n<meta name=\"robots\" content=\"index, follow, max-snippet:-1, max-image-preview:large, max-video-preview:-1\" \/>\n<link rel=\"canonical\" href=\"https:\/\/www.ylume-creation.com\/fr\/produit\/petites-creoles-la-beaute-du-melange-ocre\/\" \/>\n<meta property=\"og:locale\" content=\"fr_FR\" \/>\n<meta property=\"og:type\" content=\"article\" \/>\n<meta property=\"og:title\" content=\"Cr\u00e9oles asym\u00e9triques - couleur ocre - Bijoux cr\u00e9ateur - Aix en Provence -\" \/>\n<meta property=\"og:description\" content=\"Voyez la vie diff\u00e9remment en choisissant deux cr\u00e9oles uniques. L&#039;asym\u00e9trie vous donnera un style, et est totalement dans la tendance Mix&amp;Match du moment.\" \/>\n<meta property=\"og:url\" content=\"https:\/\/www.ylume-creation.com\/fr\/produit\/petites-creoles-la-beaute-du-melange-ocre\/\" \/>\n<meta property=\"og:site_name\" content=\"Ylume\" \/>\n<meta property=\"article:modified_time\" content=\"2023-09-18T13:56:15+00:00\" \/>\n<meta property=\"og:image\" content=\"https:\/\/www.ylume-creation.com\/wp-content\/uploads\/2022\/02\/la-beautemelange-2.jpg\" \/>\n\t<meta property=\"og:image:width\" content=\"1200\" \/>\n\t<meta property=\"og:image:height\" content=\"900\" \/>\n\t<meta property=\"og:image:type\" content=\"image\/jpeg\" \/>\n<meta name=\"twitter:card\" content=\"summary_large_image\" \/>\n<meta name=\"twitter:label1\" content=\"Dur\u00e9e de lecture estim\u00e9e\" \/>\n\t<meta name=\"twitter:data1\" content=\"2 minutes\" \/>\n<script type=\"application\/ld+json\" class=\"yoast-schema-graph\">{\"@context\":\"https:\\\/\\\/schema.org\",\"@graph\":[{\"@type\":\"WebPage\",\"@id\":\"https:\\\/\\\/www.ylume-creation.com\\\/fr\\\/produit\\\/petites-creoles-la-beaute-du-melange-ocre\\\/\",\"url\":\"https:\\\/\\\/www.ylume-creation.com\\\/fr\\\/produit\\\/petites-creoles-la-beaute-du-melange-ocre\\\/\",\"name\":\"Cr\u00e9oles asym\u00e9triques - couleur ocre - Bijoux cr\u00e9ateur - Aix en Provence -\",\"isPartOf\":{\"@id\":\"https:\\\/\\\/www.ylume-creation.com\\\/fr\\\/#website\"},\"primaryImageOfPage\":{\"@id\":\"https:\\\/\\\/www.ylume-creation.com\\\/fr\\\/produit\\\/petites-creoles-la-beaute-du-melange-ocre\\\/#primaryimage\"},\"image\":{\"@id\":\"https:\\\/\\\/www.ylume-creation.com\\\/fr\\\/produit\\\/petites-creoles-la-beaute-du-melange-ocre\\\/#primaryimage\"},\"thumbnailUrl\":\"https:\\\/\\\/www.ylume-creation.com\\\/wp-content\\\/uploads\\\/2022\\\/02\\\/la-beautemelange-2.jpg\",\"datePublished\":\"2022-02-04T09:26:15+00:00\",\"dateModified\":\"2023-09-18T13:56:15+00:00\",\"description\":\"Voyez la vie diff\u00e9remment en choisissant deux cr\u00e9oles uniques. L'asym\u00e9trie vous donnera un style, et est totalement dans la tendance Mix&Match du moment.\",\"breadcrumb\":{\"@id\":\"https:\\\/\\\/www.ylume-creation.com\\\/fr\\\/produit\\\/petites-creoles-la-beaute-du-melange-ocre\\\/#breadcrumb\"},\"inLanguage\":\"fr-FR\",\"potentialAction\":[{\"@type\":\"ReadAction\",\"target\":[\"https:\\\/\\\/www.ylume-creation.com\\\/fr\\\/produit\\\/petites-creoles-la-beaute-du-melange-ocre\\\/\"]}]},{\"@type\":\"ImageObject\",\"inLanguage\":\"fr-FR\",\"@id\":\"https:\\\/\\\/www.ylume-creation.com\\\/fr\\\/produit\\\/petites-creoles-la-beaute-du-melange-ocre\\\/#primaryimage\",\"url\":\"https:\\\/\\\/www.ylume-creation.com\\\/wp-content\\\/uploads\\\/2022\\\/02\\\/la-beautemelange-2.jpg\",\"contentUrl\":\"https:\\\/\\\/www.ylume-creation.com\\\/wp-content\\\/uploads\\\/2022\\\/02\\\/la-beautemelange-2.jpg\",\"width\":1200,\"height\":900,\"caption\":\"mini cr\u00e9oles avec des pierres pourpre et ocre\"},{\"@type\":\"BreadcrumbList\",\"@id\":\"https:\\\/\\\/www.ylume-creation.com\\\/fr\\\/produit\\\/petites-creoles-la-beaute-du-melange-ocre\\\/#breadcrumb\",\"itemListElement\":[{\"@type\":\"ListItem\",\"position\":1,\"name\":\"Accueil\",\"item\":\"https:\\\/\\\/www.ylume-creation.com\\\/fr\\\/\"},{\"@type\":\"ListItem\",\"position\":2,\"name\":\"Produits\",\"item\":\"https:\\\/\\\/www.ylume-creation.com\\\/fr\\\/shop\\\/\"},{\"@type\":\"ListItem\",\"position\":3,\"name\":\"Petites cr\u00e9oles La beaut\u00e9 du m\u00e9lange Ocre\"}]},{\"@type\":\"WebSite\",\"@id\":\"https:\\\/\\\/www.ylume-creation.com\\\/fr\\\/#website\",\"url\":\"https:\\\/\\\/www.ylume-creation.com\\\/fr\\\/\",\"name\":\"Ylume\",\"description\":\"Illumine les femmes, \u00e9veille les sens\",\"potentialAction\":[{\"@type\":\"SearchAction\",\"target\":{\"@type\":\"EntryPoint\",\"urlTemplate\":\"https:\\\/\\\/www.ylume-creation.com\\\/fr\\\/?s={search_term_string}\"},\"query-input\":{\"@type\":\"PropertyValueSpecification\",\"valueRequired\":true,\"valueName\":\"search_term_string\"}}],\"inLanguage\":\"fr-FR\"}]}<\/script>\n<!-- \/ Yoast SEO plugin. -->","yoast_head_json":{"title":"Cr\u00e9oles asym\u00e9triques - couleur ocre - Bijoux cr\u00e9ateur - Aix en Provence -","description":"Voyez la vie diff\u00e9remment en choisissant deux cr\u00e9oles uniques. L'asym\u00e9trie vous donnera un style, et est totalement dans la tendance Mix&Match du moment.","robots":{"index":"index","follow":"follow","max-snippet":"max-snippet:-1","max-image-preview":"max-image-preview:large","max-video-preview":"max-video-preview:-1"},"canonical":"https:\/\/www.ylume-creation.com\/fr\/produit\/petites-creoles-la-beaute-du-melange-ocre\/","og_locale":"fr_FR","og_type":"article","og_title":"Cr\u00e9oles asym\u00e9triques - couleur ocre - Bijoux cr\u00e9ateur - Aix en Provence -","og_description":"Voyez la vie diff\u00e9remment en choisissant deux cr\u00e9oles uniques. L'asym\u00e9trie vous donnera un style, et est totalement dans la tendance Mix&Match du moment.","og_url":"https:\/\/www.ylume-creation.com\/fr\/produit\/petites-creoles-la-beaute-du-melange-ocre\/","og_site_name":"Ylume","article_modified_time":"2023-09-18T13:56:15+00:00","og_image":[{"width":1200,"height":900,"url":"https:\/\/www.ylume-creation.com\/wp-content\/uploads\/2022\/02\/la-beautemelange-2.jpg","type":"image\/jpeg"}],"twitter_card":"summary_large_image","twitter_misc":{"Dur\u00e9e de lecture estim\u00e9e":"2 minutes"},"schema":{"@context":"https:\/\/schema.org","@graph":[{"@type":"WebPage","@id":"https:\/\/www.ylume-creation.com\/fr\/produit\/petites-creoles-la-beaute-du-melange-ocre\/","url":"https:\/\/www.ylume-creation.com\/fr\/produit\/petites-creoles-la-beaute-du-melange-ocre\/","name":"Cr\u00e9oles asym\u00e9triques - couleur ocre - Bijoux cr\u00e9ateur - Aix en Provence -","isPartOf":{"@id":"https:\/\/www.ylume-creation.com\/fr\/#website"},"primaryImageOfPage":{"@id":"https:\/\/www.ylume-creation.com\/fr\/produit\/petites-creoles-la-beaute-du-melange-ocre\/#primaryimage"},"image":{"@id":"https:\/\/www.ylume-creation.com\/fr\/produit\/petites-creoles-la-beaute-du-melange-ocre\/#primaryimage"},"thumbnailUrl":"https:\/\/www.ylume-creation.com\/wp-content\/uploads\/2022\/02\/la-beautemelange-2.jpg","datePublished":"2022-02-04T09:26:15+00:00","dateModified":"2023-09-18T13:56:15+00:00","description":"Voyez la vie diff\u00e9remment en choisissant deux cr\u00e9oles uniques. L'asym\u00e9trie vous donnera un style, et est totalement dans la tendance Mix&Match du moment.","breadcrumb":{"@id":"https:\/\/www.ylume-creation.com\/fr\/produit\/petites-creoles-la-beaute-du-melange-ocre\/#breadcrumb"},"inLanguage":"fr-FR","potentialAction":[{"@type":"ReadAction","target":["https:\/\/www.ylume-creation.com\/fr\/produit\/petites-creoles-la-beaute-du-melange-ocre\/"]}]},{"@type":"ImageObject","inLanguage":"fr-FR","@id":"https:\/\/www.ylume-creation.com\/fr\/produit\/petites-creoles-la-beaute-du-melange-ocre\/#primaryimage","url":"https:\/\/www.ylume-creation.com\/wp-content\/uploads\/2022\/02\/la-beautemelange-2.jpg","contentUrl":"https:\/\/www.ylume-creation.com\/wp-content\/uploads\/2022\/02\/la-beautemelange-2.jpg","width":1200,"height":900,"caption":"mini cr\u00e9oles avec des pierres pourpre et ocre"},{"@type":"BreadcrumbList","@id":"https:\/\/www.ylume-creation.com\/fr\/produit\/petites-creoles-la-beaute-du-melange-ocre\/#breadcrumb","itemListElement":[{"@type":"ListItem","position":1,"name":"Accueil","item":"https:\/\/www.ylume-creation.com\/fr\/"},{"@type":"ListItem","position":2,"name":"Produits","item":"https:\/\/www.ylume-creation.com\/fr\/shop\/"},{"@type":"ListItem","position":3,"name":"Petites cr\u00e9oles La beaut\u00e9 du m\u00e9lange Ocre"}]},{"@type":"WebSite","@id":"https:\/\/www.ylume-creation.com\/fr\/#website","url":"https:\/\/www.ylume-creation.com\/fr\/","name":"Ylume","description":"Illumine les femmes, \u00e9veille les sens","potentialAction":[{"@type":"SearchAction","target":{"@type":"EntryPoint","urlTemplate":"https:\/\/www.ylume-creation.com\/fr\/?s={search_term_string}"},"query-input":{"@type":"PropertyValueSpecification","valueRequired":true,"valueName":"search_term_string"}}],"inLanguage":"fr-FR"}]}},"_links":{"self":[{"href":"https:\/\/www.ylume-creation.com\/fr\/wp-json\/wp\/v2\/product\/28071","targetHints":{"allow":["GET"]}}],"collection":[{"href":"https:\/\/www.ylume-creation.com\/fr\/wp-json\/wp\/v2\/product"}],"about":[{"href":"https:\/\/www.ylume-creation.com\/fr\/wp-json\/wp\/v2\/types\/product"}],"version-history":[{"count":5,"href":"https:\/\/www.ylume-creation.com\/fr\/wp-json\/wp\/v2\/product\/28071\/revisions"}],"predecessor-version":[{"id":30499,"href":"https:\/\/www.ylume-creation.com\/fr\/wp-json\/wp\/v2\/product\/28071\/revisions\/30499"}],"wp:featuredmedia":[{"embeddable":true,"href":"https:\/\/www.ylume-creation.com\/fr\/wp-json\/wp\/v2\/media\/28092"}],"wp:attachment":[{"href":"https:\/\/www.ylume-creation.com\/fr\/wp-json\/wp\/v2\/media?parent=28071"}],"wp:term":[{"taxonomy":"product_brand","embeddable":true,"href":"https:\/\/www.ylume-creation.com\/fr\/wp-json\/wp\/v2\/product_brand?post=28071"},{"taxonomy":"product_cat","embeddable":true,"href":"https:\/\/www.ylume-creation.com\/fr\/wp-json\/wp\/v2\/product_cat?post=28071"},{"taxonomy":"product_tag","embeddable":true,"href":"https:\/\/www.ylume-creation.com\/fr\/wp-json\/wp\/v2\/product_tag?post=28071"}],"curies":[{"name":"wp","href":"https:\/\/api.w.org\/{rel}","templated":true}]}}