{"id":2085,"date":"2019-03-25T13:39:44","date_gmt":"2019-03-25T12:39:44","guid":{"rendered":"https:\/\/www.ylume-creation.com\/?post_type=product&#038;p=2085"},"modified":"2026-04-15T22:33:32","modified_gmt":"2026-04-15T20:33:32","slug":"eau-de-parfum","status":"publish","type":"product","link":"https:\/\/www.ylume-creation.com\/fr\/produit\/eau-de-parfum\/","title":{"rendered":"Eau de parfum MERIA"},"content":{"rendered":"<div id=\"pl-2085\"  class=\"panel-layout\" ><div id=\"pg-2085-0\"  class=\"panel-grid panel-no-style\" ><div id=\"pgc-2085-0-0\"  class=\"panel-grid-cell\" ><div class=\"ylContentPageRow panel-cell-style panel-cell-style-for-2085-0-0\" ><div id=\"panel-2085-0-0-0\" class=\"so-panel widget widget_media_image panel-first-child panel-last-child\" data-index=\"0\" ><img decoding=\"async\" width=\"300\" height=\"225\" src=\"https:\/\/www.ylume-creation.com\/wp-content\/uploads\/2019\/03\/resizeoptimal3-300x225.jpg\" class=\"image wp-image-2106  attachment-medium size-medium\" alt=\"Eau de parfum MERIA\" style=\"max-width: 100%; height: auto;\" srcset=\"https:\/\/www.ylume-creation.com\/wp-content\/uploads\/2019\/03\/resizeoptimal3-300x225.jpg 300w, https:\/\/www.ylume-creation.com\/wp-content\/uploads\/2019\/03\/resizeoptimal3-480x360.jpg 480w, https:\/\/www.ylume-creation.com\/wp-content\/uploads\/2019\/03\/resizeoptimal3.jpg 700w\" sizes=\"(max-width: 300px) 100vw, 300px\" title=\"Eau de parfum MERIA\" \/><\/div><\/div><\/div><div id=\"pgc-2085-0-1\"  class=\"panel-grid-cell\" ><div class=\"ylContentPageRow panel-cell-style panel-cell-style-for-2085-0-1\" ><div id=\"panel-2085-0-1-0\" class=\"so-panel widget widget_text panel-first-child panel-last-child\" data-index=\"1\" ><h3 class=\"widget-title\">Un emballage r\u00e9utilisable<\/h3>\t\t\t<div class=\"textwidget\"><p>Plut\u00f4t qu&rsquo;un \u00e9tui carton, YLUME recherche des solutions qui ne sont pas un poids suppl\u00e9mentaire pour l&rsquo;environnement. Le parfum est propos\u00e9 dans un joli pochon blanc et dor\u00e9 en coton r\u00e9utilisable \u00e0 l&rsquo;infini<span style=\"color: #000000; font-family: Calibri, Helvetica, sans-serif;\">. <\/span>Il est travaill\u00e9 avec un partenaire en France. Profitez en pour l&rsquo;utiliser pour transporter votre parfum en vacances ou pour y ranger vos bijoux.<\/p>\n<p><\/p>\n<\/div>\n\t\t<\/div><\/div><\/div><\/div><div id=\"pg-2085-1\"  class=\"panel-grid panel-has-style\" ><div class=\"ylContentPageRow panel-row-style panel-row-style-for-2085-1\" ><div id=\"pgc-2085-1-0\"  class=\"panel-grid-cell\" ><div id=\"panel-2085-1-0-0\" class=\"so-panel widget widget_text panel-first-child panel-last-child\" data-index=\"2\" ><h3 class=\"widget-title\">Les ingr\u00e9dients<\/h3>\t\t\t<div class=\"textwidget\"><p>En note de t\u00eate, la bergamote et les baies roses font leur apparition. En note de coeur, les notes marines et iod\u00e9es explosent et en note de fond, l&rsquo;ambre, le musc et la mer effleurent votre peau.<\/p>\n<p>Une belle invitation \u00e0 r\u00eaver de la mer, des criques, des galets caress\u00e9s par les vagues, de la Corse.<\/p>\n<p>Les listes d&rsquo; ingr\u00e9dients entrant dans la composition des produits sont r\u00e9guli\u00e8rement mises \u00e0 jour. Avant d&rsquo;utiliser un produit, veuillez lire la liste d&rsquo;ingr\u00e9dients situ\u00e9e sur les emballages afin de vous assurer que les ingr\u00e9dients sont adapt\u00e9s \u00e0 votre utilisation personnelle.<\/p>\n<p>D\u00e9tails de la composition : Alcohol denat, parfum (fragrance), benzyl salicylate, Aqua, benzyl benzoate, limonene, linalool, citronellol, benzyl alcohol, coumarin, geraniol.<\/p>\n<\/div>\n\t\t<\/div><\/div><div id=\"pgc-2085-1-1\"  class=\"panel-grid-cell\" ><div id=\"panel-2085-1-1-0\" class=\"so-panel widget widget_media_image panel-first-child panel-last-child\" data-index=\"3\" ><img decoding=\"async\" class=\"image \" src=\"https:\/\/res.cloudinary.com\/dshwep276\/image\/upload\/c_fill,f_auto,w_450\/v1588607691\/produits%20parfums\/fullsizeoutput_303f_frtwnw.jpg\" alt=\"\" width=\"450\" height=\"327\" \/><\/div><\/div><\/div><\/div><div id=\"pg-2085-2\"  class=\"panel-grid panel-no-style\" ><div id=\"pgc-2085-2-0\"  class=\"panel-grid-cell\" ><div class=\"ylContentPageRow panel-cell-style panel-cell-style-for-2085-2-0\" ><div id=\"panel-2085-2-0-0\" class=\"so-panel widget widget_media_image panel-first-child panel-last-child\" data-index=\"4\" ><img decoding=\"async\" class=\"image \" src=\"https:\/\/res.cloudinary.com\/dshwep276\/image\/upload\/c_fill,f_auto,w_400\/v1588607532\/produits%20parfums\/fullsizeoutput_2941_st3mon.jpg\" alt=\"Parfum artisanal grassse\" width=\"400\" height=\"267\" \/><\/div><\/div><\/div><div id=\"pgc-2085-2-1\"  class=\"panel-grid-cell\" ><div class=\"ylContentPageRow panel-cell-style panel-cell-style-for-2085-2-1\" ><div id=\"panel-2085-2-1-0\" class=\"so-panel widget widget_text panel-first-child panel-last-child\" data-index=\"5\" ><h3 class=\"widget-title\">Le Sud de la France au coeur<\/h3>\t\t\t<div class=\"textwidget\"><div>Les fragrances sont travaill\u00e9es pendant plusieurs mois avec un nez \u00e0 Grasse, ville connue pour la haute parfumerie.<\/div>\n<div>Des ingr\u00e9dients du Sud sont favoris\u00e9s (les agrumes notamment) et nous choisissons nos partenaires pour leur professionnalisme et \u00e9galement, d\u00e8s que nous le pouvons nous choisissons des partenaires en Provence.<\/div>\n<div>Le parfum est fabriqu\u00e9 \u00e0 Grasse, la pampille dor\u00e9e qui compose le cordon est fabriqu\u00e9e en Provence, et le cordon bracelet en Auvergne.<\/div>\n<\/div>\n\t\t<\/div><\/div><\/div><\/div><div id=\"pg-2085-3\"  class=\"panel-grid panel-has-style\" ><div class=\"ylContentPageRow panel-row-style panel-row-style-for-2085-3\" ><div id=\"pgc-2085-3-0\"  class=\"panel-grid-cell\" ><div id=\"panel-2085-3-0-0\" class=\"so-panel widget widget_text panel-first-child panel-last-child\" data-index=\"6\" ><h3 class=\"widget-title\">Un parfum &#8230; bijou<\/h3>\t\t\t<div class=\"textwidget\"><div>Parce que la marque YLUME est aussi une marque de bijoux, chaque parfum fait \u00e9cho aux cr\u00e9ations de bijoux et est propos\u00e9 avec un cordon bracelet color\u00e9 et orn\u00e9 de la pampille Ylume dor\u00e9e \u00e0 l&rsquo;or fin 24 carats.<\/p>\n<div>Bleu Turquoise pour MERIA, Dor\u00e9 orange pour LUMIO, Rose grenat pour GIULIA<\/div>\n<div>Portez ce petit cordon \u00e0 votre bras pour vous sentir belle et sentir bon !<\/div>\n<\/div>\n<\/div>\n\t\t<\/div><\/div><div id=\"pgc-2085-3-1\"  class=\"panel-grid-cell\" ><div id=\"panel-2085-3-1-0\" class=\"so-panel widget widget_media_image panel-first-child panel-last-child\" data-index=\"7\" ><img decoding=\"async\" width=\"300\" height=\"225\" src=\"https:\/\/www.ylume-creation.com\/wp-content\/uploads\/2019\/03\/parfum7resize-300x225.jpg\" class=\"image wp-image-2103  attachment-medium size-medium\" alt=\"Eau de parfum MERIA\" style=\"max-width: 100%; height: auto;\" srcset=\"https:\/\/www.ylume-creation.com\/wp-content\/uploads\/2019\/03\/parfum7resize-300x225.jpg 300w, https:\/\/www.ylume-creation.com\/wp-content\/uploads\/2019\/03\/parfum7resize-480x360.jpg 480w, https:\/\/www.ylume-creation.com\/wp-content\/uploads\/2019\/03\/parfum7resize.jpg 700w\" sizes=\"(max-width: 300px) 100vw, 300px\" title=\"Eau de parfum MERIA\" \/><\/div><\/div><\/div><\/div><\/div>","protected":false},"excerpt":{"rendered":"<p style=\"text-align: center;\">&#8230; L &lsquo; I N S P I R A T I O N &#8230;<\/p>\n<p style=\"text-align: center;\"><span style=\"color: #003366;\">Une crique secr\u00e8te en Corse, la lumi\u00e8re du petit matin sur les eaux turquoise et \u00e9meraude, les roches et galets caress\u00e9s par les vagues, un plongeon dans une mer fra\u00eeche et tonifiante<\/span><\/p>\n<p>Cr\u00e9\u00e9e en collaboration avec un grand parfumeur de Grasse, aquatique et hesp\u00e9rid\u00e9e, lumineuse et styl\u00e9e, MERIA combine des notes agrumes et iod\u00e9es et est une magnifique invitation aux voyages pr\u00e8s de la mer.<\/p>\n","protected":false},"featured_media":26287,"template":"","meta":{"_acf_changed":false,"footnotes":""},"product_brand":[],"product_cat":[54,46],"product_tag":[88],"class_list":{"0":"post-2085","1":"product","2":"type-product","3":"status-publish","4":"has-post-thumbnail","6":"product_cat-eaudeparfum","7":"product_cat-parfums-ylume","8":"product_tag-archives","9":"product_shipping_class-colissimo","11":"first","12":"instock","13":"featured","14":"taxable","15":"shipping-taxable","16":"purchasable","17":"product-type-simple"},"acf":[],"yoast_head":"<!-- This site is optimized with the Yoast SEO plugin v27.4 - https:\/\/yoast.com\/product\/yoast-seo-wordpress\/ -->\n<title>Eau de parfum iod\u00e9e Meria - Ylume<\/title>\n<meta name=\"description\" content=\"Ylume lance sa premi\u00e8re eau de parfum 100ml. Ses notes marines et agrumes vous transportent dans un voyage pr\u00e8s de la mer, dans une crique en Corse.\" \/>\n<meta name=\"robots\" content=\"index, follow, max-snippet:-1, max-image-preview:large, max-video-preview:-1\" \/>\n<link rel=\"canonical\" href=\"https:\/\/www.ylume-creation.com\/fr\/produit\/eau-de-parfum\/\" \/>\n<meta property=\"og:locale\" content=\"fr_FR\" \/>\n<meta property=\"og:type\" content=\"article\" \/>\n<meta property=\"og:title\" content=\"Eau de parfum iod\u00e9e Meria - Ylume\" \/>\n<meta property=\"og:description\" content=\"Ylume lance sa premi\u00e8re eau de parfum 100ml. Ses notes marines et agrumes vous transportent dans un voyage pr\u00e8s de la mer, dans une crique en Corse.\" \/>\n<meta property=\"og:url\" content=\"https:\/\/www.ylume-creation.com\/fr\/produit\/eau-de-parfum\/\" \/>\n<meta property=\"og:site_name\" content=\"Ylume\" \/>\n<meta property=\"article:modified_time\" content=\"2026-04-15T20:33:32+00:00\" \/>\n<meta property=\"og:image\" content=\"https:\/\/www.ylume-creation.com\/wp-content\/uploads\/2020\/05\/PARFUM-MERIA.jpg\" \/>\n\t<meta property=\"og:image:width\" content=\"1200\" \/>\n\t<meta property=\"og:image:height\" content=\"900\" \/>\n\t<meta property=\"og:image:type\" content=\"image\/jpeg\" \/>\n<meta name=\"twitter:card\" content=\"summary_large_image\" \/>\n<meta name=\"twitter:label1\" content=\"Dur\u00e9e de lecture estim\u00e9e\" \/>\n\t<meta name=\"twitter:data1\" content=\"3 minutes\" \/>\n<script type=\"application\/ld+json\" class=\"yoast-schema-graph\">{\"@context\":\"https:\\\/\\\/schema.org\",\"@graph\":[{\"@type\":\"WebPage\",\"@id\":\"https:\\\/\\\/www.ylume-creation.com\\\/fr\\\/produit\\\/eau-de-parfum\\\/\",\"url\":\"https:\\\/\\\/www.ylume-creation.com\\\/fr\\\/produit\\\/eau-de-parfum\\\/\",\"name\":\"Eau de parfum iod\u00e9e Meria - Ylume\",\"isPartOf\":{\"@id\":\"https:\\\/\\\/www.ylume-creation.com\\\/fr\\\/#website\"},\"primaryImageOfPage\":{\"@id\":\"https:\\\/\\\/www.ylume-creation.com\\\/fr\\\/produit\\\/eau-de-parfum\\\/#primaryimage\"},\"image\":{\"@id\":\"https:\\\/\\\/www.ylume-creation.com\\\/fr\\\/produit\\\/eau-de-parfum\\\/#primaryimage\"},\"thumbnailUrl\":\"https:\\\/\\\/www.ylume-creation.com\\\/wp-content\\\/uploads\\\/2020\\\/05\\\/PARFUM-MERIA.jpg\",\"datePublished\":\"2019-03-25T12:39:44+00:00\",\"dateModified\":\"2026-04-15T20:33:32+00:00\",\"description\":\"Ylume lance sa premi\u00e8re eau de parfum 100ml. Ses notes marines et agrumes vous transportent dans un voyage pr\u00e8s de la mer, dans une crique en Corse.\",\"breadcrumb\":{\"@id\":\"https:\\\/\\\/www.ylume-creation.com\\\/fr\\\/produit\\\/eau-de-parfum\\\/#breadcrumb\"},\"inLanguage\":\"fr-FR\",\"potentialAction\":[{\"@type\":\"ReadAction\",\"target\":[\"https:\\\/\\\/www.ylume-creation.com\\\/fr\\\/produit\\\/eau-de-parfum\\\/\"]}]},{\"@type\":\"ImageObject\",\"inLanguage\":\"fr-FR\",\"@id\":\"https:\\\/\\\/www.ylume-creation.com\\\/fr\\\/produit\\\/eau-de-parfum\\\/#primaryimage\",\"url\":\"https:\\\/\\\/www.ylume-creation.com\\\/wp-content\\\/uploads\\\/2020\\\/05\\\/PARFUM-MERIA.jpg\",\"contentUrl\":\"https:\\\/\\\/www.ylume-creation.com\\\/wp-content\\\/uploads\\\/2020\\\/05\\\/PARFUM-MERIA.jpg\",\"width\":1200,\"height\":900},{\"@type\":\"BreadcrumbList\",\"@id\":\"https:\\\/\\\/www.ylume-creation.com\\\/fr\\\/produit\\\/eau-de-parfum\\\/#breadcrumb\",\"itemListElement\":[{\"@type\":\"ListItem\",\"position\":1,\"name\":\"Accueil\",\"item\":\"https:\\\/\\\/www.ylume-creation.com\\\/fr\\\/\"},{\"@type\":\"ListItem\",\"position\":2,\"name\":\"Produits\",\"item\":\"https:\\\/\\\/www.ylume-creation.com\\\/fr\\\/shop\\\/\"},{\"@type\":\"ListItem\",\"position\":3,\"name\":\"Eau de parfum MERIA\"}]},{\"@type\":\"WebSite\",\"@id\":\"https:\\\/\\\/www.ylume-creation.com\\\/fr\\\/#website\",\"url\":\"https:\\\/\\\/www.ylume-creation.com\\\/fr\\\/\",\"name\":\"Ylume\",\"description\":\"Illumine les femmes, \u00e9veille les sens\",\"potentialAction\":[{\"@type\":\"SearchAction\",\"target\":{\"@type\":\"EntryPoint\",\"urlTemplate\":\"https:\\\/\\\/www.ylume-creation.com\\\/fr\\\/?s={search_term_string}\"},\"query-input\":{\"@type\":\"PropertyValueSpecification\",\"valueRequired\":true,\"valueName\":\"search_term_string\"}}],\"inLanguage\":\"fr-FR\"}]}<\/script>\n<!-- \/ Yoast SEO plugin. -->","yoast_head_json":{"title":"Eau de parfum iod\u00e9e Meria - Ylume","description":"Ylume lance sa premi\u00e8re eau de parfum 100ml. Ses notes marines et agrumes vous transportent dans un voyage pr\u00e8s de la mer, dans une crique en Corse.","robots":{"index":"index","follow":"follow","max-snippet":"max-snippet:-1","max-image-preview":"max-image-preview:large","max-video-preview":"max-video-preview:-1"},"canonical":"https:\/\/www.ylume-creation.com\/fr\/produit\/eau-de-parfum\/","og_locale":"fr_FR","og_type":"article","og_title":"Eau de parfum iod\u00e9e Meria - Ylume","og_description":"Ylume lance sa premi\u00e8re eau de parfum 100ml. Ses notes marines et agrumes vous transportent dans un voyage pr\u00e8s de la mer, dans une crique en Corse.","og_url":"https:\/\/www.ylume-creation.com\/fr\/produit\/eau-de-parfum\/","og_site_name":"Ylume","article_modified_time":"2026-04-15T20:33:32+00:00","og_image":[{"width":1200,"height":900,"url":"https:\/\/www.ylume-creation.com\/wp-content\/uploads\/2020\/05\/PARFUM-MERIA.jpg","type":"image\/jpeg"}],"twitter_card":"summary_large_image","twitter_misc":{"Dur\u00e9e de lecture estim\u00e9e":"3 minutes"},"schema":{"@context":"https:\/\/schema.org","@graph":[{"@type":"WebPage","@id":"https:\/\/www.ylume-creation.com\/fr\/produit\/eau-de-parfum\/","url":"https:\/\/www.ylume-creation.com\/fr\/produit\/eau-de-parfum\/","name":"Eau de parfum iod\u00e9e Meria - Ylume","isPartOf":{"@id":"https:\/\/www.ylume-creation.com\/fr\/#website"},"primaryImageOfPage":{"@id":"https:\/\/www.ylume-creation.com\/fr\/produit\/eau-de-parfum\/#primaryimage"},"image":{"@id":"https:\/\/www.ylume-creation.com\/fr\/produit\/eau-de-parfum\/#primaryimage"},"thumbnailUrl":"https:\/\/www.ylume-creation.com\/wp-content\/uploads\/2020\/05\/PARFUM-MERIA.jpg","datePublished":"2019-03-25T12:39:44+00:00","dateModified":"2026-04-15T20:33:32+00:00","description":"Ylume lance sa premi\u00e8re eau de parfum 100ml. Ses notes marines et agrumes vous transportent dans un voyage pr\u00e8s de la mer, dans une crique en Corse.","breadcrumb":{"@id":"https:\/\/www.ylume-creation.com\/fr\/produit\/eau-de-parfum\/#breadcrumb"},"inLanguage":"fr-FR","potentialAction":[{"@type":"ReadAction","target":["https:\/\/www.ylume-creation.com\/fr\/produit\/eau-de-parfum\/"]}]},{"@type":"ImageObject","inLanguage":"fr-FR","@id":"https:\/\/www.ylume-creation.com\/fr\/produit\/eau-de-parfum\/#primaryimage","url":"https:\/\/www.ylume-creation.com\/wp-content\/uploads\/2020\/05\/PARFUM-MERIA.jpg","contentUrl":"https:\/\/www.ylume-creation.com\/wp-content\/uploads\/2020\/05\/PARFUM-MERIA.jpg","width":1200,"height":900},{"@type":"BreadcrumbList","@id":"https:\/\/www.ylume-creation.com\/fr\/produit\/eau-de-parfum\/#breadcrumb","itemListElement":[{"@type":"ListItem","position":1,"name":"Accueil","item":"https:\/\/www.ylume-creation.com\/fr\/"},{"@type":"ListItem","position":2,"name":"Produits","item":"https:\/\/www.ylume-creation.com\/fr\/shop\/"},{"@type":"ListItem","position":3,"name":"Eau de parfum MERIA"}]},{"@type":"WebSite","@id":"https:\/\/www.ylume-creation.com\/fr\/#website","url":"https:\/\/www.ylume-creation.com\/fr\/","name":"Ylume","description":"Illumine les femmes, \u00e9veille les sens","potentialAction":[{"@type":"SearchAction","target":{"@type":"EntryPoint","urlTemplate":"https:\/\/www.ylume-creation.com\/fr\/?s={search_term_string}"},"query-input":{"@type":"PropertyValueSpecification","valueRequired":true,"valueName":"search_term_string"}}],"inLanguage":"fr-FR"}]}},"_links":{"self":[{"href":"https:\/\/www.ylume-creation.com\/fr\/wp-json\/wp\/v2\/product\/2085","targetHints":{"allow":["GET"]}}],"collection":[{"href":"https:\/\/www.ylume-creation.com\/fr\/wp-json\/wp\/v2\/product"}],"about":[{"href":"https:\/\/www.ylume-creation.com\/fr\/wp-json\/wp\/v2\/types\/product"}],"version-history":[{"count":10,"href":"https:\/\/www.ylume-creation.com\/fr\/wp-json\/wp\/v2\/product\/2085\/revisions"}],"predecessor-version":[{"id":33713,"href":"https:\/\/www.ylume-creation.com\/fr\/wp-json\/wp\/v2\/product\/2085\/revisions\/33713"}],"wp:featuredmedia":[{"embeddable":true,"href":"https:\/\/www.ylume-creation.com\/fr\/wp-json\/wp\/v2\/media\/26287"}],"wp:attachment":[{"href":"https:\/\/www.ylume-creation.com\/fr\/wp-json\/wp\/v2\/media?parent=2085"}],"wp:term":[{"taxonomy":"product_brand","embeddable":true,"href":"https:\/\/www.ylume-creation.com\/fr\/wp-json\/wp\/v2\/product_brand?post=2085"},{"taxonomy":"product_cat","embeddable":true,"href":"https:\/\/www.ylume-creation.com\/fr\/wp-json\/wp\/v2\/product_cat?post=2085"},{"taxonomy":"product_tag","embeddable":true,"href":"https:\/\/www.ylume-creation.com\/fr\/wp-json\/wp\/v2\/product_tag?post=2085"}],"curies":[{"name":"wp","href":"https:\/\/api.w.org\/{rel}","templated":true}]}}