{"id":1785,"date":"2021-11-27T10:06:30","date_gmt":"2021-11-27T09:06:30","guid":{"rendered":"https:\/\/www.ylume-creation.com\/?post_type=product&#038;p=1785"},"modified":"2026-01-21T16:27:40","modified_gmt":"2026-01-21T15:27:40","slug":"boucles-doreilles-saleccia","status":"publish","type":"product","link":"https:\/\/www.ylume-creation.com\/fr\/produit\/boucles-doreilles-saleccia\/","title":{"rendered":"Boucles d&rsquo;oreilles Saleccia"},"content":{"rendered":"<p>Nous avons dessin\u00e9 et cr\u00e9\u00e9 ces\u00a0Boucles d&rsquo;oreilles Saleccia \u00a0pour vous, dans notre atelier d&rsquo;Aix en Provence. Un anneau dor\u00e9 \u00e0 l&rsquo;or fin, travaill\u00e9 et cisel\u00e9, s&rsquo;associe \u00e0 l&rsquo;anneau fin des cr\u00e9oles et cr\u00e9e un contraste lumineux.<\/p>\n<p>Nous avons \u00e9galement cr\u00e9\u00e9 des emballages uniques : de petites enveloppes color\u00e9es et dont le graphisme est tout le temps diff\u00e9rent. A base de papier recycl\u00e9 et fabriqu\u00e9 \u00e0 la main, l&rsquo;enveloppe est tellement craquante ! Gardez-la pour ranger vos bijoux, pour vos enfants ou pour \u00e9crire \u00e0 une amie.<\/p>\n<p>Une petite citation \u00e9veillera votre curiosit\u00e9.<\/p>\n","protected":false},"excerpt":{"rendered":"<p class=\"p1\"><span class=\"s1\">Symboles de l&rsquo;amour, les anneaux contrast\u00e9s s&rsquo;imbriquent et bougent au gr\u00e9 du mouvement. L&rsquo;anneau cisel\u00e9 se combine \u00e0 merveille avec la fine cr\u00e9ole.\u00a0<\/span><span class=\"s1\">Elles se nomment Saleccia, une des plus belles plages proche de St Florent, o\u00f9 p\u00e9tille une lumi\u00e8re in\u00e9dite.\u00a0<\/span><\/p>\n<p class=\"p1\"><span class=\"s1\">Le support de boucles est ferm\u00e9 pour \u00e9viter que vos jolies boucles prennent la fuite. Il est dor\u00e9 \u00e0 l&rsquo;or fin 24 carats.\u00a0<\/span><\/p>\n<p>Support sans plomb, sans nickel, plaqu\u00e9 en France et d&rsquo;une excellente tenue.<\/p>\n","protected":false},"featured_media":1814,"template":"","meta":{"_acf_changed":false,"footnotes":""},"product_brand":[],"product_cat":[49,45],"product_tag":[59,88,77],"class_list":{"0":"post-1785","1":"product","2":"type-product","3":"status-publish","4":"has-post-thumbnail","6":"product_cat-boucles-doreilles","7":"product_cat-bijoux","8":"product_tag-collection-bijoux","9":"product_tag-archives","10":"product_tag-toutes-nos-boucles-doreilles","11":"cel-50","13":"first","14":"instock","15":"sale","16":"taxable","17":"shipping-taxable","18":"purchasable","19":"product-type-simple"},"acf":[],"yoast_head":"<!-- This site is optimized with the Yoast SEO plugin v27.4 - https:\/\/yoast.com\/product\/yoast-seo-wordpress\/ -->\n<title>Boucles d&#039;oreilles Saleccia - Ylume - Boucles d&#039;oreille cr\u00e9ateur<\/title>\n<meta name=\"description\" content=\"Boucles d&#039;oreilles cr\u00e9ateur orn\u00e9es de deux anneaux contrast\u00e9s pour une lumi\u00e8re in\u00e9dite. Dor\u00e9es \u00e0 l&#039;or fin 24 carats. Les anneaux sont le symb\u00f4le de l&#039;amour.\" \/>\n<meta name=\"robots\" content=\"index, follow, max-snippet:-1, max-image-preview:large, max-video-preview:-1\" \/>\n<link rel=\"canonical\" href=\"https:\/\/www.ylume-creation.com\/fr\/produit\/boucles-doreilles-saleccia\/\" \/>\n<meta property=\"og:locale\" content=\"fr_FR\" \/>\n<meta property=\"og:type\" content=\"article\" \/>\n<meta property=\"og:title\" content=\"Boucles d&#039;oreilles Saleccia - Ylume - Boucles d&#039;oreille cr\u00e9ateur\" \/>\n<meta property=\"og:description\" content=\"Boucles d&#039;oreilles cr\u00e9ateur orn\u00e9es de deux anneaux contrast\u00e9s pour une lumi\u00e8re in\u00e9dite. Dor\u00e9es \u00e0 l&#039;or fin 24 carats. Les anneaux sont le symb\u00f4le de l&#039;amour.\" \/>\n<meta property=\"og:url\" content=\"https:\/\/www.ylume-creation.com\/fr\/produit\/boucles-doreilles-saleccia\/\" \/>\n<meta property=\"og:site_name\" content=\"Ylume\" \/>\n<meta property=\"article:modified_time\" content=\"2026-01-21T15:27:40+00:00\" \/>\n<meta property=\"og:image\" content=\"https:\/\/www.ylume-creation.com\/wp-content\/uploads\/2019\/01\/creole-st-valentin.jpg\" \/>\n\t<meta property=\"og:image:width\" content=\"700\" \/>\n\t<meta property=\"og:image:height\" content=\"525\" \/>\n\t<meta property=\"og:image:type\" content=\"image\/jpeg\" \/>\n<meta name=\"twitter:card\" content=\"summary_large_image\" \/>\n<meta name=\"twitter:label1\" content=\"Dur\u00e9e de lecture estim\u00e9e\" \/>\n\t<meta name=\"twitter:data1\" content=\"1 minute\" \/>\n<script type=\"application\/ld+json\" class=\"yoast-schema-graph\">{\"@context\":\"https:\\\/\\\/schema.org\",\"@graph\":[{\"@type\":\"WebPage\",\"@id\":\"https:\\\/\\\/www.ylume-creation.com\\\/fr\\\/produit\\\/boucles-doreilles-saleccia\\\/\",\"url\":\"https:\\\/\\\/www.ylume-creation.com\\\/fr\\\/produit\\\/boucles-doreilles-saleccia\\\/\",\"name\":\"Boucles d'oreilles Saleccia - Ylume - Boucles d'oreille cr\u00e9ateur\",\"isPartOf\":{\"@id\":\"https:\\\/\\\/www.ylume-creation.com\\\/fr\\\/#website\"},\"primaryImageOfPage\":{\"@id\":\"https:\\\/\\\/www.ylume-creation.com\\\/fr\\\/produit\\\/boucles-doreilles-saleccia\\\/#primaryimage\"},\"image\":{\"@id\":\"https:\\\/\\\/www.ylume-creation.com\\\/fr\\\/produit\\\/boucles-doreilles-saleccia\\\/#primaryimage\"},\"thumbnailUrl\":\"https:\\\/\\\/www.ylume-creation.com\\\/wp-content\\\/uploads\\\/2019\\\/01\\\/creole-st-valentin.jpg\",\"datePublished\":\"2021-11-27T09:06:30+00:00\",\"dateModified\":\"2026-01-21T15:27:40+00:00\",\"description\":\"Boucles d'oreilles cr\u00e9ateur orn\u00e9es de deux anneaux contrast\u00e9s pour une lumi\u00e8re in\u00e9dite. Dor\u00e9es \u00e0 l'or fin 24 carats. Les anneaux sont le symb\u00f4le de l'amour.\",\"breadcrumb\":{\"@id\":\"https:\\\/\\\/www.ylume-creation.com\\\/fr\\\/produit\\\/boucles-doreilles-saleccia\\\/#breadcrumb\"},\"inLanguage\":\"fr-FR\",\"potentialAction\":[{\"@type\":\"ReadAction\",\"target\":[\"https:\\\/\\\/www.ylume-creation.com\\\/fr\\\/produit\\\/boucles-doreilles-saleccia\\\/\"]}]},{\"@type\":\"ImageObject\",\"inLanguage\":\"fr-FR\",\"@id\":\"https:\\\/\\\/www.ylume-creation.com\\\/fr\\\/produit\\\/boucles-doreilles-saleccia\\\/#primaryimage\",\"url\":\"https:\\\/\\\/www.ylume-creation.com\\\/wp-content\\\/uploads\\\/2019\\\/01\\\/creole-st-valentin.jpg\",\"contentUrl\":\"https:\\\/\\\/www.ylume-creation.com\\\/wp-content\\\/uploads\\\/2019\\\/01\\\/creole-st-valentin.jpg\",\"width\":700,\"height\":525},{\"@type\":\"BreadcrumbList\",\"@id\":\"https:\\\/\\\/www.ylume-creation.com\\\/fr\\\/produit\\\/boucles-doreilles-saleccia\\\/#breadcrumb\",\"itemListElement\":[{\"@type\":\"ListItem\",\"position\":1,\"name\":\"Accueil\",\"item\":\"https:\\\/\\\/www.ylume-creation.com\\\/fr\\\/\"},{\"@type\":\"ListItem\",\"position\":2,\"name\":\"Produits\",\"item\":\"https:\\\/\\\/www.ylume-creation.com\\\/fr\\\/shop\\\/\"},{\"@type\":\"ListItem\",\"position\":3,\"name\":\"Boucles d&rsquo;oreilles Saleccia\"}]},{\"@type\":\"WebSite\",\"@id\":\"https:\\\/\\\/www.ylume-creation.com\\\/fr\\\/#website\",\"url\":\"https:\\\/\\\/www.ylume-creation.com\\\/fr\\\/\",\"name\":\"Ylume\",\"description\":\"Illumine les femmes, \u00e9veille les sens\",\"potentialAction\":[{\"@type\":\"SearchAction\",\"target\":{\"@type\":\"EntryPoint\",\"urlTemplate\":\"https:\\\/\\\/www.ylume-creation.com\\\/fr\\\/?s={search_term_string}\"},\"query-input\":{\"@type\":\"PropertyValueSpecification\",\"valueRequired\":true,\"valueName\":\"search_term_string\"}}],\"inLanguage\":\"fr-FR\"}]}<\/script>\n<!-- \/ Yoast SEO plugin. -->","yoast_head_json":{"title":"Boucles d'oreilles Saleccia - Ylume - Boucles d'oreille cr\u00e9ateur","description":"Boucles d'oreilles cr\u00e9ateur orn\u00e9es de deux anneaux contrast\u00e9s pour une lumi\u00e8re in\u00e9dite. Dor\u00e9es \u00e0 l'or fin 24 carats. Les anneaux sont le symb\u00f4le de l'amour.","robots":{"index":"index","follow":"follow","max-snippet":"max-snippet:-1","max-image-preview":"max-image-preview:large","max-video-preview":"max-video-preview:-1"},"canonical":"https:\/\/www.ylume-creation.com\/fr\/produit\/boucles-doreilles-saleccia\/","og_locale":"fr_FR","og_type":"article","og_title":"Boucles d'oreilles Saleccia - Ylume - Boucles d'oreille cr\u00e9ateur","og_description":"Boucles d'oreilles cr\u00e9ateur orn\u00e9es de deux anneaux contrast\u00e9s pour une lumi\u00e8re in\u00e9dite. Dor\u00e9es \u00e0 l'or fin 24 carats. Les anneaux sont le symb\u00f4le de l'amour.","og_url":"https:\/\/www.ylume-creation.com\/fr\/produit\/boucles-doreilles-saleccia\/","og_site_name":"Ylume","article_modified_time":"2026-01-21T15:27:40+00:00","og_image":[{"width":700,"height":525,"url":"https:\/\/www.ylume-creation.com\/wp-content\/uploads\/2019\/01\/creole-st-valentin.jpg","type":"image\/jpeg"}],"twitter_card":"summary_large_image","twitter_misc":{"Dur\u00e9e de lecture estim\u00e9e":"1 minute"},"schema":{"@context":"https:\/\/schema.org","@graph":[{"@type":"WebPage","@id":"https:\/\/www.ylume-creation.com\/fr\/produit\/boucles-doreilles-saleccia\/","url":"https:\/\/www.ylume-creation.com\/fr\/produit\/boucles-doreilles-saleccia\/","name":"Boucles d'oreilles Saleccia - Ylume - Boucles d'oreille cr\u00e9ateur","isPartOf":{"@id":"https:\/\/www.ylume-creation.com\/fr\/#website"},"primaryImageOfPage":{"@id":"https:\/\/www.ylume-creation.com\/fr\/produit\/boucles-doreilles-saleccia\/#primaryimage"},"image":{"@id":"https:\/\/www.ylume-creation.com\/fr\/produit\/boucles-doreilles-saleccia\/#primaryimage"},"thumbnailUrl":"https:\/\/www.ylume-creation.com\/wp-content\/uploads\/2019\/01\/creole-st-valentin.jpg","datePublished":"2021-11-27T09:06:30+00:00","dateModified":"2026-01-21T15:27:40+00:00","description":"Boucles d'oreilles cr\u00e9ateur orn\u00e9es de deux anneaux contrast\u00e9s pour une lumi\u00e8re in\u00e9dite. Dor\u00e9es \u00e0 l'or fin 24 carats. Les anneaux sont le symb\u00f4le de l'amour.","breadcrumb":{"@id":"https:\/\/www.ylume-creation.com\/fr\/produit\/boucles-doreilles-saleccia\/#breadcrumb"},"inLanguage":"fr-FR","potentialAction":[{"@type":"ReadAction","target":["https:\/\/www.ylume-creation.com\/fr\/produit\/boucles-doreilles-saleccia\/"]}]},{"@type":"ImageObject","inLanguage":"fr-FR","@id":"https:\/\/www.ylume-creation.com\/fr\/produit\/boucles-doreilles-saleccia\/#primaryimage","url":"https:\/\/www.ylume-creation.com\/wp-content\/uploads\/2019\/01\/creole-st-valentin.jpg","contentUrl":"https:\/\/www.ylume-creation.com\/wp-content\/uploads\/2019\/01\/creole-st-valentin.jpg","width":700,"height":525},{"@type":"BreadcrumbList","@id":"https:\/\/www.ylume-creation.com\/fr\/produit\/boucles-doreilles-saleccia\/#breadcrumb","itemListElement":[{"@type":"ListItem","position":1,"name":"Accueil","item":"https:\/\/www.ylume-creation.com\/fr\/"},{"@type":"ListItem","position":2,"name":"Produits","item":"https:\/\/www.ylume-creation.com\/fr\/shop\/"},{"@type":"ListItem","position":3,"name":"Boucles d&rsquo;oreilles Saleccia"}]},{"@type":"WebSite","@id":"https:\/\/www.ylume-creation.com\/fr\/#website","url":"https:\/\/www.ylume-creation.com\/fr\/","name":"Ylume","description":"Illumine les femmes, \u00e9veille les sens","potentialAction":[{"@type":"SearchAction","target":{"@type":"EntryPoint","urlTemplate":"https:\/\/www.ylume-creation.com\/fr\/?s={search_term_string}"},"query-input":{"@type":"PropertyValueSpecification","valueRequired":true,"valueName":"search_term_string"}}],"inLanguage":"fr-FR"}]}},"_links":{"self":[{"href":"https:\/\/www.ylume-creation.com\/fr\/wp-json\/wp\/v2\/product\/1785","targetHints":{"allow":["GET"]}}],"collection":[{"href":"https:\/\/www.ylume-creation.com\/fr\/wp-json\/wp\/v2\/product"}],"about":[{"href":"https:\/\/www.ylume-creation.com\/fr\/wp-json\/wp\/v2\/types\/product"}],"version-history":[{"count":2,"href":"https:\/\/www.ylume-creation.com\/fr\/wp-json\/wp\/v2\/product\/1785\/revisions"}],"predecessor-version":[{"id":33119,"href":"https:\/\/www.ylume-creation.com\/fr\/wp-json\/wp\/v2\/product\/1785\/revisions\/33119"}],"wp:featuredmedia":[{"embeddable":true,"href":"https:\/\/www.ylume-creation.com\/fr\/wp-json\/wp\/v2\/media\/1814"}],"wp:attachment":[{"href":"https:\/\/www.ylume-creation.com\/fr\/wp-json\/wp\/v2\/media?parent=1785"}],"wp:term":[{"taxonomy":"product_brand","embeddable":true,"href":"https:\/\/www.ylume-creation.com\/fr\/wp-json\/wp\/v2\/product_brand?post=1785"},{"taxonomy":"product_cat","embeddable":true,"href":"https:\/\/www.ylume-creation.com\/fr\/wp-json\/wp\/v2\/product_cat?post=1785"},{"taxonomy":"product_tag","embeddable":true,"href":"https:\/\/www.ylume-creation.com\/fr\/wp-json\/wp\/v2\/product_tag?post=1785"}],"curies":[{"name":"wp","href":"https:\/\/api.w.org\/{rel}","templated":true}]}}