{"id":845,"date":"2018-08-13T17:01:47","date_gmt":"2018-08-13T15:01:47","guid":{"rendered":"http:\/\/www.ylume-creation.com\/?page_id=845"},"modified":"2018-10-05T09:31:42","modified_gmt":"2018-10-05T07:31:42","slug":"livraisons-et-retours","status":"publish","type":"page","link":"https:\/\/www.ylume-creation.com\/fr\/livraisons-et-retours\/","title":{"rendered":"Livraisons et retours"},"content":{"rendered":"<div id=\"pl-845\"  class=\"panel-layout\" ><div id=\"pg-845-0\"  class=\"panel-grid panel-no-style\" ><div id=\"pgc-845-0-0\"  class=\"panel-grid-cell\" ><div id=\"panel-845-0-0-0\" class=\"so-panel widget widget_sow-editor panel-first-child panel-last-child\" data-index=\"0\" ><div\n\t\t\t\n\t\t\tclass=\"so-widget-sow-editor so-widget-sow-editor-base\"\n\t\t\t\n\t\t>\n<div class=\"siteorigin-widget-tinymce textwidget\">\n\t<p>Etre cr\u00e9ateur implique une conception et une fabrication sur mesure et un stock limit\u00e9. Par cons\u00e9quent, les bijoux seront exp\u00e9di\u00e9s par courrier suivi, entre 1 et 5 jours ouvr\u00e9s apr\u00e8s r\u00e9ception de la commande par Ylume, et le d\u00e9lai de livraison est d'environ 48h. Nous vous remercions par avance de votre patience et ferons tout pour respecter ces d\u00e9lais.<\/p>\n<p class=\"p1\"><span class=\"s1\">Si vous n'\u00eates pas satisfaits de votre commande,\u00a0vous disposez d\u2019un d\u00e9lai de r\u00e9tractation de 14 jours \u00e0 dater de la r\u00e9ception de votre commande. Dans ce d\u00e9lai, vous n\u2019avez pas \u00e0 justifier du motif du renvoi. Nous proc\u00e9derons alors \u00e0 son remboursement par cr\u00e9dit sur votre carte bancaire dans les 10 jours suivant la r\u00e9ception si les conditions suivantes ont \u00e9t\u00e9 respect\u00e9es\u00a0:<\/span><\/p>\n<p class=\"p1\"><span class=\"s1\">-\u00a0\u00a0\u00a0\u00a0\u00a0\u00a0\u00a0\u00a0\u00a0 Le bijou doit \u00eatre renvoy\u00e9 dans un \u00e9tat neuf<br \/>\n<\/span><span class=\"s1\">-\u00a0\u00a0\u00a0\u00a0\u00a0\u00a0\u00a0\u00a0\u00a0 Il ne doit pas avoir \u00e9t\u00e9 port\u00e9 ou utilis\u00e9<br \/>\n<\/span><span class=\"s1\">-\u00a0\u00a0\u00a0\u00a0\u00a0\u00a0\u00a0\u00a0\u00a0 Il doit \u00eatre renvoy\u00e9 dans son emballage d\u2019origine, avec la copie de la facture.<\/span><\/p>\n<p class=\"p1\"><span class=\"s1\">Si ces conditions n\u2019\u00e9taient pas remplies, nous serions alors dans l\u2019impossibilit\u00e9 de reprendre ou d\u2019\u00e9changer l\u2019article, et celui-ci vous serait renvoy\u00e9 \u00e0 vos frais.<\/span><\/p>\n<p class=\"p1\"><span class=\"s1\">Avant tout retour ou demande d\u2019\u00e9change, afin d\u2019en assurer le meilleur traitement, nous vous remercions de bien vouloir nous contacter \u00e0 l\u2019adresse suivante\u00a0:\u00a0<a href=\"mailto:ylume.bijoux@gmail.com\"><span class=\"s2\">ylume.bijoux@gmail.com<\/span><\/a>.\u00a0<\/span><\/p>\n<p class=\"p1\"><span class=\"s1\">Nous vous confirmerons alors les d\u00e9tails de la proc\u00e9dure de retour ou d\u2019\u00e9change et le cas \u00e9ch\u00e9ant la disponibilit\u00e9 des articles. Nous vous\u00a0invitons \u00e0 emballer soigneusement le bijou, dans un colis appropri\u00e9, de pr\u00e9f\u00e9rence dans une enveloppe bulle, afin d'\u00e9viter qu'il ne soit ab\u00eem\u00e9 pendant le transport.<\/span><\/p>\n<p class=\"p4\"><span class=\"s1\">Le client organise le retour du ou des produits \u00e0 ses risques, \u00e0 ses frais \u00e0 l\u2019adresse suivante\u00a0:\u00a0<\/span><\/p>\n<p class=\"p4\"><span class=\"s1\">Atelier P.LAZZERI CREATION<br \/>\n<\/span><span class=\"s1\"><i>16 Lot Rabiote<br \/>\n<\/i><\/span><span class=\"s1\"><i>Avenue Cardinal Grimaldi<br \/>\n<\/i><\/span><span class=\"s1\"><i>13540 Puyricard<\/i><\/span><\/p>\n<p class=\"p4\"><span class=\"s1\">En cas de r\u00e9tractation de votre part du contrat, nous vous rembourserons tous les paiements re\u00e7us, sans retard excessif et, en tout \u00e9tat de cause, au plus tard quatorze jours \u00e0 compter du jour o\u00f9 nous serions inform\u00e9s de votre d\u00e9cision de r\u00e9tractation.<\/span><\/p>\n<\/div>\n<\/div><\/div><\/div><\/div><\/div>","protected":false},"excerpt":{"rendered":"<p>Etre cr\u00e9ateur implique une conception et une fabrication sur mesure et un stock limit\u00e9. Par cons\u00e9quent, les bijoux seront exp\u00e9di\u00e9s par courrier suivi, entre 1 et 5 jours ouvr\u00e9s apr\u00e8s r\u00e9ception de la commande par Ylume, et le d\u00e9lai de livraison est d&rsquo;environ 48h. Nous vous remercions par avance de votre patience et ferons tout [&hellip;]<\/p>\n","protected":false},"author":1,"featured_media":0,"parent":0,"menu_order":0,"comment_status":"closed","ping_status":"closed","template":"page-templates\/narrow-width.php","meta":{"_acf_changed":false,"footnotes":""},"class_list":["post-845","page","type-page","status-publish","hentry"],"acf":[],"yoast_head":"<!-- This site is optimized with the Yoast SEO plugin v27.4 - https:\/\/yoast.com\/product\/yoast-seo-wordpress\/ -->\n<title>Livraisons et retours - Ylume<\/title>\n<meta name=\"description\" content=\"Commandez en toute tranquillit\u00e9. Si vous n&#039;\u00eates pas satisfaits, renvoyez le bijou dans son \u00e9tat d&#039;origine dans les 14 jours suivant la commande, vous serez rembours\u00e9s.\" \/>\n<meta name=\"robots\" content=\"index, follow, max-snippet:-1, max-image-preview:large, max-video-preview:-1\" \/>\n<link rel=\"canonical\" href=\"https:\/\/www.ylume-creation.com\/fr\/livraisons-et-retours\/\" \/>\n<meta property=\"og:locale\" content=\"fr_FR\" \/>\n<meta property=\"og:type\" content=\"article\" \/>\n<meta property=\"og:title\" content=\"Livraisons et retours - Ylume\" \/>\n<meta property=\"og:description\" content=\"Commandez en toute tranquillit\u00e9. Si vous n&#039;\u00eates pas satisfaits, renvoyez le bijou dans son \u00e9tat d&#039;origine dans les 14 jours suivant la commande, vous serez rembours\u00e9s.\" \/>\n<meta property=\"og:url\" content=\"https:\/\/www.ylume-creation.com\/fr\/livraisons-et-retours\/\" \/>\n<meta property=\"og:site_name\" content=\"Ylume\" \/>\n<meta property=\"article:modified_time\" content=\"2018-10-05T07:31:42+00:00\" \/>\n<meta name=\"twitter:card\" content=\"summary_large_image\" \/>\n<meta name=\"twitter:label1\" content=\"Dur\u00e9e de lecture estim\u00e9e\" \/>\n\t<meta name=\"twitter:data1\" content=\"2 minutes\" \/>\n<script type=\"application\/ld+json\" class=\"yoast-schema-graph\">{\"@context\":\"https:\\\/\\\/schema.org\",\"@graph\":[{\"@type\":\"WebPage\",\"@id\":\"https:\\\/\\\/www.ylume-creation.com\\\/fr\\\/livraisons-et-retours\\\/\",\"url\":\"https:\\\/\\\/www.ylume-creation.com\\\/fr\\\/livraisons-et-retours\\\/\",\"name\":\"Livraisons et retours - Ylume\",\"isPartOf\":{\"@id\":\"https:\\\/\\\/www.ylume-creation.com\\\/fr\\\/#website\"},\"datePublished\":\"2018-08-13T15:01:47+00:00\",\"dateModified\":\"2018-10-05T07:31:42+00:00\",\"description\":\"Commandez en toute tranquillit\u00e9. Si vous n'\u00eates pas satisfaits, renvoyez le bijou dans son \u00e9tat d'origine dans les 14 jours suivant la commande, vous serez rembours\u00e9s.\",\"breadcrumb\":{\"@id\":\"https:\\\/\\\/www.ylume-creation.com\\\/fr\\\/livraisons-et-retours\\\/#breadcrumb\"},\"inLanguage\":\"fr-FR\",\"potentialAction\":[{\"@type\":\"ReadAction\",\"target\":[\"https:\\\/\\\/www.ylume-creation.com\\\/fr\\\/livraisons-et-retours\\\/\"]}]},{\"@type\":\"BreadcrumbList\",\"@id\":\"https:\\\/\\\/www.ylume-creation.com\\\/fr\\\/livraisons-et-retours\\\/#breadcrumb\",\"itemListElement\":[{\"@type\":\"ListItem\",\"position\":1,\"name\":\"Accueil\",\"item\":\"https:\\\/\\\/www.ylume-creation.com\\\/fr\\\/\"},{\"@type\":\"ListItem\",\"position\":2,\"name\":\"Livraisons et retours\"}]},{\"@type\":\"WebSite\",\"@id\":\"https:\\\/\\\/www.ylume-creation.com\\\/fr\\\/#website\",\"url\":\"https:\\\/\\\/www.ylume-creation.com\\\/fr\\\/\",\"name\":\"Ylume\",\"description\":\"Illumine les femmes, \u00e9veille les sens\",\"potentialAction\":[{\"@type\":\"SearchAction\",\"target\":{\"@type\":\"EntryPoint\",\"urlTemplate\":\"https:\\\/\\\/www.ylume-creation.com\\\/fr\\\/?s={search_term_string}\"},\"query-input\":{\"@type\":\"PropertyValueSpecification\",\"valueRequired\":true,\"valueName\":\"search_term_string\"}}],\"inLanguage\":\"fr-FR\"}]}<\/script>\n<!-- \/ Yoast SEO plugin. -->","yoast_head_json":{"title":"Livraisons et retours - Ylume","description":"Commandez en toute tranquillit\u00e9. Si vous n'\u00eates pas satisfaits, renvoyez le bijou dans son \u00e9tat d'origine dans les 14 jours suivant la commande, vous serez rembours\u00e9s.","robots":{"index":"index","follow":"follow","max-snippet":"max-snippet:-1","max-image-preview":"max-image-preview:large","max-video-preview":"max-video-preview:-1"},"canonical":"https:\/\/www.ylume-creation.com\/fr\/livraisons-et-retours\/","og_locale":"fr_FR","og_type":"article","og_title":"Livraisons et retours - Ylume","og_description":"Commandez en toute tranquillit\u00e9. Si vous n'\u00eates pas satisfaits, renvoyez le bijou dans son \u00e9tat d'origine dans les 14 jours suivant la commande, vous serez rembours\u00e9s.","og_url":"https:\/\/www.ylume-creation.com\/fr\/livraisons-et-retours\/","og_site_name":"Ylume","article_modified_time":"2018-10-05T07:31:42+00:00","twitter_card":"summary_large_image","twitter_misc":{"Dur\u00e9e de lecture estim\u00e9e":"2 minutes"},"schema":{"@context":"https:\/\/schema.org","@graph":[{"@type":"WebPage","@id":"https:\/\/www.ylume-creation.com\/fr\/livraisons-et-retours\/","url":"https:\/\/www.ylume-creation.com\/fr\/livraisons-et-retours\/","name":"Livraisons et retours - Ylume","isPartOf":{"@id":"https:\/\/www.ylume-creation.com\/fr\/#website"},"datePublished":"2018-08-13T15:01:47+00:00","dateModified":"2018-10-05T07:31:42+00:00","description":"Commandez en toute tranquillit\u00e9. Si vous n'\u00eates pas satisfaits, renvoyez le bijou dans son \u00e9tat d'origine dans les 14 jours suivant la commande, vous serez rembours\u00e9s.","breadcrumb":{"@id":"https:\/\/www.ylume-creation.com\/fr\/livraisons-et-retours\/#breadcrumb"},"inLanguage":"fr-FR","potentialAction":[{"@type":"ReadAction","target":["https:\/\/www.ylume-creation.com\/fr\/livraisons-et-retours\/"]}]},{"@type":"BreadcrumbList","@id":"https:\/\/www.ylume-creation.com\/fr\/livraisons-et-retours\/#breadcrumb","itemListElement":[{"@type":"ListItem","position":1,"name":"Accueil","item":"https:\/\/www.ylume-creation.com\/fr\/"},{"@type":"ListItem","position":2,"name":"Livraisons et retours"}]},{"@type":"WebSite","@id":"https:\/\/www.ylume-creation.com\/fr\/#website","url":"https:\/\/www.ylume-creation.com\/fr\/","name":"Ylume","description":"Illumine les femmes, \u00e9veille les sens","potentialAction":[{"@type":"SearchAction","target":{"@type":"EntryPoint","urlTemplate":"https:\/\/www.ylume-creation.com\/fr\/?s={search_term_string}"},"query-input":{"@type":"PropertyValueSpecification","valueRequired":true,"valueName":"search_term_string"}}],"inLanguage":"fr-FR"}]}},"_links":{"self":[{"href":"https:\/\/www.ylume-creation.com\/fr\/wp-json\/wp\/v2\/pages\/845","targetHints":{"allow":["GET"]}}],"collection":[{"href":"https:\/\/www.ylume-creation.com\/fr\/wp-json\/wp\/v2\/pages"}],"about":[{"href":"https:\/\/www.ylume-creation.com\/fr\/wp-json\/wp\/v2\/types\/page"}],"author":[{"embeddable":true,"href":"https:\/\/www.ylume-creation.com\/fr\/wp-json\/wp\/v2\/users\/1"}],"replies":[{"embeddable":true,"href":"https:\/\/www.ylume-creation.com\/fr\/wp-json\/wp\/v2\/comments?post=845"}],"version-history":[{"count":7,"href":"https:\/\/www.ylume-creation.com\/fr\/wp-json\/wp\/v2\/pages\/845\/revisions"}],"predecessor-version":[{"id":32237,"href":"https:\/\/www.ylume-creation.com\/fr\/wp-json\/wp\/v2\/pages\/845\/revisions\/32237"}],"wp:attachment":[{"href":"https:\/\/www.ylume-creation.com\/fr\/wp-json\/wp\/v2\/media?parent=845"}],"curies":[{"name":"wp","href":"https:\/\/api.w.org\/{rel}","templated":true}]}}