{"id":707,"date":"2018-07-06T17:16:13","date_gmt":"2018-07-06T15:16:13","guid":{"rendered":"http:\/\/www.ylume-creation.com\/?page_id=707"},"modified":"2023-08-09T16:46:02","modified_gmt":"2023-08-09T14:46:02","slug":"la-creatrice","status":"publish","type":"page","link":"https:\/\/www.ylume-creation.com\/fr\/la-creatrice\/","title":{"rendered":"La cr\u00e9atrice"},"content":{"rendered":"<div id=\"pl-707\"  class=\"panel-layout\" ><div id=\"pg-707-0\"  class=\"panel-grid panel-has-style\" ><div class=\"panel-row-style panel-row-style-for-707-0\" ><div id=\"pgc-707-0-0\"  class=\"panel-grid-cell\" ><div id=\"panel-707-0-0-0\" class=\"so-panel widget widget_sow-editor panel-first-child panel-last-child\" data-index=\"0\" ><div\n\t\t\t\n\t\t\tclass=\"so-widget-sow-editor so-widget-sow-editor-base\"\n\t\t\t\n\t\t><h3 class=\"widget-title\">LE MOT DE LA CREATRICE<\/h3>\n<div class=\"siteorigin-widget-tinymce textwidget\">\n\t<div class=\"page\" title=\"Page 1\">\n<div class=\"section\">\n<div class=\"layoutArea\">\n<div class=\"column\">\n<div class=\"page\" title=\"Page 1\">\n<div class=\"section\">\n<div class=\"layoutArea\">\n<div class=\"column\">\n<div class=\"page\" title=\"Page 1\">\n<div class=\"section\">\n<div class=\"layoutArea\">\n<div class=\"column\">\n<p>Corse, Cr\u00e9atrice, Voyageuse, Nostalgique \u2026 quelques mots qui me caract\u00e9risent bien !<\/p>\n<p>LA CORSE, mon \u00eele natale, la plus belle \u00eele du Monde : j\u2019en suis nostalgique, elle me manque, parfois, souvent, et elle a \u00e9t\u00e9 mon inspiration sur les premi\u00e8res collections de bijoux.<\/p>\n<p>LA CREATION, elle m\u2019accompagne depuis mon plus jeune \u00e2ge : peinture sur verre, d\u00e9coration manuelle, cr\u00e9ation de bijoux \u2026 et particuli\u00e8rement durant les 18 derni\u00e8res ann\u00e9es o\u00f9 je gravite, passionn\u00e9e, dans les plus grandes maisons de cosm\u00e9tique.<\/p>\n<p>Difficile \u00e9galement de ne pas \u00e9voquer mon besoin et mes envies de VOYAGES, pr\u00e8s ou loin, durant lesquels je contemple longuement des couchers de soleil sur la Mer en Corse, des lumi\u00e8res de Minuit en Islande, des rayons verts au Cap en Afrique du Sud.<\/p>\n<p>En 2017, j\u2019agite tout cela et il en r\u00e9sulte une nouvelle aventure : celle de cr\u00e9er une marque de bijoux de qualit\u00e9 alli\u00e9e \u00e0 tout un univers de senteurs.<\/p>\n<\/div>\n<\/div>\n<\/div>\n<\/div>\n<\/div>\n<\/div>\n<\/div>\n<\/div>\n<\/div>\n<\/div>\n<\/div>\n<\/div>\n<\/div>\n<\/div><\/div><\/div><div id=\"pgc-707-0-1\"  class=\"panel-grid-cell\" ><div id=\"panel-707-0-1-0\" class=\"so-panel widget widget_sow-image panel-first-child panel-last-child\" data-index=\"1\" ><div\n\t\t\t\n\t\t\tclass=\"so-widget-sow-image so-widget-sow-image-default-4b231843ec72-707\"\n\t\t\t\n\t\t>\n\n<div class=\"sow-image-container\">\n\t\t<img decoding=\"async\" src=\"https:\/\/www.ylume-creation.com\/wp-content\/uploads\/2021\/12\/PASCALE.jpg\" width=\"900\" height=\"1200\" srcset=\"https:\/\/www.ylume-creation.com\/wp-content\/uploads\/2021\/12\/PASCALE.jpg 900w, https:\/\/www.ylume-creation.com\/wp-content\/uploads\/2021\/12\/PASCALE-225x300.jpg 225w, https:\/\/www.ylume-creation.com\/wp-content\/uploads\/2021\/12\/PASCALE-768x1024.jpg 768w, https:\/\/www.ylume-creation.com\/wp-content\/uploads\/2021\/12\/PASCALE-480x640.jpg 480w, https:\/\/www.ylume-creation.com\/wp-content\/uploads\/2021\/12\/PASCALE-800x1067.jpg 800w\" sizes=\"(max-width: 900px) 100vw, 900px\" alt=\"\" \t\tclass=\"so-widget-image\"\/>\n\t<\/div>\n\n<\/div><\/div><\/div><\/div><\/div><div id=\"pg-707-1\"  class=\"panel-grid panel-no-style\" ><div id=\"pgc-707-1-0\"  class=\"panel-grid-cell\" ><div id=\"panel-707-1-0-0\" class=\"so-panel widget widget_sow-editor panel-first-child panel-last-child\" data-index=\"2\" ><div\n\t\t\t\n\t\t\tclass=\"so-widget-sow-editor so-widget-sow-editor-base\"\n\t\t\t\n\t\t>\n<div class=\"siteorigin-widget-tinymce textwidget\">\n\t<p><\/p>\n<div class=\"page\" title=\"Page 1\">\n<div class=\"section\">\n<div class=\"layoutArea\">\n<div class=\"column\">\n<div class=\"page\" title=\"Page 1\">\n<div class=\"section\">\n<div class=\"layoutArea\">\n<div class=\"column\">\n<div class=\"page\" title=\"Page 1\">\n<div class=\"section\">\n<div class=\"layoutArea\">\n<div class=\"column\">\n<blockquote>\n<p><\/p>\n<p><\/p>\n<p><\/p>\n<p style=\"text-align: center;\">\u00ab <em>Dans cette marque, j\u2019y ai mis tout ce qui m\u2019a toujours habit\u00e9 au quotidien : l\u2019amour de la nature et des voyages, la cr\u00e9ation, la lumi\u00e8re d\u2019endroits magiques, la beaut\u00e9 des choses tout simplement<\/em> \u00bb<\/p>\n<\/blockquote>\n<p>Je souhaite via Ylume procurer de l\u2019\u00e9motion \u00e0 mes clientes. Un sourire, une satisfaction, une lumi\u00e8re, une r\u00e9miniscence \u2026 autant de r\u00e9actions qui vous raviront et vous feront voyager...<\/p>\n<blockquote>\n<p style=\"text-align: center;\">\u00ab <em>Enfant, ma famille disait que j\u2019avais la t\u00eate dans les nuages<\/em> \u00bb<\/p>\n<\/blockquote>\n<p style=\"text-align: right;\">...et m\u00eame adulte, je continue \u00e0 r\u00eaver !<\/p>\n<\/div>\n<\/div>\n<\/div>\n<\/div>\n<\/div>\n<\/div>\n<\/div>\n<\/div>\n<\/div>\n<\/div>\n<\/div>\n<\/div>\n<p><\/p>\n<\/div>\n<\/div><\/div><\/div><\/div><div id=\"pg-707-2\"  class=\"panel-grid panel-has-style\" ><div class=\"panel-row-style panel-row-style-for-707-2\" ><div id=\"pgc-707-2-0\"  class=\"panel-grid-cell panel-grid-cell-empty\" ><\/div><div id=\"pgc-707-2-1\"  class=\"panel-grid-cell panel-grid-cell-mobile-last\" ><div id=\"panel-707-2-1-0\" class=\"so-panel widget widget_primrose-sow-divider panel-first-child panel-last-child\" data-index=\"3\" ><div class=\"panel-widget-style panel-widget-style-for-707-2-1-0\" ><div\n\t\t\t\n\t\t\tclass=\"so-widget-primrose-sow-divider so-widget-primrose-sow-divider-default-d75171398898-707\"\n\t\t\t\n\t\t><hr class=\"primrose-sow-divider\"><\/hr><\/div><\/div><\/div><\/div><div id=\"pgc-707-2-2\"  class=\"panel-grid-cell panel-grid-cell-empty\" ><\/div><\/div><\/div><\/div>","protected":false},"excerpt":{"rendered":"<p>Corse, Cr\u00e9atrice, Voyageuse, Nostalgique \u2026 quelques mots qui me caract\u00e9risent bien ! LA CORSE, mon \u00eele natale, la plus belle \u00eele du Monde : j\u2019en suis nostalgique, elle me manque, parfois, souvent, et elle a \u00e9t\u00e9 mon inspiration sur les premi\u00e8res collections de bijoux. LA CREATION, elle m\u2019accompagne depuis mon plus jeune \u00e2ge : peinture [&hellip;]<\/p>\n","protected":false},"author":1,"featured_media":0,"parent":0,"menu_order":0,"comment_status":"closed","ping_status":"closed","template":"page-templates\/blank.php","meta":{"_acf_changed":false,"footnotes":""},"class_list":["post-707","page","type-page","status-publish","hentry"],"acf":[],"yoast_head":"<!-- This site is optimized with the Yoast SEO plugin v27.4 - https:\/\/yoast.com\/product\/yoast-seo-wordpress\/ -->\n<title>Le mot de la cr\u00e9atrice - Ylume<\/title>\n<meta name=\"description\" content=\"Quelques mots de la cr\u00e9atrice de bijoux cr\u00e9ateur fran\u00e7ais Ylume, d\u00e9couvrez d&#039;o\u00f9 lui vient ses inspirations !\" \/>\n<meta name=\"robots\" content=\"index, follow, max-snippet:-1, max-image-preview:large, max-video-preview:-1\" \/>\n<link rel=\"canonical\" href=\"https:\/\/www.ylume-creation.com\/fr\/la-creatrice\/\" \/>\n<meta property=\"og:locale\" content=\"fr_FR\" \/>\n<meta property=\"og:type\" content=\"article\" \/>\n<meta property=\"og:title\" content=\"Le mot de la cr\u00e9atrice - Ylume\" \/>\n<meta property=\"og:description\" content=\"Quelques mots de la cr\u00e9atrice de bijoux cr\u00e9ateur fran\u00e7ais Ylume, d\u00e9couvrez d&#039;o\u00f9 lui vient ses inspirations !\" \/>\n<meta property=\"og:url\" content=\"https:\/\/www.ylume-creation.com\/fr\/la-creatrice\/\" \/>\n<meta property=\"og:site_name\" content=\"Ylume\" \/>\n<meta property=\"article:modified_time\" content=\"2023-08-09T14:46:02+00:00\" \/>\n<meta name=\"twitter:card\" content=\"summary_large_image\" \/>\n<meta name=\"twitter:label1\" content=\"Dur\u00e9e de lecture estim\u00e9e\" \/>\n\t<meta name=\"twitter:data1\" content=\"2 minutes\" \/>\n<script type=\"application\/ld+json\" class=\"yoast-schema-graph\">{\"@context\":\"https:\\\/\\\/schema.org\",\"@graph\":[{\"@type\":\"WebPage\",\"@id\":\"https:\\\/\\\/www.ylume-creation.com\\\/fr\\\/la-creatrice\\\/\",\"url\":\"https:\\\/\\\/www.ylume-creation.com\\\/fr\\\/la-creatrice\\\/\",\"name\":\"Le mot de la cr\u00e9atrice - Ylume\",\"isPartOf\":{\"@id\":\"https:\\\/\\\/www.ylume-creation.com\\\/fr\\\/#website\"},\"datePublished\":\"2018-07-06T15:16:13+00:00\",\"dateModified\":\"2023-08-09T14:46:02+00:00\",\"description\":\"Quelques mots de la cr\u00e9atrice de bijoux cr\u00e9ateur fran\u00e7ais Ylume, d\u00e9couvrez d'o\u00f9 lui vient ses inspirations !\",\"breadcrumb\":{\"@id\":\"https:\\\/\\\/www.ylume-creation.com\\\/fr\\\/la-creatrice\\\/#breadcrumb\"},\"inLanguage\":\"fr-FR\",\"potentialAction\":[{\"@type\":\"ReadAction\",\"target\":[\"https:\\\/\\\/www.ylume-creation.com\\\/fr\\\/la-creatrice\\\/\"]}]},{\"@type\":\"BreadcrumbList\",\"@id\":\"https:\\\/\\\/www.ylume-creation.com\\\/fr\\\/la-creatrice\\\/#breadcrumb\",\"itemListElement\":[{\"@type\":\"ListItem\",\"position\":1,\"name\":\"Accueil\",\"item\":\"https:\\\/\\\/www.ylume-creation.com\\\/fr\\\/\"},{\"@type\":\"ListItem\",\"position\":2,\"name\":\"La cr\u00e9atrice\"}]},{\"@type\":\"WebSite\",\"@id\":\"https:\\\/\\\/www.ylume-creation.com\\\/fr\\\/#website\",\"url\":\"https:\\\/\\\/www.ylume-creation.com\\\/fr\\\/\",\"name\":\"Ylume\",\"description\":\"Illumine les femmes, \u00e9veille les sens\",\"potentialAction\":[{\"@type\":\"SearchAction\",\"target\":{\"@type\":\"EntryPoint\",\"urlTemplate\":\"https:\\\/\\\/www.ylume-creation.com\\\/fr\\\/?s={search_term_string}\"},\"query-input\":{\"@type\":\"PropertyValueSpecification\",\"valueRequired\":true,\"valueName\":\"search_term_string\"}}],\"inLanguage\":\"fr-FR\"}]}<\/script>\n<!-- \/ Yoast SEO plugin. -->","yoast_head_json":{"title":"Le mot de la cr\u00e9atrice - Ylume","description":"Quelques mots de la cr\u00e9atrice de bijoux cr\u00e9ateur fran\u00e7ais Ylume, d\u00e9couvrez d'o\u00f9 lui vient ses inspirations !","robots":{"index":"index","follow":"follow","max-snippet":"max-snippet:-1","max-image-preview":"max-image-preview:large","max-video-preview":"max-video-preview:-1"},"canonical":"https:\/\/www.ylume-creation.com\/fr\/la-creatrice\/","og_locale":"fr_FR","og_type":"article","og_title":"Le mot de la cr\u00e9atrice - Ylume","og_description":"Quelques mots de la cr\u00e9atrice de bijoux cr\u00e9ateur fran\u00e7ais Ylume, d\u00e9couvrez d'o\u00f9 lui vient ses inspirations !","og_url":"https:\/\/www.ylume-creation.com\/fr\/la-creatrice\/","og_site_name":"Ylume","article_modified_time":"2023-08-09T14:46:02+00:00","twitter_card":"summary_large_image","twitter_misc":{"Dur\u00e9e de lecture estim\u00e9e":"2 minutes"},"schema":{"@context":"https:\/\/schema.org","@graph":[{"@type":"WebPage","@id":"https:\/\/www.ylume-creation.com\/fr\/la-creatrice\/","url":"https:\/\/www.ylume-creation.com\/fr\/la-creatrice\/","name":"Le mot de la cr\u00e9atrice - Ylume","isPartOf":{"@id":"https:\/\/www.ylume-creation.com\/fr\/#website"},"datePublished":"2018-07-06T15:16:13+00:00","dateModified":"2023-08-09T14:46:02+00:00","description":"Quelques mots de la cr\u00e9atrice de bijoux cr\u00e9ateur fran\u00e7ais Ylume, d\u00e9couvrez d'o\u00f9 lui vient ses inspirations !","breadcrumb":{"@id":"https:\/\/www.ylume-creation.com\/fr\/la-creatrice\/#breadcrumb"},"inLanguage":"fr-FR","potentialAction":[{"@type":"ReadAction","target":["https:\/\/www.ylume-creation.com\/fr\/la-creatrice\/"]}]},{"@type":"BreadcrumbList","@id":"https:\/\/www.ylume-creation.com\/fr\/la-creatrice\/#breadcrumb","itemListElement":[{"@type":"ListItem","position":1,"name":"Accueil","item":"https:\/\/www.ylume-creation.com\/fr\/"},{"@type":"ListItem","position":2,"name":"La cr\u00e9atrice"}]},{"@type":"WebSite","@id":"https:\/\/www.ylume-creation.com\/fr\/#website","url":"https:\/\/www.ylume-creation.com\/fr\/","name":"Ylume","description":"Illumine les femmes, \u00e9veille les sens","potentialAction":[{"@type":"SearchAction","target":{"@type":"EntryPoint","urlTemplate":"https:\/\/www.ylume-creation.com\/fr\/?s={search_term_string}"},"query-input":{"@type":"PropertyValueSpecification","valueRequired":true,"valueName":"search_term_string"}}],"inLanguage":"fr-FR"}]}},"_links":{"self":[{"href":"https:\/\/www.ylume-creation.com\/fr\/wp-json\/wp\/v2\/pages\/707","targetHints":{"allow":["GET"]}}],"collection":[{"href":"https:\/\/www.ylume-creation.com\/fr\/wp-json\/wp\/v2\/pages"}],"about":[{"href":"https:\/\/www.ylume-creation.com\/fr\/wp-json\/wp\/v2\/types\/page"}],"author":[{"embeddable":true,"href":"https:\/\/www.ylume-creation.com\/fr\/wp-json\/wp\/v2\/users\/1"}],"replies":[{"embeddable":true,"href":"https:\/\/www.ylume-creation.com\/fr\/wp-json\/wp\/v2\/comments?post=707"}],"version-history":[{"count":51,"href":"https:\/\/www.ylume-creation.com\/fr\/wp-json\/wp\/v2\/pages\/707\/revisions"}],"predecessor-version":[{"id":30334,"href":"https:\/\/www.ylume-creation.com\/fr\/wp-json\/wp\/v2\/pages\/707\/revisions\/30334"}],"wp:attachment":[{"href":"https:\/\/www.ylume-creation.com\/fr\/wp-json\/wp\/v2\/media?parent=707"}],"curies":[{"name":"wp","href":"https:\/\/api.w.org\/{rel}","templated":true}]}}