{"id":393,"date":"2016-04-13T04:25:25","date_gmt":"2016-04-13T02:25:25","guid":{"rendered":"http:\/\/singlestroke.io\/demo\/primrose-wp\/?page_id=393"},"modified":"2021-01-23T15:19:43","modified_gmt":"2021-01-23T14:19:43","slug":"inspiration-lumiere","status":"publish","type":"page","link":"https:\/\/www.ylume-creation.com\/fr\/inspiration-lumiere\/","title":{"rendered":"Lookbook"},"content":{"rendered":"<div id=\"pl-393\"  class=\"panel-layout\" ><div id=\"pg-393-0\"  class=\"panel-grid panel-has-style\" ><div class=\"panel-row-style panel-row-style-for-393-0\" ><div id=\"pgc-393-0-0\"  class=\"panel-grid-cell panel-grid-cell-empty\" ><\/div><\/div><\/div><div id=\"pg-393-1\"  class=\"panel-grid panel-has-style\" ><div class=\"siteorigin-panels-stretch panel-row-style panel-row-style-for-393-1\" data-stretch-type=\"full-stretched\" ><div id=\"pgc-393-1-0\"  class=\"panel-grid-cell\" ><div id=\"panel-393-1-0-0\" class=\"so-panel widget widget_text panel-first-child\" data-index=\"0\" ><div class=\"panel-widget-style panel-widget-style-for-393-1-0-0\" ><h3 class=\"widget-title\">LA LUMI\u00c8RE COMME SOURCE D&rsquo;INSPIRATION<\/h3>\t\t\t<div class=\"textwidget\"><p>Chaque collection est inspir\u00e9e d\u2019un instant lumineux secret qui a fait vibrer le coeur de la cr\u00e9atrice, qui vous emplira d\u2019\u00e9motions et qui nous emm\u00e8nera pour un voyage infini.<\/p>\n<\/div>\n\t\t<\/div><\/div><div id=\"panel-393-1-0-1\" class=\"widget_text so-panel widget widget_custom_html panel-last-child\" data-index=\"1\" ><div class=\"textwidget custom-html-widget\">\n<div id=\"sb_instagram\"  class=\"sbi sbi_mob_col_1 sbi_tab_col_2 sbi_col_4\" style=\"padding-bottom: 10px; width: 100%;\"\t data-feedid=\"*1\"  data-res=\"auto\" data-cols=\"4\" data-colsmobile=\"1\" data-colstablet=\"2\" data-num=\"20\" data-nummobile=\"\" data-item-padding=\"5\"\t data-shortcode-atts=\"{}\"  data-postid=\"\" data-locatornonce=\"117d87251f\" data-imageaspectratio=\"1:1\" data-sbi-flags=\"favorLocal,ajaxPostLoad,gdpr\">\n\t<div class=\"sb_instagram_header \"   >\n\t<a class=\"sbi_header_link\" target=\"_blank\" rel=\"nofollow noopener noreferrer\" href=\"https:\/\/www.instagram.com\/ylume_bijoux\/\" title=\"@ylume_bijoux\" data-wpel-link=\"external\">\n\t\t<div class=\"sbi_header_text sbi_no_bio\">\n\t\t\t<div class=\"sbi_header_img\"  data-avatar-url=\"https:\/\/scontent-bru2-1.cdninstagram.com\/v\/t51.2885-19\/426606287_405180035250899_3173912291505029258_n.jpg?stp=dst-jpg_s206x206_tt6&amp;_nc_cat=109&amp;ccb=7-5&amp;_nc_sid=bf7eb4&amp;efg=eyJ2ZW5jb2RlX3RhZyI6InByb2ZpbGVfcGljLnd3dy45ODIuQzMifQ%3D%3D&amp;_nc_ohc=igrUd3QbhV8Q7kNvwHFWdiz&amp;_nc_oc=AdpfCVwW0afKN_ry7PUi7FrCBwFF2kyzNuxPi9rMtmFTbU95R4UNG8Zi7qJ33c1gO-8&amp;_nc_zt=24&amp;_nc_ht=scontent-bru2-1.cdninstagram.com&amp;edm=AP4hL3IEAAAA&amp;_nc_tpa=Q5bMBQEhzl-tY_uADBnmkkNji929Oo4njJ9_4iHzShIiaxGcyO0Vm8n4mBLhOdFgq7Lc1xY1mipnauIN9w&amp;oh=00_Af7cz68gId5eyrQUd1Es7oLkf6aqplGO-F1EM8FLusZ-wQ&amp;oe=69FF8D9C\">\n\t\t\t\t\t\t\t\t\t<div class=\"sbi_header_img_hover\"  ><svg class=\"sbi_new_logo fa-instagram fa-w-14\" aria-hidden=\"true\" data-fa-processed=\"\" aria-label=\"Instagram\" data-prefix=\"fab\" data-icon=\"instagram\" role=\"img\" viewBox=\"0 0 448 512\">\n                    <path fill=\"currentColor\" d=\"M224.1 141c-63.6 0-114.9 51.3-114.9 114.9s51.3 114.9 114.9 114.9S339 319.5 339 255.9 287.7 141 224.1 141zm0 189.6c-41.1 0-74.7-33.5-74.7-74.7s33.5-74.7 74.7-74.7 74.7 33.5 74.7 74.7-33.6 74.7-74.7 74.7zm146.4-194.3c0 14.9-12 26.8-26.8 26.8-14.9 0-26.8-12-26.8-26.8s12-26.8 26.8-26.8 26.8 12 26.8 26.8zm76.1 27.2c-1.7-35.9-9.9-67.7-36.2-93.9-26.2-26.2-58-34.4-93.9-36.2-37-2.1-147.9-2.1-184.9 0-35.8 1.7-67.6 9.9-93.9 36.1s-34.4 58-36.2 93.9c-2.1 37-2.1 147.9 0 184.9 1.7 35.9 9.9 67.7 36.2 93.9s58 34.4 93.9 36.2c37 2.1 147.9 2.1 184.9 0 35.9-1.7 67.7-9.9 93.9-36.2 26.2-26.2 34.4-58 36.2-93.9 2.1-37 2.1-147.8 0-184.8zM398.8 388c-7.8 19.6-22.9 34.7-42.6 42.6-29.5 11.7-99.5 9-132.1 9s-102.7 2.6-132.1-9c-19.6-7.8-34.7-22.9-42.6-42.6-11.7-29.5-9-99.5-9-132.1s-2.6-102.7 9-132.1c7.8-19.6 22.9-34.7 42.6-42.6 29.5-11.7 99.5-9 132.1-9s102.7-2.6 132.1 9c19.6 7.8 34.7 22.9 42.6 42.6 11.7 29.5 9 99.5 9 132.1s2.7 102.7-9 132.1z\"><\/path>\n                <\/svg><\/div>\n\t\t\t\t\t<img decoding=\"async\"  src=\"https:\/\/www.ylume-creation.com\/wp-content\/uploads\/sb-instagram-feed-images\/ylume_bijoux.webp\" alt=\"\" width=\"50\" height=\"50\">\n\t\t\t\t\n\t\t\t\t\t\t\t<\/div>\n\n\t\t\t<div class=\"sbi_feedtheme_header_text\">\n\t\t\t\t<h3>ylume_bijoux<\/h3>\n\t\t\t\t\t\t\t<\/div>\n\t\t<\/div>\n\t<\/a>\n<\/div>\n\n\t<div id=\"sbi_images\"  style=\"gap: 10px;\">\n\t\t\t<\/div>\n\n\t<div id=\"sbi_load\" >\n\n\t\t\t<button class=\"sbi_load_btn\"\n\t\t\ttype=\"button\" >\n\t\t\t<span class=\"sbi_btn_text\" >Afficher plus...<\/span>\n\t\t\t<span class=\"sbi_loader sbi_hidden\" style=\"background-color: rgb(255, 255, 255);\" aria-hidden=\"true\"><\/span>\n\t\t<\/button>\n\t\n\t\t\t<span class=\"sbi_follow_btn\" >\n\t\t\t<a target=\"_blank\" rel=\"nofollow noopener noreferrer\" href=\"https:\/\/www.instagram.com\/ylume_bijoux\/\" data-wpel-link=\"external\">\n\t\t\t\t<svg class=\"svg-inline--fa fa-instagram fa-w-14\" aria-hidden=\"true\" data-fa-processed=\"\" aria-label=\"Instagram\" data-prefix=\"fab\" data-icon=\"instagram\" role=\"img\" viewBox=\"0 0 448 512\">\n                    <path fill=\"currentColor\" d=\"M224.1 141c-63.6 0-114.9 51.3-114.9 114.9s51.3 114.9 114.9 114.9S339 319.5 339 255.9 287.7 141 224.1 141zm0 189.6c-41.1 0-74.7-33.5-74.7-74.7s33.5-74.7 74.7-74.7 74.7 33.5 74.7 74.7-33.6 74.7-74.7 74.7zm146.4-194.3c0 14.9-12 26.8-26.8 26.8-14.9 0-26.8-12-26.8-26.8s12-26.8 26.8-26.8 26.8 12 26.8 26.8zm76.1 27.2c-1.7-35.9-9.9-67.7-36.2-93.9-26.2-26.2-58-34.4-93.9-36.2-37-2.1-147.9-2.1-184.9 0-35.8 1.7-67.6 9.9-93.9 36.1s-34.4 58-36.2 93.9c-2.1 37-2.1 147.9 0 184.9 1.7 35.9 9.9 67.7 36.2 93.9s58 34.4 93.9 36.2c37 2.1 147.9 2.1 184.9 0 35.9-1.7 67.7-9.9 93.9-36.2 26.2-26.2 34.4-58 36.2-93.9 2.1-37 2.1-147.8 0-184.8zM398.8 388c-7.8 19.6-22.9 34.7-42.6 42.6-29.5 11.7-99.5 9-132.1 9s-102.7 2.6-132.1-9c-19.6-7.8-34.7-22.9-42.6-42.6-11.7-29.5-9-99.5-9-132.1s-2.6-102.7 9-132.1c7.8-19.6 22.9-34.7 42.6-42.6 29.5-11.7 99.5-9 132.1-9s102.7-2.6 132.1 9c19.6 7.8 34.7 22.9 42.6 42.6 11.7 29.5 9 99.5 9 132.1s2.7 102.7-9 132.1z\"><\/path>\n                <\/svg>\t\t\t\t<span>Suivre sur Instagram<\/span>\n\t\t\t<\/a>\n\t\t<\/span>\n\t\n<\/div>\n\t\t<span class=\"sbi_resized_image_data\" data-feed-id=\"*1\"\n\t\t  data-resized=\"[]\">\n\t<\/span>\n\t<\/div>\n\n<\/div><\/div><\/div><\/div><\/div><\/div>","protected":false},"excerpt":{"rendered":"<p>Chaque collection est inspir\u00e9e d\u2019un instant lumineux secret qui a fait vibrer le coeur de la cr\u00e9atrice, qui vous emplira d\u2019\u00e9motions et qui nous emm\u00e8nera pour un voyage infini.<\/p>\n","protected":false},"author":1,"featured_media":0,"parent":0,"menu_order":0,"comment_status":"closed","ping_status":"closed","template":"page-templates\/blank.php","meta":{"_acf_changed":false,"footnotes":""},"class_list":["post-393","page","type-page","status-publish","hentry"],"acf":[],"yoast_head":"<!-- This site is optimized with the Yoast SEO plugin v27.4 - https:\/\/yoast.com\/product\/yoast-seo-wordpress\/ -->\n<title>Lookbook - Ylume<\/title>\n<meta name=\"description\" content=\"D\u00e9couvrez l&#039;inspiration des bijoux Ylume! Cr\u00e9es \u00e0 la lumi\u00e8re du Sud, et inspir\u00e9s de moments lumineux dans le Monde pour \u00e9veiller les sens des femmes.\" \/>\n<meta name=\"robots\" content=\"index, follow, max-snippet:-1, max-image-preview:large, max-video-preview:-1\" \/>\n<link rel=\"canonical\" href=\"https:\/\/www.ylume-creation.com\/fr\/inspiration-lumiere\/\" \/>\n<meta property=\"og:locale\" content=\"fr_FR\" \/>\n<meta property=\"og:type\" content=\"article\" \/>\n<meta property=\"og:title\" content=\"Lookbook - Ylume\" \/>\n<meta property=\"og:description\" content=\"D\u00e9couvrez l&#039;inspiration des bijoux Ylume! Cr\u00e9es \u00e0 la lumi\u00e8re du Sud, et inspir\u00e9s de moments lumineux dans le Monde pour \u00e9veiller les sens des femmes.\" \/>\n<meta property=\"og:url\" content=\"https:\/\/www.ylume-creation.com\/fr\/inspiration-lumiere\/\" \/>\n<meta property=\"og:site_name\" content=\"Ylume\" \/>\n<meta property=\"article:modified_time\" content=\"2021-01-23T14:19:43+00:00\" \/>\n<meta name=\"twitter:card\" content=\"summary_large_image\" \/>\n<meta name=\"twitter:label1\" content=\"Dur\u00e9e de lecture estim\u00e9e\" \/>\n\t<meta name=\"twitter:data1\" content=\"1 minute\" \/>\n<script type=\"application\/ld+json\" class=\"yoast-schema-graph\">{\"@context\":\"https:\\\/\\\/schema.org\",\"@graph\":[{\"@type\":\"WebPage\",\"@id\":\"https:\\\/\\\/www.ylume-creation.com\\\/fr\\\/inspiration-lumiere\\\/\",\"url\":\"https:\\\/\\\/www.ylume-creation.com\\\/fr\\\/inspiration-lumiere\\\/\",\"name\":\"Lookbook - Ylume\",\"isPartOf\":{\"@id\":\"https:\\\/\\\/www.ylume-creation.com\\\/fr\\\/#website\"},\"datePublished\":\"2016-04-13T02:25:25+00:00\",\"dateModified\":\"2021-01-23T14:19:43+00:00\",\"description\":\"D\u00e9couvrez l'inspiration des bijoux Ylume! Cr\u00e9es \u00e0 la lumi\u00e8re du Sud, et inspir\u00e9s de moments lumineux dans le Monde pour \u00e9veiller les sens des femmes.\",\"breadcrumb\":{\"@id\":\"https:\\\/\\\/www.ylume-creation.com\\\/fr\\\/inspiration-lumiere\\\/#breadcrumb\"},\"inLanguage\":\"fr-FR\",\"potentialAction\":[{\"@type\":\"ReadAction\",\"target\":[\"https:\\\/\\\/www.ylume-creation.com\\\/fr\\\/inspiration-lumiere\\\/\"]}]},{\"@type\":\"BreadcrumbList\",\"@id\":\"https:\\\/\\\/www.ylume-creation.com\\\/fr\\\/inspiration-lumiere\\\/#breadcrumb\",\"itemListElement\":[{\"@type\":\"ListItem\",\"position\":1,\"name\":\"Accueil\",\"item\":\"https:\\\/\\\/www.ylume-creation.com\\\/fr\\\/\"},{\"@type\":\"ListItem\",\"position\":2,\"name\":\"Lookbook\"}]},{\"@type\":\"WebSite\",\"@id\":\"https:\\\/\\\/www.ylume-creation.com\\\/fr\\\/#website\",\"url\":\"https:\\\/\\\/www.ylume-creation.com\\\/fr\\\/\",\"name\":\"Ylume\",\"description\":\"Illumine les femmes, \u00e9veille les sens\",\"potentialAction\":[{\"@type\":\"SearchAction\",\"target\":{\"@type\":\"EntryPoint\",\"urlTemplate\":\"https:\\\/\\\/www.ylume-creation.com\\\/fr\\\/?s={search_term_string}\"},\"query-input\":{\"@type\":\"PropertyValueSpecification\",\"valueRequired\":true,\"valueName\":\"search_term_string\"}}],\"inLanguage\":\"fr-FR\"}]}<\/script>\n<!-- \/ Yoast SEO plugin. -->","yoast_head_json":{"title":"Lookbook - Ylume","description":"D\u00e9couvrez l'inspiration des bijoux Ylume! Cr\u00e9es \u00e0 la lumi\u00e8re du Sud, et inspir\u00e9s de moments lumineux dans le Monde pour \u00e9veiller les sens des femmes.","robots":{"index":"index","follow":"follow","max-snippet":"max-snippet:-1","max-image-preview":"max-image-preview:large","max-video-preview":"max-video-preview:-1"},"canonical":"https:\/\/www.ylume-creation.com\/fr\/inspiration-lumiere\/","og_locale":"fr_FR","og_type":"article","og_title":"Lookbook - Ylume","og_description":"D\u00e9couvrez l'inspiration des bijoux Ylume! Cr\u00e9es \u00e0 la lumi\u00e8re du Sud, et inspir\u00e9s de moments lumineux dans le Monde pour \u00e9veiller les sens des femmes.","og_url":"https:\/\/www.ylume-creation.com\/fr\/inspiration-lumiere\/","og_site_name":"Ylume","article_modified_time":"2021-01-23T14:19:43+00:00","twitter_card":"summary_large_image","twitter_misc":{"Dur\u00e9e de lecture estim\u00e9e":"1 minute"},"schema":{"@context":"https:\/\/schema.org","@graph":[{"@type":"WebPage","@id":"https:\/\/www.ylume-creation.com\/fr\/inspiration-lumiere\/","url":"https:\/\/www.ylume-creation.com\/fr\/inspiration-lumiere\/","name":"Lookbook - Ylume","isPartOf":{"@id":"https:\/\/www.ylume-creation.com\/fr\/#website"},"datePublished":"2016-04-13T02:25:25+00:00","dateModified":"2021-01-23T14:19:43+00:00","description":"D\u00e9couvrez l'inspiration des bijoux Ylume! Cr\u00e9es \u00e0 la lumi\u00e8re du Sud, et inspir\u00e9s de moments lumineux dans le Monde pour \u00e9veiller les sens des femmes.","breadcrumb":{"@id":"https:\/\/www.ylume-creation.com\/fr\/inspiration-lumiere\/#breadcrumb"},"inLanguage":"fr-FR","potentialAction":[{"@type":"ReadAction","target":["https:\/\/www.ylume-creation.com\/fr\/inspiration-lumiere\/"]}]},{"@type":"BreadcrumbList","@id":"https:\/\/www.ylume-creation.com\/fr\/inspiration-lumiere\/#breadcrumb","itemListElement":[{"@type":"ListItem","position":1,"name":"Accueil","item":"https:\/\/www.ylume-creation.com\/fr\/"},{"@type":"ListItem","position":2,"name":"Lookbook"}]},{"@type":"WebSite","@id":"https:\/\/www.ylume-creation.com\/fr\/#website","url":"https:\/\/www.ylume-creation.com\/fr\/","name":"Ylume","description":"Illumine les femmes, \u00e9veille les sens","potentialAction":[{"@type":"SearchAction","target":{"@type":"EntryPoint","urlTemplate":"https:\/\/www.ylume-creation.com\/fr\/?s={search_term_string}"},"query-input":{"@type":"PropertyValueSpecification","valueRequired":true,"valueName":"search_term_string"}}],"inLanguage":"fr-FR"}]}},"_links":{"self":[{"href":"https:\/\/www.ylume-creation.com\/fr\/wp-json\/wp\/v2\/pages\/393","targetHints":{"allow":["GET"]}}],"collection":[{"href":"https:\/\/www.ylume-creation.com\/fr\/wp-json\/wp\/v2\/pages"}],"about":[{"href":"https:\/\/www.ylume-creation.com\/fr\/wp-json\/wp\/v2\/types\/page"}],"author":[{"embeddable":true,"href":"https:\/\/www.ylume-creation.com\/fr\/wp-json\/wp\/v2\/users\/1"}],"replies":[{"embeddable":true,"href":"https:\/\/www.ylume-creation.com\/fr\/wp-json\/wp\/v2\/comments?post=393"}],"version-history":[{"count":100,"href":"https:\/\/www.ylume-creation.com\/fr\/wp-json\/wp\/v2\/pages\/393\/revisions"}],"predecessor-version":[{"id":26083,"href":"https:\/\/www.ylume-creation.com\/fr\/wp-json\/wp\/v2\/pages\/393\/revisions\/26083"}],"wp:attachment":[{"href":"https:\/\/www.ylume-creation.com\/fr\/wp-json\/wp\/v2\/media?parent=393"}],"curies":[{"name":"wp","href":"https:\/\/api.w.org\/{rel}","templated":true}]}}