{"id":3275,"date":"2020-05-09T09:32:08","date_gmt":"2020-05-09T07:32:08","guid":{"rendered":"https:\/\/www.ylume-creation.com\/?page_id=3275"},"modified":"2021-01-22T14:58:15","modified_gmt":"2021-01-22T13:58:15","slug":"lart-du-parfum","status":"publish","type":"page","link":"https:\/\/www.ylume-creation.com\/fr\/la-marque\/lart-du-parfum\/","title":{"rendered":"L\u2019ART DU PARFUM"},"content":{"rendered":"<div id=\"pl-3275\"  class=\"panel-layout\" ><div id=\"pg-3275-0\"  class=\"panel-grid panel-has-style\" ><div class=\"ylContentPageRow panel-row-style panel-row-style-for-3275-0\" ><div id=\"pgc-3275-0-0\"  class=\"panel-grid-cell\" ><div id=\"panel-3275-0-0-0\" class=\"so-panel widget widget_sow-image panel-first-child panel-last-child\" data-index=\"0\" ><div\n\t\t\t\n\t\t\tclass=\"so-widget-sow-image so-widget-sow-image-default-4b231843ec72-3275\"\n\t\t\t\n\t\t>\n\n<div class=\"sow-image-container\">\n\t\t<img decoding=\"async\" src=\"https:\/\/www.ylume-creation.com\/wp-content\/uploads\/2021\/01\/photo-pageparfums2.jpg\" width=\"1500\" height=\"2000\" srcset=\"https:\/\/www.ylume-creation.com\/wp-content\/uploads\/2021\/01\/photo-pageparfums2.jpg 1500w, https:\/\/www.ylume-creation.com\/wp-content\/uploads\/2021\/01\/photo-pageparfums2-225x300.jpg 225w, https:\/\/www.ylume-creation.com\/wp-content\/uploads\/2021\/01\/photo-pageparfums2-768x1024.jpg 768w, https:\/\/www.ylume-creation.com\/wp-content\/uploads\/2021\/01\/photo-pageparfums2-1152x1536.jpg 1152w, https:\/\/www.ylume-creation.com\/wp-content\/uploads\/2021\/01\/photo-pageparfums2-1080x1440.jpg 1080w, https:\/\/www.ylume-creation.com\/wp-content\/uploads\/2021\/01\/photo-pageparfums2-480x640.jpg 480w, https:\/\/www.ylume-creation.com\/wp-content\/uploads\/2021\/01\/photo-pageparfums2-800x1067.jpg 800w\" sizes=\"(max-width: 1500px) 100vw, 1500px\" alt=\"\" \t\tclass=\"so-widget-image\"\/>\n\t<\/div>\n\n<\/div><\/div><\/div><div id=\"pgc-3275-0-1\"  class=\"panel-grid-cell\" ><div id=\"panel-3275-0-1-0\" class=\"so-panel widget widget_text panel-first-child panel-last-child\" data-index=\"1\" ><h3 class=\"widget-title\">L\u2019Inspiration<\/h3>\t\t\t<div class=\"textwidget\"><p><em>\u00ab Corse et fi\u00e8re de mon \u00eele, j\u2019ai toujours eu l\u2019envie de mettre en valeur les secrets<\/em><br \/>\n<em>que cette Terre rec\u00e8le. Des paysages envoutants, une lumi\u00e8re p\u00e9tillante, des valeurs ancr\u00e9es<\/em><br \/>\n<em>seront les inspirations des fragrances de caract\u00e8re qui verront le jour \u00e0 partir de 2019 \u00bb\u00a0<\/em>Pascale.<\/p>\n<p>Ses nombreuses ann\u00e9es d\u2019exp\u00e9riences dans des grands groupes cosm\u00e9tiques (L\u2019Or\u00e9al et L\u2019Occitane)<br \/>\nlui donneront toutes les cartes n\u00e9cessaires pour faire des beaux lancements,<br \/>\ndans les r\u00e8gles de la parfumerie s\u00e9lective.<\/p>\n<p>Chaque senteur est un moment lumineux en Corse \u00e9voquant un souvenir de vacances, un instant pr\u00e9cieux, une \u00e9motion v\u00e9cue. De la lumi\u00e8re du petit matin dans les criques secr\u00e8tes du Cap Corse (MERIA), \u00e0 la lumi\u00e8re du soir sur le sable chaud de Santa Giulia, en faisant une pause \u00e0 LUMIO, lors d\u2019une balade fruit\u00e9e et ensoleill\u00e9e, chaque senteur se veut solaire, unique et styl\u00e9e.<\/p>\n<\/div>\n\t\t<\/div><\/div><\/div><\/div><div id=\"pg-3275-1\"  class=\"panel-grid panel-has-style\" ><div class=\"ylContentPageRow panel-row-style panel-row-style-for-3275-1\" ><div id=\"pgc-3275-1-0\"  class=\"panel-grid-cell\" ><div id=\"panel-3275-1-0-0\" class=\"so-panel widget widget_text panel-first-child panel-last-child\" data-index=\"2\" ><h3 class=\"widget-title\">Les parfumeurs \u00e0 Grasse<\/h3>\t\t\t<div class=\"textwidget\"><p>Soucieuse d\u2019avoir des fragrances uniques, lumineuses et inspir\u00e9es des senteurs Corse,<br \/>\nYLUME travaille avec des parfumeurs de renom \u00e0 Grasse.<br \/>\nLa mise au point de chaque senteur requiert du temps, de l\u2019exigence, une vision.<br \/>\nQualit\u00e9 et provenance des ingr\u00e9dients, recherche de l\u2019harmonie parfaite pour une senteur en ad\u00e9quation avec la lumi\u00e8re de Corse.<\/p>\n<\/div>\n\t\t<\/div><\/div><div id=\"pgc-3275-1-1\"  class=\"panel-grid-cell\" ><div id=\"panel-3275-1-1-0\" class=\"so-panel widget widget_sow-image panel-first-child panel-last-child\" data-index=\"3\" ><div\n\t\t\t\n\t\t\tclass=\"so-widget-sow-image so-widget-sow-image-default-4b231843ec72-3275\"\n\t\t\t\n\t\t>\n\n<div class=\"sow-image-container\">\n\t\t<img decoding=\"async\" src=\"https:\/\/res.cloudinary.com\/dshwep276\/image\/upload\/c_scale,f_auto,h_253,w_333\/v1588607896\/l&#039;art%20du%20parfum\/les%20parfumeurs%20a%20grasse.jpg\" alt=\"\" \t\tclass=\"so-widget-image\"\/>\n\t<\/div>\n\n<\/div><\/div><\/div><\/div><\/div><div id=\"pg-3275-2\"  class=\"panel-grid panel-has-style\" ><div class=\"ylContentPageRow panel-row-style panel-row-style-for-3275-2\" ><div id=\"pgc-3275-2-0\"  class=\"panel-grid-cell\" ><div id=\"panel-3275-2-0-0\" class=\"so-panel widget widget_sow-image panel-first-child panel-last-child\" data-index=\"4\" ><div\n\t\t\t\n\t\t\tclass=\"so-widget-sow-image so-widget-sow-image-default-4b231843ec72-3275\"\n\t\t\t\n\t\t>\n\n<div class=\"sow-image-container\">\n\t\t<img decoding=\"async\" src=\"https:\/\/www.ylume-creation.com\/wp-content\/uploads\/2021\/01\/photo-pageparfums-3.jpg\" width=\"1500\" height=\"2000\" srcset=\"https:\/\/www.ylume-creation.com\/wp-content\/uploads\/2021\/01\/photo-pageparfums-3.jpg 1500w, https:\/\/www.ylume-creation.com\/wp-content\/uploads\/2021\/01\/photo-pageparfums-3-225x300.jpg 225w, https:\/\/www.ylume-creation.com\/wp-content\/uploads\/2021\/01\/photo-pageparfums-3-768x1024.jpg 768w, https:\/\/www.ylume-creation.com\/wp-content\/uploads\/2021\/01\/photo-pageparfums-3-1152x1536.jpg 1152w, https:\/\/www.ylume-creation.com\/wp-content\/uploads\/2021\/01\/photo-pageparfums-3-1080x1440.jpg 1080w, https:\/\/www.ylume-creation.com\/wp-content\/uploads\/2021\/01\/photo-pageparfums-3-480x640.jpg 480w, https:\/\/www.ylume-creation.com\/wp-content\/uploads\/2021\/01\/photo-pageparfums-3-800x1067.jpg 800w\" sizes=\"(max-width: 1500px) 100vw, 1500px\" alt=\"\" \t\tclass=\"so-widget-image\"\/>\n\t<\/div>\n\n<\/div><\/div><\/div><div id=\"pgc-3275-2-1\"  class=\"panel-grid-cell\" ><div id=\"panel-3275-2-1-0\" class=\"so-panel widget widget_text panel-first-child panel-last-child\" data-index=\"5\" ><h3 class=\"widget-title\">Le sud de la France<\/h3>\t\t\t<div class=\"textwidget\"><p>Soucieuse de pr\u00e9server l\u2019environnement, la fabrication du parfum est r\u00e9alis\u00e9e \u00e0 Grasse<br \/>\npar une entreprise \u00e0 taille humaine.<br \/>\nChaque d\u00e9cision est prise en pensant \u00e0 l\u2019environnement et sans rogner sur la qualit\u00e9 et les valeurs de la marque.<\/p>\n<p>Le parfum est mis au point par un parfumeur de renom Grassois. Les flacons viennent du Nord de l\u2019Italie.<br \/>\nLe cordon bracelet qui entoure le parfum est fabriqu\u00e9 en Auvergne et<br \/>\nla pampille dor\u00e9e \u00e0 l\u2019or fin 24 carats est fabriqu\u00e9e en Provence.<\/p>\n<p>Plut\u00f4t qu\u2019un emballage carton, YLUME a privil\u00e9gi\u00e9 un emballage r\u00e9utilisable en coton blanc et dor\u00e9,<br \/>\naux couleurs de la marque.<\/p>\n<p>LE SUD DE LA FRANCE est au COEUR \u2026<\/p>\n<\/div>\n\t\t<\/div><\/div><\/div><\/div><div id=\"pg-3275-3\"  class=\"panel-grid panel-has-style\" ><div class=\"ylContentPageRow panel-row-style panel-row-style-for-3275-3\" ><div id=\"pgc-3275-3-0\"  class=\"panel-grid-cell\" ><div id=\"panel-3275-3-0-0\" class=\"so-panel widget widget_text panel-first-child panel-last-child\" data-index=\"6\" ><h3 class=\"widget-title\">Un parfum \u2026 bijou<\/h3>\t\t\t<div class=\"textwidget\"><p>Chaque parfum est propos\u00e9 avec des cordons-bracelets aux couleurs du parfum<br \/>\npour illuminer le quotidien.<br \/>\nBleu turquoise pour MERIA, jaune dor\u00e9 pour LUMIO, et Rose pourpre pour GIULIA,<br \/>\nchaque bracelet est orn\u00e9 de la pampille YLUME, dor\u00e9e \u00e0 l\u2019or fin.<\/p>\n<p><em>*la pampille est fabriqu\u00e9e en Provence, plaqu\u00e9e or dans le Rh\u00f4ne, et le cordon est fabriqu\u00e9 en Auvergne.<\/em><\/p>\n<\/div>\n\t\t<\/div><\/div><div id=\"pgc-3275-3-1\"  class=\"panel-grid-cell\" ><div id=\"panel-3275-3-1-0\" class=\"so-panel widget widget_sow-image panel-first-child panel-last-child\" data-index=\"7\" ><div\n\t\t\t\n\t\t\tclass=\"so-widget-sow-image so-widget-sow-image-default-4b231843ec72-3275\"\n\t\t\t\n\t\t>\n\n<div class=\"sow-image-container\">\n\t\t<img decoding=\"async\" src=\"https:\/\/res.cloudinary.com\/dshwep276\/image\/upload\/c_scale,f_auto,w_333\/v1588608494\/page%20parfums\/le%20parfum%20...%20bijou%20option.jpg\" alt=\"\" \t\tclass=\"so-widget-image\"\/>\n\t<\/div>\n\n<\/div><\/div><\/div><\/div><\/div><\/div>","protected":false},"excerpt":{"rendered":"<p>\u00ab Corse et fi\u00e8re de mon \u00eele, j\u2019ai toujours eu l\u2019envie de mettre en valeur les secrets que cette Terre rec\u00e8le. Des paysages envoutants, une lumi\u00e8re p\u00e9tillante, des valeurs ancr\u00e9es seront les inspirations des fragrances de caract\u00e8re qui verront le jour \u00e0 partir de 2019 \u00bb\u00a0Pascale. Ses nombreuses ann\u00e9es d\u2019exp\u00e9riences dans des grands groupes cosm\u00e9tiques [&hellip;]<\/p>\n","protected":false},"author":84,"featured_media":3244,"parent":724,"menu_order":0,"comment_status":"closed","ping_status":"closed","template":"page-templates\/yl-full-width.php","meta":{"_acf_changed":false,"footnotes":""},"class_list":["post-3275","page","type-page","status-publish","has-post-thumbnail","hentry"],"acf":[],"yoast_head":"<!-- This site is optimized with the Yoast SEO plugin v27.4 - https:\/\/yoast.com\/product\/yoast-seo-wordpress\/ -->\n<title>L\u2019ART DU PARFUM - Ylume<\/title>\n<meta name=\"robots\" content=\"index, follow, max-snippet:-1, max-image-preview:large, max-video-preview:-1\" \/>\n<link rel=\"canonical\" href=\"https:\/\/www.ylume-creation.com\/fr\/la-marque\/lart-du-parfum\/\" \/>\n<meta property=\"og:locale\" content=\"fr_FR\" \/>\n<meta property=\"og:type\" content=\"article\" \/>\n<meta property=\"og:title\" content=\"L\u2019ART DU PARFUM - Ylume\" \/>\n<meta property=\"og:description\" content=\"\u00ab Corse et fi\u00e8re de mon \u00eele, j\u2019ai toujours eu l\u2019envie de mettre en valeur les secrets que cette Terre rec\u00e8le. Des paysages envoutants, une lumi\u00e8re p\u00e9tillante, des valeurs ancr\u00e9es seront les inspirations des fragrances de caract\u00e8re qui verront le jour \u00e0 partir de 2019 \u00bb\u00a0Pascale. Ses nombreuses ann\u00e9es d\u2019exp\u00e9riences dans des grands groupes cosm\u00e9tiques [&hellip;]\" \/>\n<meta property=\"og:url\" content=\"https:\/\/www.ylume-creation.com\/fr\/la-marque\/lart-du-parfum\/\" \/>\n<meta property=\"og:site_name\" content=\"Ylume\" \/>\n<meta property=\"article:modified_time\" content=\"2021-01-22T13:58:15+00:00\" \/>\n<meta property=\"og:image\" content=\"https:\/\/www.ylume-creation.com\/wp-content\/uploads\/2021\/01\/le20parfum20bijou.jpg\" \/>\n\t<meta property=\"og:image:width\" content=\"1200\" \/>\n\t<meta property=\"og:image:height\" content=\"800\" \/>\n\t<meta property=\"og:image:type\" content=\"image\/jpeg\" \/>\n<meta name=\"twitter:card\" content=\"summary_large_image\" \/>\n<meta name=\"twitter:label1\" content=\"Dur\u00e9e de lecture estim\u00e9e\" \/>\n\t<meta name=\"twitter:data1\" content=\"2 minutes\" \/>\n<script type=\"application\/ld+json\" class=\"yoast-schema-graph\">{\"@context\":\"https:\\\/\\\/schema.org\",\"@graph\":[{\"@type\":\"WebPage\",\"@id\":\"https:\\\/\\\/www.ylume-creation.com\\\/fr\\\/la-marque\\\/lart-du-parfum\\\/\",\"url\":\"https:\\\/\\\/www.ylume-creation.com\\\/fr\\\/la-marque\\\/lart-du-parfum\\\/\",\"name\":\"L\u2019ART DU PARFUM - Ylume\",\"isPartOf\":{\"@id\":\"https:\\\/\\\/www.ylume-creation.com\\\/fr\\\/#website\"},\"primaryImageOfPage\":{\"@id\":\"https:\\\/\\\/www.ylume-creation.com\\\/fr\\\/la-marque\\\/lart-du-parfum\\\/#primaryimage\"},\"image\":{\"@id\":\"https:\\\/\\\/www.ylume-creation.com\\\/fr\\\/la-marque\\\/lart-du-parfum\\\/#primaryimage\"},\"thumbnailUrl\":\"https:\\\/\\\/www.ylume-creation.com\\\/wp-content\\\/uploads\\\/2021\\\/01\\\/le20parfum20bijou.jpg\",\"datePublished\":\"2020-05-09T07:32:08+00:00\",\"dateModified\":\"2021-01-22T13:58:15+00:00\",\"breadcrumb\":{\"@id\":\"https:\\\/\\\/www.ylume-creation.com\\\/fr\\\/la-marque\\\/lart-du-parfum\\\/#breadcrumb\"},\"inLanguage\":\"fr-FR\",\"potentialAction\":[{\"@type\":\"ReadAction\",\"target\":[\"https:\\\/\\\/www.ylume-creation.com\\\/fr\\\/la-marque\\\/lart-du-parfum\\\/\"]}]},{\"@type\":\"ImageObject\",\"inLanguage\":\"fr-FR\",\"@id\":\"https:\\\/\\\/www.ylume-creation.com\\\/fr\\\/la-marque\\\/lart-du-parfum\\\/#primaryimage\",\"url\":\"https:\\\/\\\/www.ylume-creation.com\\\/wp-content\\\/uploads\\\/2021\\\/01\\\/le20parfum20bijou.jpg\",\"contentUrl\":\"https:\\\/\\\/www.ylume-creation.com\\\/wp-content\\\/uploads\\\/2021\\\/01\\\/le20parfum20bijou.jpg\",\"width\":1200,\"height\":800,\"caption\":\"parfum bijou\"},{\"@type\":\"BreadcrumbList\",\"@id\":\"https:\\\/\\\/www.ylume-creation.com\\\/fr\\\/la-marque\\\/lart-du-parfum\\\/#breadcrumb\",\"itemListElement\":[{\"@type\":\"ListItem\",\"position\":1,\"name\":\"Accueil\",\"item\":\"https:\\\/\\\/www.ylume-creation.com\\\/fr\\\/\"},{\"@type\":\"ListItem\",\"position\":2,\"name\":\"La marque\",\"item\":\"https:\\\/\\\/www.ylume-creation.com\\\/fr\\\/la-marque\\\/\"},{\"@type\":\"ListItem\",\"position\":3,\"name\":\"L\u2019ART DU PARFUM\"}]},{\"@type\":\"WebSite\",\"@id\":\"https:\\\/\\\/www.ylume-creation.com\\\/fr\\\/#website\",\"url\":\"https:\\\/\\\/www.ylume-creation.com\\\/fr\\\/\",\"name\":\"Ylume\",\"description\":\"Illumine les femmes, \u00e9veille les sens\",\"potentialAction\":[{\"@type\":\"SearchAction\",\"target\":{\"@type\":\"EntryPoint\",\"urlTemplate\":\"https:\\\/\\\/www.ylume-creation.com\\\/fr\\\/?s={search_term_string}\"},\"query-input\":{\"@type\":\"PropertyValueSpecification\",\"valueRequired\":true,\"valueName\":\"search_term_string\"}}],\"inLanguage\":\"fr-FR\"}]}<\/script>\n<!-- \/ Yoast SEO plugin. -->","yoast_head_json":{"title":"L\u2019ART DU PARFUM - Ylume","robots":{"index":"index","follow":"follow","max-snippet":"max-snippet:-1","max-image-preview":"max-image-preview:large","max-video-preview":"max-video-preview:-1"},"canonical":"https:\/\/www.ylume-creation.com\/fr\/la-marque\/lart-du-parfum\/","og_locale":"fr_FR","og_type":"article","og_title":"L\u2019ART DU PARFUM - Ylume","og_description":"\u00ab Corse et fi\u00e8re de mon \u00eele, j\u2019ai toujours eu l\u2019envie de mettre en valeur les secrets que cette Terre rec\u00e8le. Des paysages envoutants, une lumi\u00e8re p\u00e9tillante, des valeurs ancr\u00e9es seront les inspirations des fragrances de caract\u00e8re qui verront le jour \u00e0 partir de 2019 \u00bb\u00a0Pascale. Ses nombreuses ann\u00e9es d\u2019exp\u00e9riences dans des grands groupes cosm\u00e9tiques [&hellip;]","og_url":"https:\/\/www.ylume-creation.com\/fr\/la-marque\/lart-du-parfum\/","og_site_name":"Ylume","article_modified_time":"2021-01-22T13:58:15+00:00","og_image":[{"width":1200,"height":800,"url":"https:\/\/www.ylume-creation.com\/wp-content\/uploads\/2021\/01\/le20parfum20bijou.jpg","type":"image\/jpeg"}],"twitter_card":"summary_large_image","twitter_misc":{"Dur\u00e9e de lecture estim\u00e9e":"2 minutes"},"schema":{"@context":"https:\/\/schema.org","@graph":[{"@type":"WebPage","@id":"https:\/\/www.ylume-creation.com\/fr\/la-marque\/lart-du-parfum\/","url":"https:\/\/www.ylume-creation.com\/fr\/la-marque\/lart-du-parfum\/","name":"L\u2019ART DU PARFUM - Ylume","isPartOf":{"@id":"https:\/\/www.ylume-creation.com\/fr\/#website"},"primaryImageOfPage":{"@id":"https:\/\/www.ylume-creation.com\/fr\/la-marque\/lart-du-parfum\/#primaryimage"},"image":{"@id":"https:\/\/www.ylume-creation.com\/fr\/la-marque\/lart-du-parfum\/#primaryimage"},"thumbnailUrl":"https:\/\/www.ylume-creation.com\/wp-content\/uploads\/2021\/01\/le20parfum20bijou.jpg","datePublished":"2020-05-09T07:32:08+00:00","dateModified":"2021-01-22T13:58:15+00:00","breadcrumb":{"@id":"https:\/\/www.ylume-creation.com\/fr\/la-marque\/lart-du-parfum\/#breadcrumb"},"inLanguage":"fr-FR","potentialAction":[{"@type":"ReadAction","target":["https:\/\/www.ylume-creation.com\/fr\/la-marque\/lart-du-parfum\/"]}]},{"@type":"ImageObject","inLanguage":"fr-FR","@id":"https:\/\/www.ylume-creation.com\/fr\/la-marque\/lart-du-parfum\/#primaryimage","url":"https:\/\/www.ylume-creation.com\/wp-content\/uploads\/2021\/01\/le20parfum20bijou.jpg","contentUrl":"https:\/\/www.ylume-creation.com\/wp-content\/uploads\/2021\/01\/le20parfum20bijou.jpg","width":1200,"height":800,"caption":"parfum bijou"},{"@type":"BreadcrumbList","@id":"https:\/\/www.ylume-creation.com\/fr\/la-marque\/lart-du-parfum\/#breadcrumb","itemListElement":[{"@type":"ListItem","position":1,"name":"Accueil","item":"https:\/\/www.ylume-creation.com\/fr\/"},{"@type":"ListItem","position":2,"name":"La marque","item":"https:\/\/www.ylume-creation.com\/fr\/la-marque\/"},{"@type":"ListItem","position":3,"name":"L\u2019ART DU PARFUM"}]},{"@type":"WebSite","@id":"https:\/\/www.ylume-creation.com\/fr\/#website","url":"https:\/\/www.ylume-creation.com\/fr\/","name":"Ylume","description":"Illumine les femmes, \u00e9veille les sens","potentialAction":[{"@type":"SearchAction","target":{"@type":"EntryPoint","urlTemplate":"https:\/\/www.ylume-creation.com\/fr\/?s={search_term_string}"},"query-input":{"@type":"PropertyValueSpecification","valueRequired":true,"valueName":"search_term_string"}}],"inLanguage":"fr-FR"}]}},"_links":{"self":[{"href":"https:\/\/www.ylume-creation.com\/fr\/wp-json\/wp\/v2\/pages\/3275","targetHints":{"allow":["GET"]}}],"collection":[{"href":"https:\/\/www.ylume-creation.com\/fr\/wp-json\/wp\/v2\/pages"}],"about":[{"href":"https:\/\/www.ylume-creation.com\/fr\/wp-json\/wp\/v2\/types\/page"}],"author":[{"embeddable":true,"href":"https:\/\/www.ylume-creation.com\/fr\/wp-json\/wp\/v2\/users\/84"}],"replies":[{"embeddable":true,"href":"https:\/\/www.ylume-creation.com\/fr\/wp-json\/wp\/v2\/comments?post=3275"}],"version-history":[{"count":37,"href":"https:\/\/www.ylume-creation.com\/fr\/wp-json\/wp\/v2\/pages\/3275\/revisions"}],"predecessor-version":[{"id":3368,"href":"https:\/\/www.ylume-creation.com\/fr\/wp-json\/wp\/v2\/pages\/3275\/revisions\/3368"}],"up":[{"embeddable":true,"href":"https:\/\/www.ylume-creation.com\/fr\/wp-json\/wp\/v2\/pages\/724"}],"wp:featuredmedia":[{"embeddable":true,"href":"https:\/\/www.ylume-creation.com\/fr\/wp-json\/wp\/v2\/media\/3244"}],"wp:attachment":[{"href":"https:\/\/www.ylume-creation.com\/fr\/wp-json\/wp\/v2\/media?parent=3275"}],"curies":[{"name":"wp","href":"https:\/\/api.w.org\/{rel}","templated":true}]}}