{"id":30196,"date":"2023-06-23T15:22:52","date_gmt":"2023-06-23T13:22:52","guid":{"rendered":"https:\/\/www.ylume-creation.com\/?page_id=30196"},"modified":"2025-08-29T14:30:17","modified_gmt":"2025-08-29T12:30:17","slug":"le-showroom","status":"publish","type":"page","link":"https:\/\/www.ylume-creation.com\/fr\/le-showroom\/","title":{"rendered":"LE SHOWROOM"},"content":{"rendered":"<div id=\"pl-30196\"  class=\"panel-layout\" ><div id=\"pg-30196-0\"  class=\"panel-grid panel-has-style\" ><div class=\"siteorigin-panels-stretch panel-row-style panel-row-style-for-30196-0\" id=\"ylPfAccrocheRow\" data-stretch-type=\"full-width-stretch\" ><div id=\"pgc-30196-0-0\"  class=\"panel-grid-cell\" ><div id=\"panel-30196-0-0-0\" class=\"widget_text so-panel widget widget_custom_html panel-first-child panel-last-child\" data-index=\"0\" ><div class=\"widget_text ylHeroTextOver panel-widget-style panel-widget-style-for-30196-0-0-0\" ><div class=\"textwidget custom-html-widget\"><header class=\"entry-header\">\n\t<h1 class=\"entry-title typography-title\">LE SHOWROOM<\/h1>\n<\/header><\/div><\/div><\/div><\/div><\/div><\/div><div id=\"pg-30196-1\"  class=\"panel-grid panel-no-style\" ><div id=\"pgc-30196-1-0\"  class=\"panel-grid-cell\" ><div id=\"panel-30196-1-0-0\" class=\"so-panel widget widget_text panel-first-child panel-last-child\" data-index=\"1\" ><div class=\"text-center panel-widget-style panel-widget-style-for-30196-1-0-0\" >\t\t\t<div class=\"textwidget\"><p>C&rsquo;est en plein c\u0153ur de la ville d&rsquo;Aix-en-Provence qu&rsquo;est n\u00e9 le showroom d&rsquo;YLUME en Mars 2023, un lieu baign\u00e9 de lumi\u00e8re, \u00e0 quelques pas de la place des pr\u00eacheurs. Nous vous y attendons sur rendez-vous et serons heureux de vous faire plonger dans l&rsquo;univers ensoleill\u00e9 de la marque.<\/p>\n<\/div>\n\t\t<\/div><\/div><\/div><\/div><div id=\"pg-30196-2\"  class=\"panel-grid panel-no-style\" ><div id=\"pgc-30196-2-0\"  class=\"panel-grid-cell\" ><div id=\"panel-30196-2-0-0\" class=\"so-panel widget widget_media_image panel-first-child\" data-index=\"2\" ><img decoding=\"async\" width=\"640\" height=\"480\" src=\"https:\/\/www.ylume-creation.com\/wp-content\/uploads\/2023\/06\/LEXPERIENCE.jpg\" class=\"image wp-image-30198  attachment-full size-full\" alt=\"\" style=\"max-width: 100%; height: auto;\" srcset=\"https:\/\/www.ylume-creation.com\/wp-content\/uploads\/2023\/06\/LEXPERIENCE.jpg 640w, https:\/\/www.ylume-creation.com\/wp-content\/uploads\/2023\/06\/LEXPERIENCE-300x225.jpg 300w, https:\/\/www.ylume-creation.com\/wp-content\/uploads\/2023\/06\/LEXPERIENCE-480x360.jpg 480w\" sizes=\"(max-width: 640px) 100vw, 640px\" \/><\/div><div id=\"panel-30196-2-0-1\" class=\"so-panel widget widget_sow-editor panel-last-child\" data-index=\"3\" ><div class=\"panel-widget-style panel-widget-style-for-30196-2-0-1\" ><div\n\t\t\t\n\t\t\tclass=\"so-widget-sow-editor so-widget-sow-editor-base\"\n\t\t\t\n\t\t><h3 class=\"widget-title\">L'EXPERIENCE<\/h3>\n<div class=\"siteorigin-widget-tinymce textwidget\">\n\t<p>Plongez au c\u0153ur de l\u2019univers d\u2019YLUME, d\u00e9couvrez les nouvelles collections en avant premi\u00e8re, vivez une exp\u00e9rience priv\u00e9e dans notre showroom. En plein c\u0153ur d\u2019Aix-en-Provence, vous pourrez sentir les fragrances de Grasse, illuminer votre peau des bijoux \u00e0 l\u2019or mat et scintillant, \u00e9changer avec la cr\u00e9atrice et sentir l\u2019\u00e9nergie solaire des vacances et voyages au bord de l\u2019eau.<\/p>\n<\/div>\n<\/div><\/div><\/div><\/div><div id=\"pgc-30196-2-1\"  class=\"panel-grid-cell\" ><div id=\"panel-30196-2-1-0\" class=\"so-panel widget widget_media_image panel-first-child\" data-index=\"4\" ><img decoding=\"async\" width=\"640\" height=\"480\" src=\"https:\/\/www.ylume-creation.com\/wp-content\/uploads\/2023\/06\/LELIEU.jpg\" class=\"image wp-image-30199  attachment-full size-full\" alt=\"\" style=\"max-width: 100%; height: auto;\" srcset=\"https:\/\/www.ylume-creation.com\/wp-content\/uploads\/2023\/06\/LELIEU.jpg 640w, https:\/\/www.ylume-creation.com\/wp-content\/uploads\/2023\/06\/LELIEU-300x225.jpg 300w, https:\/\/www.ylume-creation.com\/wp-content\/uploads\/2023\/06\/LELIEU-480x360.jpg 480w\" sizes=\"(max-width: 640px) 100vw, 640px\" \/><\/div><div id=\"panel-30196-2-1-1\" class=\"so-panel widget widget_sow-editor panel-last-child\" data-index=\"5\" ><div class=\"panel-widget-style panel-widget-style-for-30196-2-1-1\" ><div\n\t\t\t\n\t\t\tclass=\"so-widget-sow-editor so-widget-sow-editor-base\"\n\t\t\t\n\t\t><h3 class=\"widget-title\">LE LIEU<\/h3>\n<div class=\"siteorigin-widget-tinymce textwidget\">\n\t<p>Le showroom se situe en plein c\u0153ur d\u2019Aix-en-Provence, dans un h\u00f4tel particulier. Dans les bureaux de la marque de papiers peints historiques @legrandsi\u00e8cle, entour\u00e9e de Vanessa et Isabelle, entrepreneures et femmes dynamiques, l\u2019effervescence est \u00e0 son comble\u00a0! Ce lieu charg\u00e9 d\u2019histoire et baign\u00e9 de la lumi\u00e8re \u00e9tincelante de la ville en font le lieu parfait pour cr\u00e9er et imaginer les collections de demain. <\/p>\n<\/div>\n<\/div><\/div><\/div><\/div><div id=\"pgc-30196-2-2\"  class=\"panel-grid-cell\" ><div id=\"panel-30196-2-2-0\" class=\"so-panel widget widget_media_image panel-first-child\" data-index=\"6\" ><img decoding=\"async\" width=\"640\" height=\"480\" src=\"https:\/\/www.ylume-creation.com\/wp-content\/uploads\/2023\/06\/PRENDRERDV.jpg\" class=\"image wp-image-30200  attachment-full size-full\" alt=\"\" style=\"max-width: 100%; height: auto;\" srcset=\"https:\/\/www.ylume-creation.com\/wp-content\/uploads\/2023\/06\/PRENDRERDV.jpg 640w, https:\/\/www.ylume-creation.com\/wp-content\/uploads\/2023\/06\/PRENDRERDV-300x225.jpg 300w, https:\/\/www.ylume-creation.com\/wp-content\/uploads\/2023\/06\/PRENDRERDV-480x360.jpg 480w\" sizes=\"(max-width: 640px) 100vw, 640px\" \/><\/div><div id=\"panel-30196-2-2-1\" class=\"so-panel widget widget_sow-editor panel-last-child\" data-index=\"7\" ><div class=\"panel-widget-style panel-widget-style-for-30196-2-2-1\" ><div\n\t\t\t\n\t\t\tclass=\"so-widget-sow-editor so-widget-sow-editor-base\"\n\t\t\t\n\t\t><h3 class=\"widget-title\">PRENDRE RDV<\/h3>\n<div class=\"siteorigin-widget-tinymce textwidget\">\n\t<p>Une d\u00e9couverte, un cadeau \u00e0 faire, venez d\u00e9couvrir le showroom, seule ou \u00e0 plusieurs. Vous pouvez prendre RDV par email ylume.bijoux@gmail.com en notant votre nom et num\u00e9ro de t\u00e9l\u00e9phone et le jour de votre choix. Je me ferai un plaisir de vous accueillir personnellement pour cet \u00e9v\u00e8nement priv\u00e9. Moyens de paiement : carte bleue, ch\u00e8que ou esp\u00e8ces.<\/p>\n<\/div>\n<\/div><\/div><\/div><\/div><\/div><div id=\"pg-30196-3\"  class=\"panel-grid panel-no-style\" ><div id=\"pgc-30196-3-0\"  class=\"panel-grid-cell\" ><div id=\"panel-30196-3-0-0\" class=\"so-panel widget widget_primrose-sow-heading panel-first-child panel-last-child\" data-index=\"8\" ><div class=\"h2 panel-widget-style panel-widget-style-for-30196-3-0-0\" ><div\n\t\t\t\n\t\t\tclass=\"so-widget-primrose-sow-heading so-widget-primrose-sow-heading-default-d75171398898-30196\"\n\t\t\t\n\t\t><div class=\"primrose-sow-heading primrose-sow-alignment-center\">A tr\u00e8s vite\u00a0!<\/div><\/div><\/div><\/div><\/div><\/div><\/div>","protected":false},"excerpt":{"rendered":"<p>C&rsquo;est en plein c\u0153ur de la ville d&rsquo;Aix-en-Provence qu&rsquo;est n\u00e9 le showroom d&rsquo;YLUME en Mars 2023, un lieu baign\u00e9 de lumi\u00e8re, \u00e0 quelques pas de la place des pr\u00eacheurs. Nous vous y attendons sur rendez-vous et serons heureux de vous faire plonger dans l&rsquo;univers ensoleill\u00e9 de la marque.<\/p>\n","protected":false},"author":1,"featured_media":0,"parent":0,"menu_order":0,"comment_status":"closed","ping_status":"closed","template":"page-templates\/blank.php","meta":{"_acf_changed":false,"footnotes":""},"class_list":["post-30196","page","type-page","status-publish","hentry"],"acf":[],"yoast_head":"<!-- This site is optimized with the Yoast SEO plugin v27.4 - https:\/\/yoast.com\/product\/yoast-seo-wordpress\/ -->\n<title>LE SHOWROOM - Ylume<\/title>\n<meta name=\"description\" content=\"Les valeurs de la marque sont l&#039;authenticit\u00e9, la transparence, l&#039;art de la cr\u00e9ation. Nous essayons de nous renouveler sans cesse pour vous.\" \/>\n<meta name=\"robots\" content=\"index, follow, max-snippet:-1, max-image-preview:large, max-video-preview:-1\" \/>\n<link rel=\"canonical\" href=\"https:\/\/www.ylume-creation.com\/fr\/le-showroom\/\" \/>\n<meta property=\"og:locale\" content=\"fr_FR\" \/>\n<meta property=\"og:type\" content=\"article\" \/>\n<meta property=\"og:title\" content=\"LE SHOWROOM - Ylume\" \/>\n<meta property=\"og:description\" content=\"Les valeurs de la marque sont l&#039;authenticit\u00e9, la transparence, l&#039;art de la cr\u00e9ation. Nous essayons de nous renouveler sans cesse pour vous.\" \/>\n<meta property=\"og:url\" content=\"https:\/\/www.ylume-creation.com\/fr\/le-showroom\/\" \/>\n<meta property=\"og:site_name\" content=\"Ylume\" \/>\n<meta property=\"article:modified_time\" content=\"2025-08-29T12:30:17+00:00\" \/>\n<meta name=\"twitter:card\" content=\"summary_large_image\" \/>\n<meta name=\"twitter:label1\" content=\"Dur\u00e9e de lecture estim\u00e9e\" \/>\n\t<meta name=\"twitter:data1\" content=\"2 minutes\" \/>\n<script type=\"application\/ld+json\" class=\"yoast-schema-graph\">{\"@context\":\"https:\\\/\\\/schema.org\",\"@graph\":[{\"@type\":\"WebPage\",\"@id\":\"https:\\\/\\\/www.ylume-creation.com\\\/fr\\\/le-showroom\\\/\",\"url\":\"https:\\\/\\\/www.ylume-creation.com\\\/fr\\\/le-showroom\\\/\",\"name\":\"LE SHOWROOM - Ylume\",\"isPartOf\":{\"@id\":\"https:\\\/\\\/www.ylume-creation.com\\\/fr\\\/#website\"},\"datePublished\":\"2023-06-23T13:22:52+00:00\",\"dateModified\":\"2025-08-29T12:30:17+00:00\",\"description\":\"Les valeurs de la marque sont l'authenticit\u00e9, la transparence, l'art de la cr\u00e9ation. Nous essayons de nous renouveler sans cesse pour vous.\",\"breadcrumb\":{\"@id\":\"https:\\\/\\\/www.ylume-creation.com\\\/fr\\\/le-showroom\\\/#breadcrumb\"},\"inLanguage\":\"fr-FR\",\"potentialAction\":[{\"@type\":\"ReadAction\",\"target\":[\"https:\\\/\\\/www.ylume-creation.com\\\/fr\\\/le-showroom\\\/\"]}]},{\"@type\":\"BreadcrumbList\",\"@id\":\"https:\\\/\\\/www.ylume-creation.com\\\/fr\\\/le-showroom\\\/#breadcrumb\",\"itemListElement\":[{\"@type\":\"ListItem\",\"position\":1,\"name\":\"Accueil\",\"item\":\"https:\\\/\\\/www.ylume-creation.com\\\/fr\\\/\"},{\"@type\":\"ListItem\",\"position\":2,\"name\":\"LE SHOWROOM\"}]},{\"@type\":\"WebSite\",\"@id\":\"https:\\\/\\\/www.ylume-creation.com\\\/fr\\\/#website\",\"url\":\"https:\\\/\\\/www.ylume-creation.com\\\/fr\\\/\",\"name\":\"Ylume\",\"description\":\"Illumine les femmes, \u00e9veille les sens\",\"potentialAction\":[{\"@type\":\"SearchAction\",\"target\":{\"@type\":\"EntryPoint\",\"urlTemplate\":\"https:\\\/\\\/www.ylume-creation.com\\\/fr\\\/?s={search_term_string}\"},\"query-input\":{\"@type\":\"PropertyValueSpecification\",\"valueRequired\":true,\"valueName\":\"search_term_string\"}}],\"inLanguage\":\"fr-FR\"}]}<\/script>\n<!-- \/ Yoast SEO plugin. -->","yoast_head_json":{"title":"LE SHOWROOM - Ylume","description":"Les valeurs de la marque sont l'authenticit\u00e9, la transparence, l'art de la cr\u00e9ation. Nous essayons de nous renouveler sans cesse pour vous.","robots":{"index":"index","follow":"follow","max-snippet":"max-snippet:-1","max-image-preview":"max-image-preview:large","max-video-preview":"max-video-preview:-1"},"canonical":"https:\/\/www.ylume-creation.com\/fr\/le-showroom\/","og_locale":"fr_FR","og_type":"article","og_title":"LE SHOWROOM - Ylume","og_description":"Les valeurs de la marque sont l'authenticit\u00e9, la transparence, l'art de la cr\u00e9ation. Nous essayons de nous renouveler sans cesse pour vous.","og_url":"https:\/\/www.ylume-creation.com\/fr\/le-showroom\/","og_site_name":"Ylume","article_modified_time":"2025-08-29T12:30:17+00:00","twitter_card":"summary_large_image","twitter_misc":{"Dur\u00e9e de lecture estim\u00e9e":"2 minutes"},"schema":{"@context":"https:\/\/schema.org","@graph":[{"@type":"WebPage","@id":"https:\/\/www.ylume-creation.com\/fr\/le-showroom\/","url":"https:\/\/www.ylume-creation.com\/fr\/le-showroom\/","name":"LE SHOWROOM - Ylume","isPartOf":{"@id":"https:\/\/www.ylume-creation.com\/fr\/#website"},"datePublished":"2023-06-23T13:22:52+00:00","dateModified":"2025-08-29T12:30:17+00:00","description":"Les valeurs de la marque sont l'authenticit\u00e9, la transparence, l'art de la cr\u00e9ation. Nous essayons de nous renouveler sans cesse pour vous.","breadcrumb":{"@id":"https:\/\/www.ylume-creation.com\/fr\/le-showroom\/#breadcrumb"},"inLanguage":"fr-FR","potentialAction":[{"@type":"ReadAction","target":["https:\/\/www.ylume-creation.com\/fr\/le-showroom\/"]}]},{"@type":"BreadcrumbList","@id":"https:\/\/www.ylume-creation.com\/fr\/le-showroom\/#breadcrumb","itemListElement":[{"@type":"ListItem","position":1,"name":"Accueil","item":"https:\/\/www.ylume-creation.com\/fr\/"},{"@type":"ListItem","position":2,"name":"LE SHOWROOM"}]},{"@type":"WebSite","@id":"https:\/\/www.ylume-creation.com\/fr\/#website","url":"https:\/\/www.ylume-creation.com\/fr\/","name":"Ylume","description":"Illumine les femmes, \u00e9veille les sens","potentialAction":[{"@type":"SearchAction","target":{"@type":"EntryPoint","urlTemplate":"https:\/\/www.ylume-creation.com\/fr\/?s={search_term_string}"},"query-input":{"@type":"PropertyValueSpecification","valueRequired":true,"valueName":"search_term_string"}}],"inLanguage":"fr-FR"}]}},"_links":{"self":[{"href":"https:\/\/www.ylume-creation.com\/fr\/wp-json\/wp\/v2\/pages\/30196","targetHints":{"allow":["GET"]}}],"collection":[{"href":"https:\/\/www.ylume-creation.com\/fr\/wp-json\/wp\/v2\/pages"}],"about":[{"href":"https:\/\/www.ylume-creation.com\/fr\/wp-json\/wp\/v2\/types\/page"}],"author":[{"embeddable":true,"href":"https:\/\/www.ylume-creation.com\/fr\/wp-json\/wp\/v2\/users\/1"}],"replies":[{"embeddable":true,"href":"https:\/\/www.ylume-creation.com\/fr\/wp-json\/wp\/v2\/comments?post=30196"}],"version-history":[{"count":16,"href":"https:\/\/www.ylume-creation.com\/fr\/wp-json\/wp\/v2\/pages\/30196\/revisions"}],"predecessor-version":[{"id":33432,"href":"https:\/\/www.ylume-creation.com\/fr\/wp-json\/wp\/v2\/pages\/30196\/revisions\/33432"}],"wp:attachment":[{"href":"https:\/\/www.ylume-creation.com\/fr\/wp-json\/wp\/v2\/media?parent=30196"}],"curies":[{"name":"wp","href":"https:\/\/api.w.org\/{rel}","templated":true}]}}