{"id":28376,"date":"2022-04-11T16:31:48","date_gmt":"2022-04-11T14:31:48","guid":{"rendered":"https:\/\/www.ylume-creation.com\/?page_id=28376"},"modified":"2023-08-25T15:37:07","modified_gmt":"2023-08-25T13:37:07","slug":"corail","status":"publish","type":"page","link":"https:\/\/www.ylume-creation.com\/fr\/corail\/","title":{"rendered":"Le corail"},"content":{"rendered":"<div id=\"pl-28376\"  class=\"panel-layout\" >\n<div id=\"pg-28376-0\"  class=\"panel-grid panel-has-style\"  data-style=\"{&quot;id&quot;:&quot;ylPfAccrocheRow&quot;,&quot;background_image_attachment&quot;:&quot;28535&quot;,&quot;background_image_attachment_fallback&quot;:&quot;https:\\\/\\\/res.cloudinary.com\\\/dshwep276\\\/image\\\/upload\\\/f_auto\\\/v1589040220\\\/produits%20parfums\\\/photo%20bandeau%20page%20parfum.jpg&quot;,&quot;background_display&quot;:&quot;cover&quot;,&quot;row_stretch&quot;:&quot;full-stretched&quot;,&quot;cell_alignment&quot;:&quot;flex-start&quot;}\"  data-ratio=\"1\"  data-ratio-direction=\"right\"  data-label=\"Accroche\" >\n<div class=\"siteorigin-panels-stretch panel-row-style panel-row-style-for-28376-0\" id=\"ylPfAccrocheRow\" data-stretch-type=\"full-stretched\" >\n<div id=\"pgc-28376-0-0\"  class=\"panel-grid-cell\"  data-style=\"{&quot;background_image_attachment&quot;:false,&quot;background_display&quot;:&quot;tile&quot;,&quot;vertical_alignment&quot;:&quot;auto&quot;}\"  data-weight=\"1\" >\n<div id=\"panel-28376-0-0-0\" class=\"so-panel widget widget_custom_html panel-first-child panel-last-child\" data-index=\"0\" data-style=\"{&quot;class&quot;:&quot;ylHeroTextOver&quot;,&quot;background_image_attachment&quot;:false,&quot;background_display&quot;:&quot;tile&quot;,&quot;background_image_size&quot;:&quot;full&quot;,&quot;border_thickness&quot;:&quot;1px&quot;}\" >\n<div class=\"ylHeroTextOver panel-widget-style panel-widget-style-for-28376-0-0-0\" ><div class=\"textwidget custom-html-widget\">&lt;header class=&quot;entry-header&quot;&gt;\n\t&lt;span class=&quot;entry-title typography-title&quot; color=&quot;white&quot;&gt;COLLECTION CORAIL D&#039;OR&lt;\/span&gt;\n\t&lt;p&gt;Des bijoux inspir\u00e9s de la dentelle des coraux marins&lt;\/p&gt;\n&lt;\/header&gt;<\/div><\/div>\n<\/div>\n<\/div>\n<\/div>\n<\/div>\n<div id=\"pg-28376-1\"  class=\"panel-grid panel-no-style\"  data-style=\"{&quot;background_image_attachment&quot;:false,&quot;background_display&quot;:&quot;tile&quot;,&quot;cell_alignment&quot;:&quot;flex-start&quot;}\"  data-ratio=\"1\"  data-ratio-direction=\"right\" >\n<div id=\"pgc-28376-1-0\"  class=\"panel-grid-cell\"  data-weight=\"1\" >\n<div id=\"panel-28376-1-0-0\" class=\"so-panel widget widget_text panel-first-child panel-last-child\" data-index=\"1\" data-style=\"{&quot;class&quot;:&quot;ylAccrocheHeader&quot;,&quot;background_image_attachment&quot;:false,&quot;background_display&quot;:&quot;tile&quot;,&quot;background_image_size&quot;:&quot;full&quot;,&quot;border_thickness&quot;:&quot;1px&quot;}\" >\n<div class=\"ylAccrocheHeader panel-widget-style panel-widget-style-for-28376-1-0-0\" >\n<div class=\"textwidget\">\n<h1 class=\"p\">Bijoux corail<\/h1>\n<p>La collection Corail d&#8217;Or est une rencontre entre un univers d\u00e9licat de dentelles, l\u2019\u00e9l\u00e9gance des courbes, et l\u2019\u00e9clat iris\u00e9 de l\u2019or mate, choisi pour rappeler l&#8217;\u00e9tat brut de la nature. Mis au point pendant de longs mois, les dessins, travaill\u00e9s en collaboration avec un designer parisien, sont inspir\u00e9s du corail marin, de ses formes irr\u00e9guli\u00e8res et sensuelles qui mettent en sc\u00e8ne les tr\u00e9sors marins. Colliers, manchette et bague vont sublimer votre peau bronz\u00e9e. Nos bijoux corail comprennent aussi de jolies cr\u00e9oles dor\u00e9es !<\/p>\n<\/p>\n<\/div><\/div>\n<\/div>\n<\/div>\n<\/div>\n<div id=\"pg-28376-2\"  class=\"panel-grid panel-has-style\"  data-style=\"{&quot;id&quot;:&quot;ylPfHero&quot;,&quot;background_image_attachment&quot;:false,&quot;background_display&quot;:&quot;tile&quot;,&quot;cell_alignment&quot;:&quot;flex-start&quot;}\"  data-ratio=\"1\"  data-ratio-direction=\"right\" >\n<div id=\"ylPfHero\" class=\"panel-row-style panel-row-style-for-28376-2\" >\n<div id=\"pgc-28376-2-0\"  class=\"panel-grid-cell\"  data-weight=\"1\" >\n<div id=\"panel-28376-2-0-0\" class=\"so-panel widget widget_text panel-first-child panel-last-child\" data-index=\"2\" data-style=\"{&quot;background_image_attachment&quot;:false,&quot;background_display&quot;:&quot;tile&quot;}\" >\n<div class=\"textwidget\">\n<div class=\"woocommerce columns-2 \">\n<ul class=\"products columns-2\">\n<li class=\"yl_product product type-product post-28590 status-publish first instock product_cat-boucles-doreilles product_cat-boucles-d-oreilles-creoles product_cat-boucles-d-oreilles-creoles-fantaisie product_cat-boucles-d-oreilles-haute-fantaisie product_cat-boucles-d-oreilles-plaquees-or product_cat-bijoux product_tag-corail-d-or product_tag-toutes-nos-boucles-doreilles has-post-thumbnail taxable shipping-taxable purchasable product-type-simple\">\n<div class=\"imagewrapper\"><img width=\"800\" height=\"600\" src=\"https:\/\/www.ylume-creation.com\/wp-content\/uploads\/2022\/04\/CASSIS-12-RESIZE-800x600.jpg\" class=\"attachment-woocommerce_thumbnail size-woocommerce_thumbnail\" alt=\"cr\u00e9oles corail\" decoding=\"async\" loading=\"lazy\" srcset=\"https:\/\/www.ylume-creation.com\/wp-content\/uploads\/2022\/04\/CASSIS-12-RESIZE-800x600.jpg 800w, https:\/\/www.ylume-creation.com\/wp-content\/uploads\/2022\/04\/CASSIS-12-RESIZE-300x225.jpg 300w, https:\/\/www.ylume-creation.com\/wp-content\/uploads\/2022\/04\/CASSIS-12-RESIZE-1024x768.jpg 1024w, https:\/\/www.ylume-creation.com\/wp-content\/uploads\/2022\/04\/CASSIS-12-RESIZE-768x576.jpg 768w, https:\/\/www.ylume-creation.com\/wp-content\/uploads\/2022\/04\/CASSIS-12-RESIZE-1080x810.jpg 1080w, https:\/\/www.ylume-creation.com\/wp-content\/uploads\/2022\/04\/CASSIS-12-RESIZE-480x360.jpg 480w, https:\/\/www.ylume-creation.com\/wp-content\/uploads\/2022\/04\/CASSIS-12-RESIZE.jpg 1200w\" sizes=\"auto, (max-width: 800px) 100vw, 800px\" \/><\/div>\n<\/li>\n<li class=\"yl_product product type-product post-28310 status-publish last instock product_cat-collier-pendentif product_cat-colliers product_cat-bijoux product_tag-corail-d-or product_tag-tous-nos-colliers-sautoirs has-post-thumbnail taxable shipping-taxable purchasable product-type-simple\">\n<div class=\"imagewrapper\"><img width=\"800\" height=\"600\" src=\"https:\/\/www.ylume-creation.com\/wp-content\/uploads\/2022\/03\/YLUME-MEDAILLE-COURTE-3-BEST-3-800x600.jpeg\" class=\"attachment-woocommerce_thumbnail size-woocommerce_thumbnail\" alt=\"Collier au dessin de corail plaqu\u00e9 or\" decoding=\"async\" loading=\"lazy\" srcset=\"https:\/\/www.ylume-creation.com\/wp-content\/uploads\/2022\/03\/YLUME-MEDAILLE-COURTE-3-BEST-3-800x600.jpeg 800w, https:\/\/www.ylume-creation.com\/wp-content\/uploads\/2022\/03\/YLUME-MEDAILLE-COURTE-3-BEST-3-300x225.jpeg 300w, https:\/\/www.ylume-creation.com\/wp-content\/uploads\/2022\/03\/YLUME-MEDAILLE-COURTE-3-BEST-3-1024x768.jpeg 1024w, https:\/\/www.ylume-creation.com\/wp-content\/uploads\/2022\/03\/YLUME-MEDAILLE-COURTE-3-BEST-3-768x576.jpeg 768w, https:\/\/www.ylume-creation.com\/wp-content\/uploads\/2022\/03\/YLUME-MEDAILLE-COURTE-3-BEST-3-1080x810.jpeg 1080w, https:\/\/www.ylume-creation.com\/wp-content\/uploads\/2022\/03\/YLUME-MEDAILLE-COURTE-3-BEST-3-480x360.jpeg 480w, https:\/\/www.ylume-creation.com\/wp-content\/uploads\/2022\/03\/YLUME-MEDAILLE-COURTE-3-BEST-3.jpeg 1200w\" sizes=\"auto, (max-width: 800px) 100vw, 800px\" \/><\/div>\n<\/li>\n<li class=\"yl_product product type-product post-28308 status-publish first instock product_cat-bracelets product_cat-bijoux product_tag-corail-d-or product_tag-bracelets-bagues has-post-thumbnail taxable shipping-taxable purchasable product-type-simple\">\n<div class=\"imagewrapper\"><img width=\"800\" height=\"600\" src=\"https:\/\/www.ylume-creation.com\/wp-content\/uploads\/2022\/03\/YLUME-MANCHETTE-16-BEST-800x600.jpg\" class=\"attachment-woocommerce_thumbnail size-woocommerce_thumbnail\" alt=\"manchette corail d&#039;or\" decoding=\"async\" loading=\"lazy\" srcset=\"https:\/\/www.ylume-creation.com\/wp-content\/uploads\/2022\/03\/YLUME-MANCHETTE-16-BEST-800x600.jpg 800w, https:\/\/www.ylume-creation.com\/wp-content\/uploads\/2022\/03\/YLUME-MANCHETTE-16-BEST-300x225.jpg 300w, https:\/\/www.ylume-creation.com\/wp-content\/uploads\/2022\/03\/YLUME-MANCHETTE-16-BEST-1024x768.jpg 1024w, https:\/\/www.ylume-creation.com\/wp-content\/uploads\/2022\/03\/YLUME-MANCHETTE-16-BEST-768x576.jpg 768w, https:\/\/www.ylume-creation.com\/wp-content\/uploads\/2022\/03\/YLUME-MANCHETTE-16-BEST-1080x810.jpg 1080w, https:\/\/www.ylume-creation.com\/wp-content\/uploads\/2022\/03\/YLUME-MANCHETTE-16-BEST-480x360.jpg 480w, https:\/\/www.ylume-creation.com\/wp-content\/uploads\/2022\/03\/YLUME-MANCHETTE-16-BEST.jpg 1200w\" sizes=\"auto, (max-width: 800px) 100vw, 800px\" \/><\/div>\n<\/li>\n<li class=\"yl_product product type-product post-28311 status-publish last instock product_cat-bagues product_cat-bijoux product_tag-corail-d-or product_tag-bracelets-bagues has-post-thumbnail taxable shipping-taxable purchasable product-type-variable\">\n<div class=\"imagewrapper\"><img width=\"800\" height=\"600\" src=\"https:\/\/www.ylume-creation.com\/wp-content\/uploads\/2022\/03\/YLUME-BAGUE-POSEE-BEST-800x600.jpg\" class=\"attachment-woocommerce_thumbnail size-woocommerce_thumbnail\" alt=\"Bague au design de corail plaqu\u00e9e or\" decoding=\"async\" loading=\"lazy\" srcset=\"https:\/\/www.ylume-creation.com\/wp-content\/uploads\/2022\/03\/YLUME-BAGUE-POSEE-BEST-800x600.jpg 800w, https:\/\/www.ylume-creation.com\/wp-content\/uploads\/2022\/03\/YLUME-BAGUE-POSEE-BEST-300x225.jpg 300w, https:\/\/www.ylume-creation.com\/wp-content\/uploads\/2022\/03\/YLUME-BAGUE-POSEE-BEST-1024x768.jpg 1024w, https:\/\/www.ylume-creation.com\/wp-content\/uploads\/2022\/03\/YLUME-BAGUE-POSEE-BEST-768x576.jpg 768w, https:\/\/www.ylume-creation.com\/wp-content\/uploads\/2022\/03\/YLUME-BAGUE-POSEE-BEST-1080x810.jpg 1080w, https:\/\/www.ylume-creation.com\/wp-content\/uploads\/2022\/03\/YLUME-BAGUE-POSEE-BEST-480x360.jpg 480w, https:\/\/www.ylume-creation.com\/wp-content\/uploads\/2022\/03\/YLUME-BAGUE-POSEE-BEST.jpg 1200w\" sizes=\"auto, (max-width: 800px) 100vw, 800px\" \/><\/div>\n<\/li>\n<li class=\"yl_product product type-product post-28331 status-publish first instock product_cat-collier-medaille product_cat-collier-pendentif product_cat-collier-sautoir product_cat-colliers product_cat-bijoux product_tag-corail-d-or product_tag-tous-nos-colliers-sautoirs has-post-thumbnail taxable shipping-taxable purchasable product-type-simple\">\n<div class=\"imagewrapper\"><img width=\"800\" height=\"600\" src=\"https:\/\/www.ylume-creation.com\/wp-content\/uploads\/2022\/03\/YLUME-SAUTOIR-MEDAILLE-BEST-800x600.jpg\" class=\"attachment-woocommerce_thumbnail size-woocommerce_thumbnail\" alt=\"Sautoir au design d\u00e9licat de corail et plaqu\u00e9 or\" decoding=\"async\" loading=\"lazy\" srcset=\"https:\/\/www.ylume-creation.com\/wp-content\/uploads\/2022\/03\/YLUME-SAUTOIR-MEDAILLE-BEST-800x600.jpg 800w, https:\/\/www.ylume-creation.com\/wp-content\/uploads\/2022\/03\/YLUME-SAUTOIR-MEDAILLE-BEST-300x225.jpg 300w, https:\/\/www.ylume-creation.com\/wp-content\/uploads\/2022\/03\/YLUME-SAUTOIR-MEDAILLE-BEST-1024x768.jpg 1024w, https:\/\/www.ylume-creation.com\/wp-content\/uploads\/2022\/03\/YLUME-SAUTOIR-MEDAILLE-BEST-768x576.jpg 768w, https:\/\/www.ylume-creation.com\/wp-content\/uploads\/2022\/03\/YLUME-SAUTOIR-MEDAILLE-BEST-1080x810.jpg 1080w, https:\/\/www.ylume-creation.com\/wp-content\/uploads\/2022\/03\/YLUME-SAUTOIR-MEDAILLE-BEST-480x360.jpg 480w, https:\/\/www.ylume-creation.com\/wp-content\/uploads\/2022\/03\/YLUME-SAUTOIR-MEDAILLE-BEST.jpg 1200w\" sizes=\"auto, (max-width: 800px) 100vw, 800px\" \/><\/div>\n<\/li>\n<li class=\"yl_product product type-product post-28329 status-publish last instock product_cat-collier-medaille product_cat-collier-pendentif product_cat-colliers product_cat-bijoux product_tag-corail-d-or product_tag-tous-nos-colliers-sautoirs has-post-thumbnail taxable shipping-taxable purchasable product-type-variable\">\n<div class=\"imagewrapper\"><img width=\"800\" height=\"600\" src=\"https:\/\/www.ylume-creation.com\/wp-content\/uploads\/2022\/03\/YLUME-MEDAILLE-PIERRE-1-800x600.jpg\" class=\"attachment-woocommerce_thumbnail size-woocommerce_thumbnail\" alt=\"collier corail et pierre\" decoding=\"async\" loading=\"lazy\" srcset=\"https:\/\/www.ylume-creation.com\/wp-content\/uploads\/2022\/03\/YLUME-MEDAILLE-PIERRE-1-800x600.jpg 800w, https:\/\/www.ylume-creation.com\/wp-content\/uploads\/2022\/03\/YLUME-MEDAILLE-PIERRE-1-300x225.jpg 300w, https:\/\/www.ylume-creation.com\/wp-content\/uploads\/2022\/03\/YLUME-MEDAILLE-PIERRE-1-1024x768.jpg 1024w, https:\/\/www.ylume-creation.com\/wp-content\/uploads\/2022\/03\/YLUME-MEDAILLE-PIERRE-1-768x576.jpg 768w, https:\/\/www.ylume-creation.com\/wp-content\/uploads\/2022\/03\/YLUME-MEDAILLE-PIERRE-1-1080x810.jpg 1080w, https:\/\/www.ylume-creation.com\/wp-content\/uploads\/2022\/03\/YLUME-MEDAILLE-PIERRE-1-480x360.jpg 480w, https:\/\/www.ylume-creation.com\/wp-content\/uploads\/2022\/03\/YLUME-MEDAILLE-PIERRE-1.jpg 1200w\" sizes=\"auto, (max-width: 800px) 100vw, 800px\" \/><\/div>\n<\/li>\n<\/ul>\n<\/div>\n<\/div><\/div>\n<\/div>\n<\/div>\n<\/div>\n<\/div>\n","protected":false},"excerpt":{"rendered":"<p>Bijoux corail La collection Corail d&#8217;Or est une rencontre entre un univers d\u00e9licat de dentelles, l\u2019\u00e9l\u00e9gance des courbes, et l\u2019\u00e9clat iris\u00e9 de l\u2019or mate, choisi pour rappeler l&#8217;\u00e9tat brut de la nature. Mis au point pendant de longs mois, les dessins, travaill\u00e9s en collaboration avec un designer parisien, sont inspir\u00e9s du corail marin, de ses [&hellip;]<\/p>\n","protected":false},"author":1,"featured_media":0,"parent":0,"menu_order":0,"comment_status":"closed","ping_status":"closed","template":"page-templates\/full-width.php","meta":{"_acf_changed":false,"footnotes":""},"class_list":["post-28376","page","type-page","status-publish","hentry"],"acf":[],"yoast_head":"<!-- This site is optimized with the Yoast SEO plugin v27.4 - https:\/\/yoast.com\/product\/yoast-seo-wordpress\/ -->\n<title>Bijoux corail inspir\u00e9s du corail marin - Ylume<\/title>\n<meta name=\"description\" content=\"Bijoux corail : Inspir\u00e9s de la lumi\u00e8re et des tr\u00e9sors des fonds marins, d\u00e9couvrez la collection de bijoux uniques et plaqu\u00e9s or Corail.\" \/>\n<meta name=\"robots\" content=\"index, follow, max-snippet:-1, max-image-preview:large, max-video-preview:-1\" \/>\n<link rel=\"canonical\" href=\"https:\/\/www.ylume-creation.com\/fr\/corail\/\" \/>\n<meta property=\"og:locale\" content=\"fr_FR\" \/>\n<meta property=\"og:type\" content=\"article\" \/>\n<meta property=\"og:title\" content=\"Bijoux corail inspir\u00e9s du corail marin - Ylume\" \/>\n<meta property=\"og:description\" content=\"Bijoux corail : Inspir\u00e9s de la lumi\u00e8re et des tr\u00e9sors des fonds marins, d\u00e9couvrez la collection de bijoux uniques et plaqu\u00e9s or Corail.\" \/>\n<meta property=\"og:url\" content=\"https:\/\/www.ylume-creation.com\/fr\/corail\/\" \/>\n<meta property=\"og:site_name\" content=\"Ylume\" \/>\n<meta property=\"article:modified_time\" content=\"2023-08-25T13:37:07+00:00\" \/>\n<meta property=\"og:image\" content=\"https:\/\/www.ylume-creation.com\/wp-content\/uploads\/2022\/04\/CASSIS-12-RESIZE-800x600.jpg\" \/>\n<meta name=\"twitter:card\" content=\"summary_large_image\" \/>\n<meta name=\"twitter:label1\" content=\"Dur\u00e9e de lecture estim\u00e9e\" \/>\n\t<meta name=\"twitter:data1\" content=\"2 minutes\" \/>\n<script type=\"application\/ld+json\" class=\"yoast-schema-graph\">{\"@context\":\"https:\\\/\\\/schema.org\",\"@graph\":[{\"@type\":\"WebPage\",\"@id\":\"https:\\\/\\\/www.ylume-creation.com\\\/fr\\\/corail\\\/\",\"url\":\"https:\\\/\\\/www.ylume-creation.com\\\/fr\\\/corail\\\/\",\"name\":\"Bijoux corail inspir\u00e9s du corail marin - Ylume\",\"isPartOf\":{\"@id\":\"https:\\\/\\\/www.ylume-creation.com\\\/fr\\\/#website\"},\"primaryImageOfPage\":{\"@id\":\"https:\\\/\\\/www.ylume-creation.com\\\/fr\\\/corail\\\/#primaryimage\"},\"image\":{\"@id\":\"https:\\\/\\\/www.ylume-creation.com\\\/fr\\\/corail\\\/#primaryimage\"},\"thumbnailUrl\":\"https:\\\/\\\/www.ylume-creation.com\\\/wp-content\\\/uploads\\\/2022\\\/04\\\/CASSIS-12-RESIZE-800x600.jpg\",\"datePublished\":\"2022-04-11T14:31:48+00:00\",\"dateModified\":\"2023-08-25T13:37:07+00:00\",\"description\":\"Bijoux corail : Inspir\u00e9s de la lumi\u00e8re et des tr\u00e9sors des fonds marins, d\u00e9couvrez la collection de bijoux uniques et plaqu\u00e9s or Corail.\",\"breadcrumb\":{\"@id\":\"https:\\\/\\\/www.ylume-creation.com\\\/fr\\\/corail\\\/#breadcrumb\"},\"inLanguage\":\"fr-FR\",\"potentialAction\":[{\"@type\":\"ReadAction\",\"target\":[\"https:\\\/\\\/www.ylume-creation.com\\\/fr\\\/corail\\\/\"]}]},{\"@type\":\"ImageObject\",\"inLanguage\":\"fr-FR\",\"@id\":\"https:\\\/\\\/www.ylume-creation.com\\\/fr\\\/corail\\\/#primaryimage\",\"url\":\"https:\\\/\\\/www.ylume-creation.com\\\/wp-content\\\/uploads\\\/2022\\\/04\\\/CASSIS-12-RESIZE-800x600.jpg\",\"contentUrl\":\"https:\\\/\\\/www.ylume-creation.com\\\/wp-content\\\/uploads\\\/2022\\\/04\\\/CASSIS-12-RESIZE-800x600.jpg\"},{\"@type\":\"BreadcrumbList\",\"@id\":\"https:\\\/\\\/www.ylume-creation.com\\\/fr\\\/corail\\\/#breadcrumb\",\"itemListElement\":[{\"@type\":\"ListItem\",\"position\":1,\"name\":\"Accueil\",\"item\":\"https:\\\/\\\/www.ylume-creation.com\\\/fr\\\/\"},{\"@type\":\"ListItem\",\"position\":2,\"name\":\"Le corail\"}]},{\"@type\":\"WebSite\",\"@id\":\"https:\\\/\\\/www.ylume-creation.com\\\/fr\\\/#website\",\"url\":\"https:\\\/\\\/www.ylume-creation.com\\\/fr\\\/\",\"name\":\"Ylume\",\"description\":\"Illumine les femmes, \u00e9veille les sens\",\"potentialAction\":[{\"@type\":\"SearchAction\",\"target\":{\"@type\":\"EntryPoint\",\"urlTemplate\":\"https:\\\/\\\/www.ylume-creation.com\\\/fr\\\/?s={search_term_string}\"},\"query-input\":{\"@type\":\"PropertyValueSpecification\",\"valueRequired\":true,\"valueName\":\"search_term_string\"}}],\"inLanguage\":\"fr-FR\"}]}<\/script>\n<!-- \/ Yoast SEO plugin. -->","yoast_head_json":{"title":"Bijoux corail inspir\u00e9s du corail marin - Ylume","description":"Bijoux corail : Inspir\u00e9s de la lumi\u00e8re et des tr\u00e9sors des fonds marins, d\u00e9couvrez la collection de bijoux uniques et plaqu\u00e9s or Corail.","robots":{"index":"index","follow":"follow","max-snippet":"max-snippet:-1","max-image-preview":"max-image-preview:large","max-video-preview":"max-video-preview:-1"},"canonical":"https:\/\/www.ylume-creation.com\/fr\/corail\/","og_locale":"fr_FR","og_type":"article","og_title":"Bijoux corail inspir\u00e9s du corail marin - Ylume","og_description":"Bijoux corail : Inspir\u00e9s de la lumi\u00e8re et des tr\u00e9sors des fonds marins, d\u00e9couvrez la collection de bijoux uniques et plaqu\u00e9s or Corail.","og_url":"https:\/\/www.ylume-creation.com\/fr\/corail\/","og_site_name":"Ylume","article_modified_time":"2023-08-25T13:37:07+00:00","og_image":[{"url":"https:\/\/www.ylume-creation.com\/wp-content\/uploads\/2022\/04\/CASSIS-12-RESIZE-800x600.jpg","type":"","width":"","height":""}],"twitter_card":"summary_large_image","twitter_misc":{"Dur\u00e9e de lecture estim\u00e9e":"2 minutes"},"schema":{"@context":"https:\/\/schema.org","@graph":[{"@type":"WebPage","@id":"https:\/\/www.ylume-creation.com\/fr\/corail\/","url":"https:\/\/www.ylume-creation.com\/fr\/corail\/","name":"Bijoux corail inspir\u00e9s du corail marin - Ylume","isPartOf":{"@id":"https:\/\/www.ylume-creation.com\/fr\/#website"},"primaryImageOfPage":{"@id":"https:\/\/www.ylume-creation.com\/fr\/corail\/#primaryimage"},"image":{"@id":"https:\/\/www.ylume-creation.com\/fr\/corail\/#primaryimage"},"thumbnailUrl":"https:\/\/www.ylume-creation.com\/wp-content\/uploads\/2022\/04\/CASSIS-12-RESIZE-800x600.jpg","datePublished":"2022-04-11T14:31:48+00:00","dateModified":"2023-08-25T13:37:07+00:00","description":"Bijoux corail : Inspir\u00e9s de la lumi\u00e8re et des tr\u00e9sors des fonds marins, d\u00e9couvrez la collection de bijoux uniques et plaqu\u00e9s or Corail.","breadcrumb":{"@id":"https:\/\/www.ylume-creation.com\/fr\/corail\/#breadcrumb"},"inLanguage":"fr-FR","potentialAction":[{"@type":"ReadAction","target":["https:\/\/www.ylume-creation.com\/fr\/corail\/"]}]},{"@type":"ImageObject","inLanguage":"fr-FR","@id":"https:\/\/www.ylume-creation.com\/fr\/corail\/#primaryimage","url":"https:\/\/www.ylume-creation.com\/wp-content\/uploads\/2022\/04\/CASSIS-12-RESIZE-800x600.jpg","contentUrl":"https:\/\/www.ylume-creation.com\/wp-content\/uploads\/2022\/04\/CASSIS-12-RESIZE-800x600.jpg"},{"@type":"BreadcrumbList","@id":"https:\/\/www.ylume-creation.com\/fr\/corail\/#breadcrumb","itemListElement":[{"@type":"ListItem","position":1,"name":"Accueil","item":"https:\/\/www.ylume-creation.com\/fr\/"},{"@type":"ListItem","position":2,"name":"Le corail"}]},{"@type":"WebSite","@id":"https:\/\/www.ylume-creation.com\/fr\/#website","url":"https:\/\/www.ylume-creation.com\/fr\/","name":"Ylume","description":"Illumine les femmes, \u00e9veille les sens","potentialAction":[{"@type":"SearchAction","target":{"@type":"EntryPoint","urlTemplate":"https:\/\/www.ylume-creation.com\/fr\/?s={search_term_string}"},"query-input":{"@type":"PropertyValueSpecification","valueRequired":true,"valueName":"search_term_string"}}],"inLanguage":"fr-FR"}]}},"_links":{"self":[{"href":"https:\/\/www.ylume-creation.com\/fr\/wp-json\/wp\/v2\/pages\/28376","targetHints":{"allow":["GET"]}}],"collection":[{"href":"https:\/\/www.ylume-creation.com\/fr\/wp-json\/wp\/v2\/pages"}],"about":[{"href":"https:\/\/www.ylume-creation.com\/fr\/wp-json\/wp\/v2\/types\/page"}],"author":[{"embeddable":true,"href":"https:\/\/www.ylume-creation.com\/fr\/wp-json\/wp\/v2\/users\/1"}],"replies":[{"embeddable":true,"href":"https:\/\/www.ylume-creation.com\/fr\/wp-json\/wp\/v2\/comments?post=28376"}],"version-history":[{"count":63,"href":"https:\/\/www.ylume-creation.com\/fr\/wp-json\/wp\/v2\/pages\/28376\/revisions"}],"predecessor-version":[{"id":30371,"href":"https:\/\/www.ylume-creation.com\/fr\/wp-json\/wp\/v2\/pages\/28376\/revisions\/30371"}],"wp:attachment":[{"href":"https:\/\/www.ylume-creation.com\/fr\/wp-json\/wp\/v2\/media?parent=28376"}],"curies":[{"name":"wp","href":"https:\/\/api.w.org\/{rel}","templated":true}]}}