{"id":28247,"date":"2022-03-09T13:28:28","date_gmt":"2022-03-09T12:28:28","guid":{"rendered":"https:\/\/www.ylume-creation.com\/?page_id=28247"},"modified":"2025-12-01T13:25:17","modified_gmt":"2025-12-01T12:25:17","slug":"nos-revendeurs","status":"publish","type":"page","link":"https:\/\/www.ylume-creation.com\/fr\/nos-revendeurs\/","title":{"rendered":"O\u00f9 nous trouver ?"},"content":{"rendered":"<div id=\"pl-28247\"  class=\"panel-layout\" ><div id=\"pg-28247-0\"  class=\"panel-grid panel-has-style\" ><div class=\"siteorigin-panels-stretch panel-row-style panel-row-style-for-28247-0\" id=\"ylPfAccrocheRow\" data-stretch-type=\"full-width-stretch\" ><div id=\"pgc-28247-0-0\"  class=\"panel-grid-cell\" ><div id=\"panel-28247-0-0-0\" class=\"widget_text so-panel widget widget_custom_html panel-first-child panel-last-child\" data-index=\"0\" ><div class=\"widget_text ylHeroTextOver panel-widget-style panel-widget-style-for-28247-0-0-0\" ><div class=\"textwidget custom-html-widget\"><header class=\"entry-header\">\n\t<h1 class=\"entry-title typography-title\">O\u00d9 NOUS TROUVER ?<\/h1>\n<\/header><\/div><\/div><\/div><\/div><\/div><\/div><div id=\"pg-28247-1\"  class=\"panel-grid panel-no-style\" ><div id=\"pgc-28247-1-0\"  class=\"panel-grid-cell\" ><div id=\"panel-28247-1-0-0\" class=\"so-panel widget widget_primrose-sow-heading panel-first-child panel-last-child\" data-index=\"1\" ><div class=\"league-script panel-widget-style panel-widget-style-for-28247-1-0-0\" ><div\n\t\t\t\n\t\t\tclass=\"so-widget-primrose-sow-heading so-widget-primrose-sow-heading-default-d75171398898-28247\"\n\t\t\t\n\t\t><h2 class=\"primrose-sow-heading primrose-sow-alignment-center\">A plusieurs, on va plus loin<\/h2><\/div><\/div><\/div><\/div><\/div><div id=\"pg-28247-2\"  class=\"panel-grid panel-no-style\" ><div id=\"pgc-28247-2-0\"  class=\"panel-grid-cell\" ><div id=\"panel-28247-2-0-0\" class=\"so-panel widget widget_text panel-first-child panel-last-child\" data-index=\"2\" ><div class=\" text-center panel-widget-style panel-widget-style-for-28247-2-0-0\" >\t\t\t<div class=\"textwidget\"><p>Nous choisissons nos revendeurs pour leurs valeurs communes avec YLUME, l\u2019esth\u00e9tisme de leurs boutiques, et leur engagement.<br \/>\nVous trouverez les revendeurs qui nous font confiance. Veuillez noter que ces revendeurs sont des partenaires ind\u00e9pendants et sont susceptibles de ne proposer qu&rsquo;une s\u00e9lection limit\u00e9e de nos produits. Si vous recherchez un produit pr\u00e9cis, nous vous conseillons de contacter le point de vente au pr\u00e9alable pour \u00eatre surs de sa disponibilit\u00e9.<\/p>\n<p>Notre e-shop est la seule boutique ouverte 24h\/24 et qui propose l&rsquo;int\u00e9gralit\u00e9 des produits de la marque !<br \/>\nNous vous accueillons \u00e9galement sur RDV toutes les semaines dans un \u00e9crin de beaut\u00e9 \u00e0 Aix-en-Provence, dans un bel h\u00f4tel particulier, pr\u00e8s de la place des pr\u00eacheurs. Pour prendre RDV, envoyez-nous votre demande \u00e0 l&rsquo;adresse suivante : ylume.bijoux@gmail.com<\/p>\n<p>Voici les points de vente partenaires de la marque en France et \u00e0 l&rsquo;\u00e9tranger :<\/p>\n<p><strong>EN FRANCE :<\/strong><\/p>\n<p><strong>AJACCIO<\/strong><br \/>\nBoutique Opium<br \/>\n3 rue des 3 maries<\/p>\n<p><strong>AIX-EN-PROVENCE<\/strong><br \/>\nBoutique Tana<br \/>\n4 rue Marius Reynaud<\/p>\n<p><strong>ANTIBES<\/strong><br \/>\nBoutiques Pepita<br \/>\n2 rue Lacan<br \/>\n47 rue de la r\u00e9publique<\/p>\n<p><strong>ARCACHON<br \/>\n<\/strong>Zen!Zou!<br \/>\n61 bd g\u00e9n\u00e9ral Leclerc<\/p>\n<p><strong>BEAULIEU SUR MER<\/strong><br \/>\nInstitut Lobelia<br \/>\n42 bd du g\u00e9n\u00e9ral Leclerc<\/p>\n<p><strong>PROPRIANO<br \/>\n<\/strong>Hotel Marinca<\/p>\n<p><strong>CAVALAIRE<br \/>\n<\/strong>Galerie 123<strong><br \/>\n<\/strong>Av pierre et marie curie<\/p>\n<p><strong>CHAMONIX<br \/>\n<\/strong>R\u00eaves d&rsquo;hiver<br \/>\n222 av michel croz<\/p>\n<p><strong>DIJON<br \/>\n<\/strong>L&rsquo;intemporel<br \/>\n29 rue des forges<\/p>\n<p><strong>EVIAN-LES-BAINS<\/strong><br \/>\nMademoiselle Rose<br \/>\n86 rue nationale<\/p>\n<p><strong>EGUILLES<br \/>\n<\/strong>Boutique Dclou<br \/>\n640 route de Berres<\/p>\n<p><strong>LE BOURG D&rsquo;OISANS<br \/>\n<\/strong>Boh\u00e8me Bijoux<\/p>\n<p><strong>LYON<br \/>\n<\/strong>Be happy store<br \/>\n69 avenue Jean Jaur\u00e8s<\/p>\n<p><strong>M\u00c9NERBES<br \/>\n<\/strong>Boutique L&rsquo;Apart\u00e9<br \/>\n212 rue du portail neuf<\/p>\n<p><strong>PARIS<br \/>\n<\/strong>Boutiques Birdy<br \/>\n12 rue saint placide<br \/>\n47 rue des batignolles<br \/>\n48 rue de passy<br \/>\n94 rue de Longchamp<\/p>\n<p>Boutique Mati\u00e8res \u00e0 r\u00e9flexion Marais<br \/>\n19 rue de poitou<\/p>\n<p><strong>PEYRIAC DE MER<br \/>\n<\/strong>La\u00a0galerie de Sabine<strong><br \/>\n<\/strong>1\u00a0rue du four<\/p>\n<p><strong>GRENOBLE<\/strong><br \/>\nMarie et Hortense<br \/>\n2 rue St Jacques<\/p>\n<p><strong>ILE DE NOIRMOUTIER<br \/>\n<\/strong>Artemia cosm\u00e9tiques<\/p>\n<p><strong>MARTIGUES<br \/>\n<\/strong>Les\u00a0accessoiristes<br \/>\n9 rue ramade<\/p>\n<p><strong>MONTPELLIER<br \/>\n<\/strong>Boutique Mazette<br \/>\n11 rue de l&rsquo;ancien courrier<\/p>\n<p><strong>MONTPELLIER<br \/>\n<\/strong>Boutique L&rsquo;atelier 19<br \/>\n2 bis rue four des flammes<\/p>\n<p><strong>MOUVAUX<br \/>\n<\/strong>2 filles en aiguille<br \/>\n426 rue de Tourcoing<\/p>\n<p><strong>NANTES<\/strong><br \/>\nAccesstory &#8211; boutique \u00e9ph\u00e9m\u00e8re<\/p>\n<p><strong>SAINT LUNAIRE<br \/>\n<\/strong>75 rue de l&rsquo;\u00e9glise<\/p>\n<p><strong>RIQUEWIRH<\/strong> (Pr\u00e8s de COLMAR)<br \/>\nBoutique Alter Ego<br \/>\n28 rue du g\u00e9n\u00e9ral de Gaulle<\/p>\n<p><strong>TOULOUSE<\/strong><br \/>\nLe boudoir de Paulette<br \/>\n27 rue du Languedoc<\/p>\n<p><strong>UZES<br \/>\n<\/strong>C\u00f4t\u00e9 Boh\u00e8me<br \/>\n13 rue Jacques d&rsquo;Uz\u00e8s<\/p>\n<p><strong>PLUS LOIN :\u00a0<\/strong><\/p>\n<p><strong>SAINT-BARTH\u00c9L\u00c9MY<br \/>\n<\/strong>Filles des iles<br \/>\nLa villa cr\u00e9ole St Jean<\/p>\n<p><strong>SAINT-MARTIN<br \/>\n<\/strong>Boutique peace and love<br \/>\nGrand case<\/p>\n<p><strong>MILANO<br \/>\n<\/strong>boutique Imarika<br \/>\nGiovanni Morelli<\/p>\n<p><strong>LASNE &#8211; BELGIQUE<br \/>\n<\/strong>Boutique L&rsquo;\u00e9crin by cb<br \/>\nRue de l&rsquo;\u00e9glise<\/p>\n<p><strong>HUY &#8211; BELGIQUE<br \/>\n<\/strong>Tante huguette<\/p>\n<p><strong>SUISSE<\/strong><br \/>\nInstitut Amyris<br \/>\n25 avenue de la gare, Moutiers 2740<\/p>\n<p><strong>GENEVE<br \/>\n<\/strong>George<br \/>\n9 rue Verdaine<\/p>\n<p><strong>BULGARIE &#8211; SOFIA<br \/>\n<\/strong><\/p>\n<p><strong>ITALIE MESTRE<br \/>\n<\/strong>Antonella Polato<\/p>\n<p><strong>HAMBOURG<br \/>\n<\/strong>N020<\/p>\n<p><strong>USA NEW YORK<\/strong><br \/>\nMiliemoon<br \/>\n436 W Broadway<\/p>\n<p><strong>GUADELOUPE<br \/>\n<\/strong>Boutique KIWI St Tropez<br \/>\nBaie-Mahault<\/p>\n<p><strong>MACAU<br \/>\n<\/strong>Boutique Mercuries<br \/>\nEdificio Weng lei<\/p>\n<p><strong>HONG KONG<br \/>\n<\/strong>Boutique Gemiyistore<strong><br \/>\n<\/strong>688 Castle Peak Road<br \/>\nCheung Sha Wan<\/p>\n<p>Si vous \u00eates un point de vente et que vous souhaitez aussi distribuer la marque, merci de nous \u00e9crire \u00e0 <a href=\"mailto:contact@ylume-creation.com\">ylume.bijoux@gmail.com<\/a><br \/>\nNous nous ferons un plaisir d\u2019\u00e9changer ensemble sur cette opportunit\u00e9.<\/p>\n<\/div>\n\t\t<\/div><\/div><\/div><\/div><\/div>","protected":false},"excerpt":{"rendered":"<p>O\u00d9 NOUS TROUVER ? A plusieurs, on va plus loin Nous choisissons nos revendeurs pour leurs valeurs communes avec YLUME, l\u2019esth\u00e9tisme de leurs boutiques, et leur engagement. Vous trouverez les revendeurs qui nous font confiance. Veuillez noter que ces revendeurs sont des partenaires ind\u00e9pendants et sont susceptibles de ne proposer qu&rsquo;une s\u00e9lection limit\u00e9e de nos [&hellip;]<\/p>\n","protected":false},"author":1,"featured_media":0,"parent":0,"menu_order":0,"comment_status":"closed","ping_status":"closed","template":"page-templates\/blank.php","meta":{"_acf_changed":false,"footnotes":""},"class_list":["post-28247","page","type-page","status-publish","hentry"],"acf":[],"yoast_head":"<!-- This site is optimized with the Yoast SEO plugin v27.4 - https:\/\/yoast.com\/product\/yoast-seo-wordpress\/ -->\n<title>O\u00f9 nous trouver ? - Ylume<\/title>\n<meta name=\"description\" content=\"Voici la liste des points de vente de la marque YLUME. Si vous souhaitez devenir distributeur, n&#039;h\u00e9sitez pas \u00e0 nous \u00e9crire.\" \/>\n<meta name=\"robots\" content=\"index, follow, max-snippet:-1, max-image-preview:large, max-video-preview:-1\" \/>\n<link rel=\"canonical\" href=\"https:\/\/www.ylume-creation.com\/fr\/nos-revendeurs\/\" \/>\n<meta property=\"og:locale\" content=\"fr_FR\" \/>\n<meta property=\"og:type\" content=\"article\" \/>\n<meta property=\"og:title\" content=\"O\u00f9 nous trouver ? - Ylume\" \/>\n<meta property=\"og:description\" content=\"Voici la liste des points de vente de la marque YLUME. Si vous souhaitez devenir distributeur, n&#039;h\u00e9sitez pas \u00e0 nous \u00e9crire.\" \/>\n<meta property=\"og:url\" content=\"https:\/\/www.ylume-creation.com\/fr\/nos-revendeurs\/\" \/>\n<meta property=\"og:site_name\" content=\"Ylume\" \/>\n<meta property=\"article:modified_time\" content=\"2025-12-01T12:25:17+00:00\" \/>\n<meta name=\"twitter:card\" content=\"summary_large_image\" \/>\n<meta name=\"twitter:label1\" content=\"Dur\u00e9e de lecture estim\u00e9e\" \/>\n\t<meta name=\"twitter:data1\" content=\"3 minutes\" \/>\n<script type=\"application\/ld+json\" class=\"yoast-schema-graph\">{\"@context\":\"https:\\\/\\\/schema.org\",\"@graph\":[{\"@type\":\"WebPage\",\"@id\":\"https:\\\/\\\/www.ylume-creation.com\\\/fr\\\/nos-revendeurs\\\/\",\"url\":\"https:\\\/\\\/www.ylume-creation.com\\\/fr\\\/nos-revendeurs\\\/\",\"name\":\"O\u00f9 nous trouver ? - Ylume\",\"isPartOf\":{\"@id\":\"https:\\\/\\\/www.ylume-creation.com\\\/fr\\\/#website\"},\"datePublished\":\"2022-03-09T12:28:28+00:00\",\"dateModified\":\"2025-12-01T12:25:17+00:00\",\"description\":\"Voici la liste des points de vente de la marque YLUME. Si vous souhaitez devenir distributeur, n'h\u00e9sitez pas \u00e0 nous \u00e9crire.\",\"breadcrumb\":{\"@id\":\"https:\\\/\\\/www.ylume-creation.com\\\/fr\\\/nos-revendeurs\\\/#breadcrumb\"},\"inLanguage\":\"fr-FR\",\"potentialAction\":[{\"@type\":\"ReadAction\",\"target\":[\"https:\\\/\\\/www.ylume-creation.com\\\/fr\\\/nos-revendeurs\\\/\"]}]},{\"@type\":\"BreadcrumbList\",\"@id\":\"https:\\\/\\\/www.ylume-creation.com\\\/fr\\\/nos-revendeurs\\\/#breadcrumb\",\"itemListElement\":[{\"@type\":\"ListItem\",\"position\":1,\"name\":\"Accueil\",\"item\":\"https:\\\/\\\/www.ylume-creation.com\\\/fr\\\/\"},{\"@type\":\"ListItem\",\"position\":2,\"name\":\"O\u00f9 nous trouver ?\"}]},{\"@type\":\"WebSite\",\"@id\":\"https:\\\/\\\/www.ylume-creation.com\\\/fr\\\/#website\",\"url\":\"https:\\\/\\\/www.ylume-creation.com\\\/fr\\\/\",\"name\":\"Ylume\",\"description\":\"Illumine les femmes, \u00e9veille les sens\",\"potentialAction\":[{\"@type\":\"SearchAction\",\"target\":{\"@type\":\"EntryPoint\",\"urlTemplate\":\"https:\\\/\\\/www.ylume-creation.com\\\/fr\\\/?s={search_term_string}\"},\"query-input\":{\"@type\":\"PropertyValueSpecification\",\"valueRequired\":true,\"valueName\":\"search_term_string\"}}],\"inLanguage\":\"fr-FR\"}]}<\/script>\n<!-- \/ Yoast SEO plugin. -->","yoast_head_json":{"title":"O\u00f9 nous trouver ? - Ylume","description":"Voici la liste des points de vente de la marque YLUME. Si vous souhaitez devenir distributeur, n'h\u00e9sitez pas \u00e0 nous \u00e9crire.","robots":{"index":"index","follow":"follow","max-snippet":"max-snippet:-1","max-image-preview":"max-image-preview:large","max-video-preview":"max-video-preview:-1"},"canonical":"https:\/\/www.ylume-creation.com\/fr\/nos-revendeurs\/","og_locale":"fr_FR","og_type":"article","og_title":"O\u00f9 nous trouver ? - Ylume","og_description":"Voici la liste des points de vente de la marque YLUME. Si vous souhaitez devenir distributeur, n'h\u00e9sitez pas \u00e0 nous \u00e9crire.","og_url":"https:\/\/www.ylume-creation.com\/fr\/nos-revendeurs\/","og_site_name":"Ylume","article_modified_time":"2025-12-01T12:25:17+00:00","twitter_card":"summary_large_image","twitter_misc":{"Dur\u00e9e de lecture estim\u00e9e":"3 minutes"},"schema":{"@context":"https:\/\/schema.org","@graph":[{"@type":"WebPage","@id":"https:\/\/www.ylume-creation.com\/fr\/nos-revendeurs\/","url":"https:\/\/www.ylume-creation.com\/fr\/nos-revendeurs\/","name":"O\u00f9 nous trouver ? - Ylume","isPartOf":{"@id":"https:\/\/www.ylume-creation.com\/fr\/#website"},"datePublished":"2022-03-09T12:28:28+00:00","dateModified":"2025-12-01T12:25:17+00:00","description":"Voici la liste des points de vente de la marque YLUME. Si vous souhaitez devenir distributeur, n'h\u00e9sitez pas \u00e0 nous \u00e9crire.","breadcrumb":{"@id":"https:\/\/www.ylume-creation.com\/fr\/nos-revendeurs\/#breadcrumb"},"inLanguage":"fr-FR","potentialAction":[{"@type":"ReadAction","target":["https:\/\/www.ylume-creation.com\/fr\/nos-revendeurs\/"]}]},{"@type":"BreadcrumbList","@id":"https:\/\/www.ylume-creation.com\/fr\/nos-revendeurs\/#breadcrumb","itemListElement":[{"@type":"ListItem","position":1,"name":"Accueil","item":"https:\/\/www.ylume-creation.com\/fr\/"},{"@type":"ListItem","position":2,"name":"O\u00f9 nous trouver ?"}]},{"@type":"WebSite","@id":"https:\/\/www.ylume-creation.com\/fr\/#website","url":"https:\/\/www.ylume-creation.com\/fr\/","name":"Ylume","description":"Illumine les femmes, \u00e9veille les sens","potentialAction":[{"@type":"SearchAction","target":{"@type":"EntryPoint","urlTemplate":"https:\/\/www.ylume-creation.com\/fr\/?s={search_term_string}"},"query-input":{"@type":"PropertyValueSpecification","valueRequired":true,"valueName":"search_term_string"}}],"inLanguage":"fr-FR"}]}},"_links":{"self":[{"href":"https:\/\/www.ylume-creation.com\/fr\/wp-json\/wp\/v2\/pages\/28247","targetHints":{"allow":["GET"]}}],"collection":[{"href":"https:\/\/www.ylume-creation.com\/fr\/wp-json\/wp\/v2\/pages"}],"about":[{"href":"https:\/\/www.ylume-creation.com\/fr\/wp-json\/wp\/v2\/types\/page"}],"author":[{"embeddable":true,"href":"https:\/\/www.ylume-creation.com\/fr\/wp-json\/wp\/v2\/users\/1"}],"replies":[{"embeddable":true,"href":"https:\/\/www.ylume-creation.com\/fr\/wp-json\/wp\/v2\/comments?post=28247"}],"version-history":[{"count":61,"href":"https:\/\/www.ylume-creation.com\/fr\/wp-json\/wp\/v2\/pages\/28247\/revisions"}],"predecessor-version":[{"id":33810,"href":"https:\/\/www.ylume-creation.com\/fr\/wp-json\/wp\/v2\/pages\/28247\/revisions\/33810"}],"wp:attachment":[{"href":"https:\/\/www.ylume-creation.com\/fr\/wp-json\/wp\/v2\/media?parent=28247"}],"curies":[{"name":"wp","href":"https:\/\/api.w.org\/{rel}","templated":true}]}}