{"id":26452,"date":"2021-02-26T13:33:51","date_gmt":"2021-02-26T12:33:51","guid":{"rendered":"https:\/\/www.ylume-creation.com\/?page_id=26452"},"modified":"2021-03-01T18:56:01","modified_gmt":"2021-03-01T17:56:01","slug":"linspiration","status":"publish","type":"page","link":"https:\/\/www.ylume-creation.com\/fr\/linspiration\/","title":{"rendered":"L&rsquo;inspiration"},"content":{"rendered":"<div id=\"pl-26452\"  class=\"panel-layout\" ><div id=\"pg-26452-0\"  class=\"panel-grid panel-has-style\" ><div class=\"siteorigin-panels-stretch panel-row-style panel-row-style-for-26452-0\" id=\"ylPfAccrocheRow\" data-stretch-type=\"full-stretched\" ><div id=\"pgc-26452-0-0\"  class=\"panel-grid-cell\" ><div id=\"panel-26452-0-0-0\" class=\"widget_text so-panel widget widget_custom_html panel-first-child panel-last-child\" data-index=\"0\" ><div class=\"widget_text ylHeroTextOver panel-widget-style panel-widget-style-for-26452-0-0-0\" ><div class=\"textwidget custom-html-widget\"><header class=\"entry-header\">\n\t<h1 class=\"entry-title typography-title\">L\u2019INSPIRATION<\/h1>\n<\/header><\/div><\/div><\/div><\/div><\/div><\/div><div id=\"pg-26452-1\"  class=\"panel-grid panel-no-style\" ><div id=\"pgc-26452-1-0\"  class=\"panel-grid-cell\" ><div id=\"panel-26452-1-0-0\" class=\"so-panel widget widget_primrose-sow-quotes panel-first-child panel-last-child\" data-index=\"1\" ><div\n\t\t\t\n\t\t\tclass=\"so-widget-primrose-sow-quotes so-widget-primrose-sow-quotes-default-d75171398898-26452\"\n\t\t\t\n\t\t>\t<div class=\"primrose-sow-quotes align-center slick\">\n\t\t\t\t\t<div class=\"primrose-sow-quote\">\n\t\t\t\t<div class=\"primrose-sow-quote-text\">\u00ab Corse et fi\u00e8re de mon \u00eele, j\u2019ai toujours eu l\u2019envie de mettre en valeur les secrets que cette Terre rec\u00e8le. Des paysages envoutants, une lumi\u00e8re p\u00e9tillante, des valeurs ancr\u00e9es sont les inspirations des fragrances de caract\u00e8re et de chaque collection de bijoux de la marque \u00bb\u00a0<\/div>\n\t\t\t\t\t\t\t\t\t<div class=\"primrose-sow-quote-name\">Pascale.<\/div>\n\t\t\t\t\t\t\t<\/div><!-- .primrose-sow-quotes-item -->\n\t\t\t<\/div><!-- .primrose-sow-quotes -->\n<\/div><\/div><\/div><\/div><div id=\"pg-26452-2\"  class=\"panel-grid panel-no-style\" ><div id=\"pgc-26452-2-0\"  class=\"panel-grid-cell\" ><div id=\"panel-26452-2-0-0\" class=\"so-panel widget widget_primrose-sow-heading panel-first-child panel-last-child\" data-index=\"2\" ><div class=\"league-script panel-widget-style panel-widget-style-for-26452-2-0-0\" ><div\n\t\t\t\n\t\t\tclass=\"so-widget-primrose-sow-heading so-widget-primrose-sow-heading-default-d75171398898-26452\"\n\t\t\t\n\t\t><h2 class=\"primrose-sow-heading primrose-sow-alignment-center\">Illuminer la beaut\u00e9 des femmes<\/h2><\/div><\/div><\/div><\/div><\/div><div id=\"pg-26452-3\"  class=\"panel-grid panel-no-style\" ><div id=\"pgc-26452-3-0\"  class=\"panel-grid-cell\" ><div id=\"panel-26452-3-0-0\" class=\"so-panel widget widget_primrose-sow-feature panel-first-child panel-last-child\" data-index=\"3\" ><div\n\t\t\t\n\t\t\tclass=\"so-widget-primrose-sow-feature so-widget-primrose-sow-feature-default-d75171398898-26452\"\n\t\t\t\n\t\t><div class=\"primrose-sow-feature\">\n\t\n\t<h4 class=\"primrose-sow-feature-heading\" style=\"color: #333333;\"><\/h4>\n\t<div class=\"primrose-sow-feature-description\"><p>Au quotidien la marque s\u2019inspire de la lumi\u00e8re, notamment en Corse, mais \u00e9galement dans des endroits du Monde explor\u00e9s par la cr\u00e9atrice.<br \/>\nUne lumi\u00e8re argent\u00e9e au petit matin dans une crique du Cap Corse, la Balagne baign\u00e9e par un voile dor\u00e9e, les derniers rayons ros\u00e9s sur la plage de Santa Giulia un soir d\u2019\u00e9t\u00e9 \u2026<br \/>\nCette lumi\u00e8re inspire le choix des mat\u00e9riaux, celui des pierres fines, les couleurs de cuirs et l\u2019harmonie des associations.<br \/>\nIlluminer la beaut\u00e9 des femmes de mani\u00e8re cr\u00e9ative, telle est la mission d\u2019YLUME. <\/p>\n<\/div>\n<\/div><!-- .primrose-sow-feature --><\/div><\/div><\/div><div id=\"pgc-26452-3-1\"  class=\"panel-grid-cell\" ><div id=\"panel-26452-3-1-0\" class=\"so-panel widget widget_sow-image panel-first-child panel-last-child\" data-index=\"4\" ><div\n\t\t\t\n\t\t\tclass=\"so-widget-sow-image so-widget-sow-image-default-d6014b76747a-26452\"\n\t\t\t\n\t\t>\n\n<div class=\"sow-image-container\">\n\t\t<img decoding=\"async\" src=\"https:\/\/www.ylume-creation.com\/wp-content\/uploads\/2021\/02\/PHOTO1-PAGEINSPIRATION.jpg\" width=\"1200\" height=\"900\" srcset=\"https:\/\/www.ylume-creation.com\/wp-content\/uploads\/2021\/02\/PHOTO1-PAGEINSPIRATION.jpg 1200w, https:\/\/www.ylume-creation.com\/wp-content\/uploads\/2021\/02\/PHOTO1-PAGEINSPIRATION-300x225.jpg 300w, https:\/\/www.ylume-creation.com\/wp-content\/uploads\/2021\/02\/PHOTO1-PAGEINSPIRATION-1024x768.jpg 1024w, https:\/\/www.ylume-creation.com\/wp-content\/uploads\/2021\/02\/PHOTO1-PAGEINSPIRATION-768x576.jpg 768w, https:\/\/www.ylume-creation.com\/wp-content\/uploads\/2021\/02\/PHOTO1-PAGEINSPIRATION-1080x810.jpg 1080w, https:\/\/www.ylume-creation.com\/wp-content\/uploads\/2021\/02\/PHOTO1-PAGEINSPIRATION-480x360.jpg 480w, https:\/\/www.ylume-creation.com\/wp-content\/uploads\/2021\/02\/PHOTO1-PAGEINSPIRATION-800x600.jpg 800w\" sizes=\"(max-width: 1200px) 100vw, 1200px\" alt=\"\" \t\tclass=\"so-widget-image\"\/>\n\t<\/div>\n\n<\/div><\/div><\/div><\/div><div id=\"pg-26452-4\"  class=\"panel-grid panel-no-style\" ><div id=\"pgc-26452-4-0\"  class=\"panel-grid-cell\" ><div id=\"panel-26452-4-0-0\" class=\"so-panel widget widget_primrose-sow-heading panel-first-child panel-last-child\" data-index=\"5\" ><div class=\"league-script panel-widget-style panel-widget-style-for-26452-4-0-0\" ><div\n\t\t\t\n\t\t\tclass=\"so-widget-primrose-sow-heading so-widget-primrose-sow-heading-default-d75171398898-26452\"\n\t\t\t\n\t\t><h2 class=\"primrose-sow-heading primrose-sow-alignment-center\">La lumi\u00e8re de Corse, source d\u2019inspiration des senteurs<\/h2><\/div><\/div><\/div><\/div><\/div><div id=\"pg-26452-5\"  class=\"panel-grid panel-no-style\" ><div id=\"pgc-26452-5-0\"  class=\"panel-grid-cell\" ><div id=\"panel-26452-5-0-0\" class=\"so-panel widget widget_sow-image panel-first-child panel-last-child\" data-index=\"6\" ><div\n\t\t\t\n\t\t\tclass=\"so-widget-sow-image so-widget-sow-image-default-d6014b76747a-26452\"\n\t\t\t\n\t\t>\n\n<div class=\"sow-image-container\">\n\t\t<img decoding=\"async\" src=\"https:\/\/www.ylume-creation.com\/wp-content\/uploads\/2021\/02\/PHOTO2-PAGEINSPIRATION.jpg\" width=\"1200\" height=\"900\" srcset=\"https:\/\/www.ylume-creation.com\/wp-content\/uploads\/2021\/02\/PHOTO2-PAGEINSPIRATION.jpg 1200w, https:\/\/www.ylume-creation.com\/wp-content\/uploads\/2021\/02\/PHOTO2-PAGEINSPIRATION-300x225.jpg 300w, https:\/\/www.ylume-creation.com\/wp-content\/uploads\/2021\/02\/PHOTO2-PAGEINSPIRATION-1024x768.jpg 1024w, https:\/\/www.ylume-creation.com\/wp-content\/uploads\/2021\/02\/PHOTO2-PAGEINSPIRATION-768x576.jpg 768w, https:\/\/www.ylume-creation.com\/wp-content\/uploads\/2021\/02\/PHOTO2-PAGEINSPIRATION-1080x810.jpg 1080w, https:\/\/www.ylume-creation.com\/wp-content\/uploads\/2021\/02\/PHOTO2-PAGEINSPIRATION-480x360.jpg 480w, https:\/\/www.ylume-creation.com\/wp-content\/uploads\/2021\/02\/PHOTO2-PAGEINSPIRATION-800x600.jpg 800w\" sizes=\"(max-width: 1200px) 100vw, 1200px\" alt=\"\" \t\tclass=\"so-widget-image\"\/>\n\t<\/div>\n\n<\/div><\/div><\/div><div id=\"pgc-26452-5-1\"  class=\"panel-grid-cell\" ><div id=\"panel-26452-5-1-0\" class=\"so-panel widget widget_primrose-sow-feature panel-first-child panel-last-child\" data-index=\"7\" ><div\n\t\t\t\n\t\t\tclass=\"so-widget-primrose-sow-feature so-widget-primrose-sow-feature-default-d75171398898-26452\"\n\t\t\t\n\t\t><div class=\"primrose-sow-feature\">\n\t\n\t<h4 class=\"primrose-sow-feature-heading\" style=\"color: #333333;\"><\/h4>\n\t<div class=\"primrose-sow-feature-description\"><p>Chaque senteur est un moment lumineux en Corse \u00e9voquant un souvenir de vacances, un instant pr\u00e9cieux, une \u00e9motion v\u00e9cue.<\/p>\n<p>De la lumi\u00e8re du petit matin dans les criques secr\u00e8tes du Cap Corse \u00e0 MERIA la lumi\u00e8re du soir sur le sable chaud de Santa GIULIA, en faisant une pause \u00e0 LUMIO, lors d\u2019une balade fruit\u00e9e et ensoleill\u00e9e, chaque senteur se veut solaire, unique et styl\u00e9e.<\/p>\n<\/div>\n<\/div><!-- .primrose-sow-feature --><\/div><\/div><\/div><\/div><div id=\"pg-26452-6\"  class=\"panel-grid panel-no-style\" ><div id=\"pgc-26452-6-0\"  class=\"panel-grid-cell\" ><div id=\"panel-26452-6-0-0\" class=\"so-panel widget widget_primrose-sow-heading panel-first-child panel-last-child\" data-index=\"8\" ><div class=\"league-script panel-widget-style panel-widget-style-for-26452-6-0-0\" ><div\n\t\t\t\n\t\t\tclass=\"so-widget-primrose-sow-heading so-widget-primrose-sow-heading-default-d75171398898-26452\"\n\t\t\t\n\t\t><h2 class=\"primrose-sow-heading primrose-sow-alignment-center\">Un \u0153il aiguis\u00e9 pour les choses pures et belles<\/h2><\/div><\/div><\/div><\/div><\/div><div id=\"pg-26452-7\"  class=\"panel-grid panel-no-style\" ><div id=\"pgc-26452-7-0\"  class=\"panel-grid-cell\" ><div id=\"panel-26452-7-0-0\" class=\"so-panel widget widget_primrose-sow-feature panel-first-child panel-last-child\" data-index=\"9\" ><div\n\t\t\t\n\t\t\tclass=\"so-widget-primrose-sow-feature so-widget-primrose-sow-feature-default-d75171398898-26452\"\n\t\t\t\n\t\t><div class=\"primrose-sow-feature\">\n\t\n\t<h4 class=\"primrose-sow-feature-heading\" style=\"color: #333333;\"><\/h4>\n\t<div class=\"primrose-sow-feature-description\"><p>Au-del\u00e0 de la Corse, la beaut\u00e9 des choses, les d\u00e9tails, les formes, les ombres m\u2019apportent des id\u00e9es au quotidien.<\/p>\n<p>L\u2019appareil photo toujours tr\u00e8s proche, je capture tout ce qui m\u2019\u00e9meut, me donne des frissons, m\u2019appelle \u00e0 r\u00e9fl\u00e9chir.<\/p>\n<p>Des reflets de bateaux dans l\u2019eau, les ombres d\u2019une terrasse en plein soleil, le linge color\u00e9 qui s\u00e8che dans le vent \u2026 des beaut\u00e9s simples qui nourrissent mon imagination.<\/p>\n<\/div>\n<\/div><!-- .primrose-sow-feature --><\/div><\/div><\/div><div id=\"pgc-26452-7-1\"  class=\"panel-grid-cell\" ><div id=\"panel-26452-7-1-0\" class=\"so-panel widget widget_sow-image panel-first-child panel-last-child\" data-index=\"10\" ><div\n\t\t\t\n\t\t\tclass=\"so-widget-sow-image so-widget-sow-image-default-d6014b76747a-26452\"\n\t\t\t\n\t\t>\n\n<div class=\"sow-image-container\">\n\t\t<img decoding=\"async\" src=\"https:\/\/www.ylume-creation.com\/wp-content\/uploads\/2021\/02\/PHOTO3-PAGEINSPIRATION.jpg\" width=\"1200\" height=\"900\" srcset=\"https:\/\/www.ylume-creation.com\/wp-content\/uploads\/2021\/02\/PHOTO3-PAGEINSPIRATION.jpg 1200w, https:\/\/www.ylume-creation.com\/wp-content\/uploads\/2021\/02\/PHOTO3-PAGEINSPIRATION-300x225.jpg 300w, https:\/\/www.ylume-creation.com\/wp-content\/uploads\/2021\/02\/PHOTO3-PAGEINSPIRATION-1024x768.jpg 1024w, https:\/\/www.ylume-creation.com\/wp-content\/uploads\/2021\/02\/PHOTO3-PAGEINSPIRATION-768x576.jpg 768w, https:\/\/www.ylume-creation.com\/wp-content\/uploads\/2021\/02\/PHOTO3-PAGEINSPIRATION-1080x810.jpg 1080w, https:\/\/www.ylume-creation.com\/wp-content\/uploads\/2021\/02\/PHOTO3-PAGEINSPIRATION-480x360.jpg 480w, https:\/\/www.ylume-creation.com\/wp-content\/uploads\/2021\/02\/PHOTO3-PAGEINSPIRATION-800x600.jpg 800w\" sizes=\"(max-width: 1200px) 100vw, 1200px\" alt=\"\" \t\tclass=\"so-widget-image\"\/>\n\t<\/div>\n\n<\/div><\/div><\/div><\/div><\/div>","protected":false},"excerpt":{"rendered":"<p>L\u2019INSPIRATION \u00ab Corse et fi\u00e8re de mon \u00eele, j\u2019ai toujours eu l\u2019envie de mettre en valeur les secrets que cette Terre rec\u00e8le. Des paysages envoutants, une lumi\u00e8re p\u00e9tillante, des valeurs ancr\u00e9es sont les inspirations des fragrances de caract\u00e8re et de chaque collection de bijoux de la marque \u00bb\u00a0 Pascale. Illuminer la beaut\u00e9 des femmes Au [&hellip;]<\/p>\n","protected":false},"author":1,"featured_media":0,"parent":0,"menu_order":0,"comment_status":"closed","ping_status":"closed","template":"page-templates\/blank.php","meta":{"_acf_changed":false,"footnotes":""},"class_list":["post-26452","page","type-page","status-publish","hentry"],"acf":[],"yoast_head":"<!-- This site is optimized with the Yoast SEO plugin v27.4 - https:\/\/yoast.com\/product\/yoast-seo-wordpress\/ -->\n<title>L&#039;inspiration - Ylume<\/title>\n<meta name=\"robots\" content=\"index, follow, max-snippet:-1, max-image-preview:large, max-video-preview:-1\" \/>\n<link rel=\"canonical\" href=\"https:\/\/www.ylume-creation.com\/fr\/linspiration\/\" \/>\n<meta property=\"og:locale\" content=\"fr_FR\" \/>\n<meta property=\"og:type\" content=\"article\" \/>\n<meta property=\"og:title\" content=\"L&#039;inspiration - Ylume\" \/>\n<meta property=\"og:description\" content=\"L\u2019INSPIRATION \u00ab Corse et fi\u00e8re de mon \u00eele, j\u2019ai toujours eu l\u2019envie de mettre en valeur les secrets que cette Terre rec\u00e8le. Des paysages envoutants, une lumi\u00e8re p\u00e9tillante, des valeurs ancr\u00e9es sont les inspirations des fragrances de caract\u00e8re et de chaque collection de bijoux de la marque \u00bb\u00a0 Pascale. Illuminer la beaut\u00e9 des femmes Au [&hellip;]\" \/>\n<meta property=\"og:url\" content=\"https:\/\/www.ylume-creation.com\/fr\/linspiration\/\" \/>\n<meta property=\"og:site_name\" content=\"Ylume\" \/>\n<meta property=\"article:modified_time\" content=\"2021-03-01T17:56:01+00:00\" \/>\n<meta name=\"twitter:card\" content=\"summary_large_image\" \/>\n<meta name=\"twitter:label1\" content=\"Dur\u00e9e de lecture estim\u00e9e\" \/>\n\t<meta name=\"twitter:data1\" content=\"1 minute\" \/>\n<script type=\"application\/ld+json\" class=\"yoast-schema-graph\">{\"@context\":\"https:\\\/\\\/schema.org\",\"@graph\":[{\"@type\":\"WebPage\",\"@id\":\"https:\\\/\\\/www.ylume-creation.com\\\/fr\\\/linspiration\\\/\",\"url\":\"https:\\\/\\\/www.ylume-creation.com\\\/fr\\\/linspiration\\\/\",\"name\":\"L'inspiration - Ylume\",\"isPartOf\":{\"@id\":\"https:\\\/\\\/www.ylume-creation.com\\\/fr\\\/#website\"},\"datePublished\":\"2021-02-26T12:33:51+00:00\",\"dateModified\":\"2021-03-01T17:56:01+00:00\",\"breadcrumb\":{\"@id\":\"https:\\\/\\\/www.ylume-creation.com\\\/fr\\\/linspiration\\\/#breadcrumb\"},\"inLanguage\":\"fr-FR\",\"potentialAction\":[{\"@type\":\"ReadAction\",\"target\":[\"https:\\\/\\\/www.ylume-creation.com\\\/fr\\\/linspiration\\\/\"]}]},{\"@type\":\"BreadcrumbList\",\"@id\":\"https:\\\/\\\/www.ylume-creation.com\\\/fr\\\/linspiration\\\/#breadcrumb\",\"itemListElement\":[{\"@type\":\"ListItem\",\"position\":1,\"name\":\"Accueil\",\"item\":\"https:\\\/\\\/www.ylume-creation.com\\\/fr\\\/\"},{\"@type\":\"ListItem\",\"position\":2,\"name\":\"L&rsquo;inspiration\"}]},{\"@type\":\"WebSite\",\"@id\":\"https:\\\/\\\/www.ylume-creation.com\\\/fr\\\/#website\",\"url\":\"https:\\\/\\\/www.ylume-creation.com\\\/fr\\\/\",\"name\":\"Ylume\",\"description\":\"Illumine les femmes, \u00e9veille les sens\",\"potentialAction\":[{\"@type\":\"SearchAction\",\"target\":{\"@type\":\"EntryPoint\",\"urlTemplate\":\"https:\\\/\\\/www.ylume-creation.com\\\/fr\\\/?s={search_term_string}\"},\"query-input\":{\"@type\":\"PropertyValueSpecification\",\"valueRequired\":true,\"valueName\":\"search_term_string\"}}],\"inLanguage\":\"fr-FR\"}]}<\/script>\n<!-- \/ Yoast SEO plugin. -->","yoast_head_json":{"title":"L'inspiration - Ylume","robots":{"index":"index","follow":"follow","max-snippet":"max-snippet:-1","max-image-preview":"max-image-preview:large","max-video-preview":"max-video-preview:-1"},"canonical":"https:\/\/www.ylume-creation.com\/fr\/linspiration\/","og_locale":"fr_FR","og_type":"article","og_title":"L'inspiration - Ylume","og_description":"L\u2019INSPIRATION \u00ab Corse et fi\u00e8re de mon \u00eele, j\u2019ai toujours eu l\u2019envie de mettre en valeur les secrets que cette Terre rec\u00e8le. Des paysages envoutants, une lumi\u00e8re p\u00e9tillante, des valeurs ancr\u00e9es sont les inspirations des fragrances de caract\u00e8re et de chaque collection de bijoux de la marque \u00bb\u00a0 Pascale. Illuminer la beaut\u00e9 des femmes Au [&hellip;]","og_url":"https:\/\/www.ylume-creation.com\/fr\/linspiration\/","og_site_name":"Ylume","article_modified_time":"2021-03-01T17:56:01+00:00","twitter_card":"summary_large_image","twitter_misc":{"Dur\u00e9e de lecture estim\u00e9e":"1 minute"},"schema":{"@context":"https:\/\/schema.org","@graph":[{"@type":"WebPage","@id":"https:\/\/www.ylume-creation.com\/fr\/linspiration\/","url":"https:\/\/www.ylume-creation.com\/fr\/linspiration\/","name":"L'inspiration - Ylume","isPartOf":{"@id":"https:\/\/www.ylume-creation.com\/fr\/#website"},"datePublished":"2021-02-26T12:33:51+00:00","dateModified":"2021-03-01T17:56:01+00:00","breadcrumb":{"@id":"https:\/\/www.ylume-creation.com\/fr\/linspiration\/#breadcrumb"},"inLanguage":"fr-FR","potentialAction":[{"@type":"ReadAction","target":["https:\/\/www.ylume-creation.com\/fr\/linspiration\/"]}]},{"@type":"BreadcrumbList","@id":"https:\/\/www.ylume-creation.com\/fr\/linspiration\/#breadcrumb","itemListElement":[{"@type":"ListItem","position":1,"name":"Accueil","item":"https:\/\/www.ylume-creation.com\/fr\/"},{"@type":"ListItem","position":2,"name":"L&rsquo;inspiration"}]},{"@type":"WebSite","@id":"https:\/\/www.ylume-creation.com\/fr\/#website","url":"https:\/\/www.ylume-creation.com\/fr\/","name":"Ylume","description":"Illumine les femmes, \u00e9veille les sens","potentialAction":[{"@type":"SearchAction","target":{"@type":"EntryPoint","urlTemplate":"https:\/\/www.ylume-creation.com\/fr\/?s={search_term_string}"},"query-input":{"@type":"PropertyValueSpecification","valueRequired":true,"valueName":"search_term_string"}}],"inLanguage":"fr-FR"}]}},"_links":{"self":[{"href":"https:\/\/www.ylume-creation.com\/fr\/wp-json\/wp\/v2\/pages\/26452","targetHints":{"allow":["GET"]}}],"collection":[{"href":"https:\/\/www.ylume-creation.com\/fr\/wp-json\/wp\/v2\/pages"}],"about":[{"href":"https:\/\/www.ylume-creation.com\/fr\/wp-json\/wp\/v2\/types\/page"}],"author":[{"embeddable":true,"href":"https:\/\/www.ylume-creation.com\/fr\/wp-json\/wp\/v2\/users\/1"}],"replies":[{"embeddable":true,"href":"https:\/\/www.ylume-creation.com\/fr\/wp-json\/wp\/v2\/comments?post=26452"}],"version-history":[{"count":22,"href":"https:\/\/www.ylume-creation.com\/fr\/wp-json\/wp\/v2\/pages\/26452\/revisions"}],"predecessor-version":[{"id":26539,"href":"https:\/\/www.ylume-creation.com\/fr\/wp-json\/wp\/v2\/pages\/26452\/revisions\/26539"}],"wp:attachment":[{"href":"https:\/\/www.ylume-creation.com\/fr\/wp-json\/wp\/v2\/media?parent=26452"}],"curies":[{"name":"wp","href":"https:\/\/api.w.org\/{rel}","templated":true}]}}