{"id":1346,"date":"2018-09-19T16:28:19","date_gmt":"2018-09-19T14:28:19","guid":{"rendered":"http:\/\/www.ylume-creation.com\/?page_id=1346"},"modified":"2020-07-15T15:41:00","modified_gmt":"2020-07-15T13:41:00","slug":"mentions-legales","status":"publish","type":"page","link":"https:\/\/www.ylume-creation.com\/fr\/mentions-legales\/","title":{"rendered":"Mentions l\u00e9gales"},"content":{"rendered":"<div id=\"pl-1346\"  class=\"panel-layout\" ><div id=\"pg-1346-0\"  class=\"panel-grid panel-no-style\" ><div id=\"pgc-1346-0-0\"  class=\"panel-grid-cell\" ><div id=\"panel-1346-0-0-0\" class=\"so-panel widget widget_sow-editor panel-first-child panel-last-child\" data-index=\"0\" ><div\n\t\t\t\n\t\t\tclass=\"so-widget-sow-editor so-widget-sow-editor-base\"\n\t\t\t\n\t\t>\n<div class=\"siteorigin-widget-tinymce textwidget\">\n\t<p>Le site internet www.ylume.fr est \u00e9dit\u00e9 par\u00a0la soci\u00e9t\u00e9 P.LAZZERI CREATION, soci\u00e9t\u00e9 par action simplifi\u00e9e au capital social de 5000 \u20ac immatricul\u00e9e au Registre du Commerce et des Soci\u00e9t\u00e9s d\u2019Aix en provence sous le num\u00e9ro 840 771 679, dont le si\u00e8ge social est situ\u00e9 16, lot rabiote, avenue cardinal Grimaldi, 13540 Aix en Provence.<\/p>\n<p>Le num\u00e9ro de TVA intracommunautaire est FR90 840 771 679.<\/p>\n<p>Pour toute demande concernant le site internet www.ylume.fr, vous pouvez nous contacter par e-mail \u00e0\u00a0contact@ylume-creation.com.<\/p>\n<p>Le directeur de la publication est\u00a0Madame LAZZERI Pascale.<\/p>\n<p>Le pr\u00e9sent site internet est h\u00e9berg\u00e9 par\u00a0AMEN dont le si\u00e8ge social est rond point des Champs Elys\u00e9es  Paris 8e - France.<\/p>\n<h3>Cr\u00e9dits :<\/h3>\n<p>Conception: <a href=\"http:\/\/alhena-conseil.com\/\" data-wpel-link=\"external\" rel=\"nofollow noopener noreferrer\">Agence Alhena-Conseil<\/a><\/p>\n<p>R\u00e9alisation :\u00a0<a href=\"http:\/\/alhena-conseil.com\/\" data-wpel-link=\"external\" rel=\"nofollow noopener noreferrer\">Agence Alhena-Conseil<\/a><\/p>\n<p>Direction artistique :\u00a0<a href=\"https:\/\/www.charlotteetcloe.com\/\" data-wpel-link=\"external\" rel=\"nofollow noopener noreferrer\">\u00a9charlotteetcloe<\/a><\/p>\n<\/div>\n<\/div><\/div><\/div><\/div><\/div>","protected":false},"excerpt":{"rendered":"<p>Le site internet www.ylume.fr est \u00e9dit\u00e9 par\u00a0la soci\u00e9t\u00e9 P.LAZZERI CREATION, soci\u00e9t\u00e9 par action simplifi\u00e9e au capital social de 5000 \u20ac immatricul\u00e9e au Registre du Commerce et des Soci\u00e9t\u00e9s d\u2019Aix en provence sous le num\u00e9ro 840 771 679, dont le si\u00e8ge social est situ\u00e9 16, lot rabiote, avenue cardinal Grimaldi, 13540 Aix en Provence. Le num\u00e9ro [&hellip;]<\/p>\n","protected":false},"author":1,"featured_media":0,"parent":0,"menu_order":0,"comment_status":"closed","ping_status":"closed","template":"page-templates\/narrow-width.php","meta":{"_acf_changed":false,"footnotes":""},"class_list":["post-1346","page","type-page","status-publish","hentry"],"acf":[],"yoast_head":"<!-- This site is optimized with the Yoast SEO plugin v27.4 - https:\/\/yoast.com\/product\/yoast-seo-wordpress\/ -->\n<title>Mentions l\u00e9gales - Ylume<\/title>\n<meta name=\"robots\" content=\"index, follow, max-snippet:-1, max-image-preview:large, max-video-preview:-1\" \/>\n<link rel=\"canonical\" href=\"https:\/\/www.ylume-creation.com\/fr\/mentions-legales\/\" \/>\n<meta property=\"og:locale\" content=\"fr_FR\" \/>\n<meta property=\"og:type\" content=\"article\" \/>\n<meta property=\"og:title\" content=\"Mentions l\u00e9gales - Ylume\" \/>\n<meta property=\"og:description\" content=\"Le site internet www.ylume.fr est \u00e9dit\u00e9 par\u00a0la soci\u00e9t\u00e9 P.LAZZERI CREATION, soci\u00e9t\u00e9 par action simplifi\u00e9e au capital social de 5000 \u20ac immatricul\u00e9e au Registre du Commerce et des Soci\u00e9t\u00e9s d\u2019Aix en provence sous le num\u00e9ro 840 771 679, dont le si\u00e8ge social est situ\u00e9 16, lot rabiote, avenue cardinal Grimaldi, 13540 Aix en Provence. Le num\u00e9ro [&hellip;]\" \/>\n<meta property=\"og:url\" content=\"https:\/\/www.ylume-creation.com\/fr\/mentions-legales\/\" \/>\n<meta property=\"og:site_name\" content=\"Ylume\" \/>\n<meta property=\"article:modified_time\" content=\"2020-07-15T13:41:00+00:00\" \/>\n<meta name=\"twitter:card\" content=\"summary_large_image\" \/>\n<meta name=\"twitter:label1\" content=\"Dur\u00e9e de lecture estim\u00e9e\" \/>\n\t<meta name=\"twitter:data1\" content=\"1 minute\" \/>\n<script type=\"application\/ld+json\" class=\"yoast-schema-graph\">{\"@context\":\"https:\\\/\\\/schema.org\",\"@graph\":[{\"@type\":\"WebPage\",\"@id\":\"https:\\\/\\\/www.ylume-creation.com\\\/fr\\\/mentions-legales\\\/\",\"url\":\"https:\\\/\\\/www.ylume-creation.com\\\/fr\\\/mentions-legales\\\/\",\"name\":\"Mentions l\u00e9gales - Ylume\",\"isPartOf\":{\"@id\":\"https:\\\/\\\/www.ylume-creation.com\\\/fr\\\/#website\"},\"datePublished\":\"2018-09-19T14:28:19+00:00\",\"dateModified\":\"2020-07-15T13:41:00+00:00\",\"breadcrumb\":{\"@id\":\"https:\\\/\\\/www.ylume-creation.com\\\/fr\\\/mentions-legales\\\/#breadcrumb\"},\"inLanguage\":\"fr-FR\",\"potentialAction\":[{\"@type\":\"ReadAction\",\"target\":[\"https:\\\/\\\/www.ylume-creation.com\\\/fr\\\/mentions-legales\\\/\"]}]},{\"@type\":\"BreadcrumbList\",\"@id\":\"https:\\\/\\\/www.ylume-creation.com\\\/fr\\\/mentions-legales\\\/#breadcrumb\",\"itemListElement\":[{\"@type\":\"ListItem\",\"position\":1,\"name\":\"Accueil\",\"item\":\"https:\\\/\\\/www.ylume-creation.com\\\/fr\\\/\"},{\"@type\":\"ListItem\",\"position\":2,\"name\":\"Mentions l\u00e9gales\"}]},{\"@type\":\"WebSite\",\"@id\":\"https:\\\/\\\/www.ylume-creation.com\\\/fr\\\/#website\",\"url\":\"https:\\\/\\\/www.ylume-creation.com\\\/fr\\\/\",\"name\":\"Ylume\",\"description\":\"Illumine les femmes, \u00e9veille les sens\",\"potentialAction\":[{\"@type\":\"SearchAction\",\"target\":{\"@type\":\"EntryPoint\",\"urlTemplate\":\"https:\\\/\\\/www.ylume-creation.com\\\/fr\\\/?s={search_term_string}\"},\"query-input\":{\"@type\":\"PropertyValueSpecification\",\"valueRequired\":true,\"valueName\":\"search_term_string\"}}],\"inLanguage\":\"fr-FR\"}]}<\/script>\n<!-- \/ Yoast SEO plugin. -->","yoast_head_json":{"title":"Mentions l\u00e9gales - Ylume","robots":{"index":"index","follow":"follow","max-snippet":"max-snippet:-1","max-image-preview":"max-image-preview:large","max-video-preview":"max-video-preview:-1"},"canonical":"https:\/\/www.ylume-creation.com\/fr\/mentions-legales\/","og_locale":"fr_FR","og_type":"article","og_title":"Mentions l\u00e9gales - Ylume","og_description":"Le site internet www.ylume.fr est \u00e9dit\u00e9 par\u00a0la soci\u00e9t\u00e9 P.LAZZERI CREATION, soci\u00e9t\u00e9 par action simplifi\u00e9e au capital social de 5000 \u20ac immatricul\u00e9e au Registre du Commerce et des Soci\u00e9t\u00e9s d\u2019Aix en provence sous le num\u00e9ro 840 771 679, dont le si\u00e8ge social est situ\u00e9 16, lot rabiote, avenue cardinal Grimaldi, 13540 Aix en Provence. Le num\u00e9ro [&hellip;]","og_url":"https:\/\/www.ylume-creation.com\/fr\/mentions-legales\/","og_site_name":"Ylume","article_modified_time":"2020-07-15T13:41:00+00:00","twitter_card":"summary_large_image","twitter_misc":{"Dur\u00e9e de lecture estim\u00e9e":"1 minute"},"schema":{"@context":"https:\/\/schema.org","@graph":[{"@type":"WebPage","@id":"https:\/\/www.ylume-creation.com\/fr\/mentions-legales\/","url":"https:\/\/www.ylume-creation.com\/fr\/mentions-legales\/","name":"Mentions l\u00e9gales - Ylume","isPartOf":{"@id":"https:\/\/www.ylume-creation.com\/fr\/#website"},"datePublished":"2018-09-19T14:28:19+00:00","dateModified":"2020-07-15T13:41:00+00:00","breadcrumb":{"@id":"https:\/\/www.ylume-creation.com\/fr\/mentions-legales\/#breadcrumb"},"inLanguage":"fr-FR","potentialAction":[{"@type":"ReadAction","target":["https:\/\/www.ylume-creation.com\/fr\/mentions-legales\/"]}]},{"@type":"BreadcrumbList","@id":"https:\/\/www.ylume-creation.com\/fr\/mentions-legales\/#breadcrumb","itemListElement":[{"@type":"ListItem","position":1,"name":"Accueil","item":"https:\/\/www.ylume-creation.com\/fr\/"},{"@type":"ListItem","position":2,"name":"Mentions l\u00e9gales"}]},{"@type":"WebSite","@id":"https:\/\/www.ylume-creation.com\/fr\/#website","url":"https:\/\/www.ylume-creation.com\/fr\/","name":"Ylume","description":"Illumine les femmes, \u00e9veille les sens","potentialAction":[{"@type":"SearchAction","target":{"@type":"EntryPoint","urlTemplate":"https:\/\/www.ylume-creation.com\/fr\/?s={search_term_string}"},"query-input":{"@type":"PropertyValueSpecification","valueRequired":true,"valueName":"search_term_string"}}],"inLanguage":"fr-FR"}]}},"_links":{"self":[{"href":"https:\/\/www.ylume-creation.com\/fr\/wp-json\/wp\/v2\/pages\/1346","targetHints":{"allow":["GET"]}}],"collection":[{"href":"https:\/\/www.ylume-creation.com\/fr\/wp-json\/wp\/v2\/pages"}],"about":[{"href":"https:\/\/www.ylume-creation.com\/fr\/wp-json\/wp\/v2\/types\/page"}],"author":[{"embeddable":true,"href":"https:\/\/www.ylume-creation.com\/fr\/wp-json\/wp\/v2\/users\/1"}],"replies":[{"embeddable":true,"href":"https:\/\/www.ylume-creation.com\/fr\/wp-json\/wp\/v2\/comments?post=1346"}],"version-history":[{"count":2,"href":"https:\/\/www.ylume-creation.com\/fr\/wp-json\/wp\/v2\/pages\/1346\/revisions"}],"predecessor-version":[{"id":3583,"href":"https:\/\/www.ylume-creation.com\/fr\/wp-json\/wp\/v2\/pages\/1346\/revisions\/3583"}],"wp:attachment":[{"href":"https:\/\/www.ylume-creation.com\/fr\/wp-json\/wp\/v2\/media?parent=1346"}],"curies":[{"name":"wp","href":"https:\/\/api.w.org\/{rel}","templated":true}]}}