{"id":34359,"date":"2024-05-14T12:28:42","date_gmt":"2024-05-14T10:28:42","guid":{"rendered":"https:\/\/www.ylume-creation.com\/produit\/sparkling-purple-hoop-earrings\/"},"modified":"2024-05-14T12:28:42","modified_gmt":"2024-05-14T10:28:42","slug":"sparkling-purple-hoop-earrings","status":"publish","type":"product","link":"https:\/\/www.ylume-creation.com\/en\/produit\/sparkling-purple-hoop-earrings\/","title":{"rendered":"Sparkling Purple Hoop Earrings"},"content":{"rendered":"<p>We have designed and created these Saleccia earrings for you, in our workshop in Aix en Provence. A gold-plated ring, worked and chiseled, combines with the fine ring of the hoop earrings and creates a luminous contrast. <\/p>\n<p>We have also created unique packaging: small coloured envelopes with a different graphic design all the time. Made from recycled paper and made by hand, the envelope is so cute! Keep it to store your jewelry, for your children or to write to a friend.  <\/p>\n<p>A little quote will arouse your curiosity.<\/p>\n","protected":false},"excerpt":{"rendered":"<p class=\"p1\"><span class=\"s1\">Symbols of love, the contrasting rings interlock and move with movement. The chiseled ring combines wonderfully with the fine hoop earrings. <\/span><span class=\"s1\">They are called Saleccia, one of the most beautiful beaches near St Florent, where an unprecedented light sparkles. <\/span> <\/p>\n<p class=\"p1\"><span class=\"s1\">The buckle holder is closed to prevent your pretty curls from leaking. It is gilded with 24-carat fine gold.   <\/span><\/p>\n<p>Lead-free, nickel-free support, plated in France and with excellent hold.<\/p>\n","protected":false},"featured_media":31620,"template":"","meta":{"_acf_changed":false,"footnotes":""},"product_brand":[],"product_cat":[170,209,213,168,211,208,180,167,215,195,210,214,171,194,169],"product_tag":[257,251],"class_list":{"0":"post-34359","1":"product","2":"type-product","3":"status-publish","4":"has-post-thumbnail","6":"product_cat-christmas-jewelry","7":"product_cat-fancy-hoop-earrings","8":"product_cat-gold-plated-earrings","9":"product_cat-high-costume-jewelry","10":"product_cat-high-fashion-earrings","11":"product_cat-hoop-earrings","12":"product_cat-jewelry-creation","13":"product_cat-mothers-day-jewelry","14":"product_cat-natural-stone-earrings","15":"product_cat-original-designer-earrings","16":"product_cat-small-creole-earrings","17":"product_cat-small-earrings","18":"product_cat-valentines-day-jewelry","19":"product_cat-wedding-earrings","20":"product_cat-wedding-jewelry","21":"product_tag-all-our-earrings","22":"product_tag-gemstone-collection","24":"first","25":"instock","26":"featured","27":"taxable","28":"shipping-taxable","29":"purchasable","30":"product-type-simple"},"acf":[],"yoast_head":"<!-- This site is optimized with the Yoast SEO plugin v27.4 - https:\/\/yoast.com\/product\/yoast-seo-wordpress\/ -->\n<title>Sparkling Purple Hoop Earrings - Ylume - Designer Earrings<\/title>\n<meta name=\"description\" content=\"Hammered hoop earrings with natural purple amethyst stones that can be removed as you please. They are perfect for your everyday life.\" \/>\n<meta name=\"robots\" content=\"index, follow, max-snippet:-1, max-image-preview:large, max-video-preview:-1\" \/>\n<link rel=\"canonical\" href=\"https:\/\/www.ylume-creation.com\/en\/produit\/sparkling-purple-hoop-earrings\/\" \/>\n<meta property=\"og:locale\" content=\"en_US\" \/>\n<meta property=\"og:type\" content=\"article\" \/>\n<meta property=\"og:title\" content=\"Sparkling Purple Hoop Earrings - Ylume - Designer Earrings\" \/>\n<meta property=\"og:description\" content=\"Hammered hoop earrings with natural purple amethyst stones that can be removed as you please. They are perfect for your everyday life.\" \/>\n<meta property=\"og:url\" content=\"https:\/\/www.ylume-creation.com\/en\/produit\/sparkling-purple-hoop-earrings\/\" \/>\n<meta property=\"og:site_name\" content=\"Ylume\" \/>\n<meta property=\"og:image\" content=\"https:\/\/www.ylume-creation.com\/wp-content\/uploads\/2024\/05\/SHOOTING-BO-MAUVE-1.jpg\" \/>\n\t<meta property=\"og:image:width\" content=\"900\" \/>\n\t<meta property=\"og:image:height\" content=\"1350\" \/>\n\t<meta property=\"og:image:type\" content=\"image\/jpeg\" \/>\n<meta name=\"twitter:card\" content=\"summary_large_image\" \/>\n<script type=\"application\/ld+json\" class=\"yoast-schema-graph\">{\"@context\":\"https:\\\/\\\/schema.org\",\"@graph\":[{\"@type\":\"WebPage\",\"@id\":\"https:\\\/\\\/www.ylume-creation.com\\\/en\\\/produit\\\/sparkling-purple-hoop-earrings\\\/\",\"url\":\"https:\\\/\\\/www.ylume-creation.com\\\/en\\\/produit\\\/sparkling-purple-hoop-earrings\\\/\",\"name\":\"Sparkling Purple Hoop Earrings - Ylume - Designer Earrings\",\"isPartOf\":{\"@id\":\"https:\\\/\\\/www.ylume-creation.com\\\/en\\\/#website\"},\"primaryImageOfPage\":{\"@id\":\"https:\\\/\\\/www.ylume-creation.com\\\/en\\\/produit\\\/sparkling-purple-hoop-earrings\\\/#primaryimage\"},\"image\":{\"@id\":\"https:\\\/\\\/www.ylume-creation.com\\\/en\\\/produit\\\/sparkling-purple-hoop-earrings\\\/#primaryimage\"},\"thumbnailUrl\":\"https:\\\/\\\/www.ylume-creation.com\\\/wp-content\\\/uploads\\\/2024\\\/05\\\/SHOOTING-BO-MAUVE-1.jpg\",\"datePublished\":\"2024-05-14T10:28:42+00:00\",\"description\":\"Hammered hoop earrings with natural purple amethyst stones that can be removed as you please. They are perfect for your everyday life.\",\"breadcrumb\":{\"@id\":\"https:\\\/\\\/www.ylume-creation.com\\\/en\\\/produit\\\/sparkling-purple-hoop-earrings\\\/#breadcrumb\"},\"inLanguage\":\"en-US\",\"potentialAction\":[{\"@type\":\"ReadAction\",\"target\":[\"https:\\\/\\\/www.ylume-creation.com\\\/en\\\/produit\\\/sparkling-purple-hoop-earrings\\\/\"]}]},{\"@type\":\"ImageObject\",\"inLanguage\":\"en-US\",\"@id\":\"https:\\\/\\\/www.ylume-creation.com\\\/en\\\/produit\\\/sparkling-purple-hoop-earrings\\\/#primaryimage\",\"url\":\"https:\\\/\\\/www.ylume-creation.com\\\/wp-content\\\/uploads\\\/2024\\\/05\\\/SHOOTING-BO-MAUVE-1.jpg\",\"contentUrl\":\"https:\\\/\\\/www.ylume-creation.com\\\/wp-content\\\/uploads\\\/2024\\\/05\\\/SHOOTING-BO-MAUVE-1.jpg\",\"width\":900,\"height\":1350,\"caption\":\"Cr\u00e9oles \u00e9paisses martel\u00e9es avec am\u00e9thystes\"},{\"@type\":\"BreadcrumbList\",\"@id\":\"https:\\\/\\\/www.ylume-creation.com\\\/en\\\/produit\\\/sparkling-purple-hoop-earrings\\\/#breadcrumb\",\"itemListElement\":[{\"@type\":\"ListItem\",\"position\":1,\"name\":\"Accueil\",\"item\":\"https:\\\/\\\/www.ylume-creation.com\\\/en\\\/\"},{\"@type\":\"ListItem\",\"position\":2,\"name\":\"Products\",\"item\":\"https:\\\/\\\/www.ylume-creation.com\\\/en\\\/products\\\/\"},{\"@type\":\"ListItem\",\"position\":3,\"name\":\"Sparkling Purple Hoop Earrings\"}]},{\"@type\":\"WebSite\",\"@id\":\"https:\\\/\\\/www.ylume-creation.com\\\/en\\\/#website\",\"url\":\"https:\\\/\\\/www.ylume-creation.com\\\/en\\\/\",\"name\":\"Ylume\",\"description\":\"Illumine les femmes, \u00e9veille les sens\",\"potentialAction\":[{\"@type\":\"SearchAction\",\"target\":{\"@type\":\"EntryPoint\",\"urlTemplate\":\"https:\\\/\\\/www.ylume-creation.com\\\/en\\\/?s={search_term_string}\"},\"query-input\":{\"@type\":\"PropertyValueSpecification\",\"valueRequired\":true,\"valueName\":\"search_term_string\"}}],\"inLanguage\":\"en-US\"}]}<\/script>\n<!-- \/ Yoast SEO plugin. -->","yoast_head_json":{"title":"Sparkling Purple Hoop Earrings - Ylume - Designer Earrings","description":"Hammered hoop earrings with natural purple amethyst stones that can be removed as you please. They are perfect for your everyday life.","robots":{"index":"index","follow":"follow","max-snippet":"max-snippet:-1","max-image-preview":"max-image-preview:large","max-video-preview":"max-video-preview:-1"},"canonical":"https:\/\/www.ylume-creation.com\/en\/produit\/sparkling-purple-hoop-earrings\/","og_locale":"en_US","og_type":"article","og_title":"Sparkling Purple Hoop Earrings - Ylume - Designer Earrings","og_description":"Hammered hoop earrings with natural purple amethyst stones that can be removed as you please. They are perfect for your everyday life.","og_url":"https:\/\/www.ylume-creation.com\/en\/produit\/sparkling-purple-hoop-earrings\/","og_site_name":"Ylume","og_image":[{"width":900,"height":1350,"url":"https:\/\/www.ylume-creation.com\/wp-content\/uploads\/2024\/05\/SHOOTING-BO-MAUVE-1.jpg","type":"image\/jpeg"}],"twitter_card":"summary_large_image","schema":{"@context":"https:\/\/schema.org","@graph":[{"@type":"WebPage","@id":"https:\/\/www.ylume-creation.com\/en\/produit\/sparkling-purple-hoop-earrings\/","url":"https:\/\/www.ylume-creation.com\/en\/produit\/sparkling-purple-hoop-earrings\/","name":"Sparkling Purple Hoop Earrings - Ylume - Designer Earrings","isPartOf":{"@id":"https:\/\/www.ylume-creation.com\/en\/#website"},"primaryImageOfPage":{"@id":"https:\/\/www.ylume-creation.com\/en\/produit\/sparkling-purple-hoop-earrings\/#primaryimage"},"image":{"@id":"https:\/\/www.ylume-creation.com\/en\/produit\/sparkling-purple-hoop-earrings\/#primaryimage"},"thumbnailUrl":"https:\/\/www.ylume-creation.com\/wp-content\/uploads\/2024\/05\/SHOOTING-BO-MAUVE-1.jpg","datePublished":"2024-05-14T10:28:42+00:00","description":"Hammered hoop earrings with natural purple amethyst stones that can be removed as you please. They are perfect for your everyday life.","breadcrumb":{"@id":"https:\/\/www.ylume-creation.com\/en\/produit\/sparkling-purple-hoop-earrings\/#breadcrumb"},"inLanguage":"en-US","potentialAction":[{"@type":"ReadAction","target":["https:\/\/www.ylume-creation.com\/en\/produit\/sparkling-purple-hoop-earrings\/"]}]},{"@type":"ImageObject","inLanguage":"en-US","@id":"https:\/\/www.ylume-creation.com\/en\/produit\/sparkling-purple-hoop-earrings\/#primaryimage","url":"https:\/\/www.ylume-creation.com\/wp-content\/uploads\/2024\/05\/SHOOTING-BO-MAUVE-1.jpg","contentUrl":"https:\/\/www.ylume-creation.com\/wp-content\/uploads\/2024\/05\/SHOOTING-BO-MAUVE-1.jpg","width":900,"height":1350,"caption":"Cr\u00e9oles \u00e9paisses martel\u00e9es avec am\u00e9thystes"},{"@type":"BreadcrumbList","@id":"https:\/\/www.ylume-creation.com\/en\/produit\/sparkling-purple-hoop-earrings\/#breadcrumb","itemListElement":[{"@type":"ListItem","position":1,"name":"Accueil","item":"https:\/\/www.ylume-creation.com\/en\/"},{"@type":"ListItem","position":2,"name":"Products","item":"https:\/\/www.ylume-creation.com\/en\/products\/"},{"@type":"ListItem","position":3,"name":"Sparkling Purple Hoop Earrings"}]},{"@type":"WebSite","@id":"https:\/\/www.ylume-creation.com\/en\/#website","url":"https:\/\/www.ylume-creation.com\/en\/","name":"Ylume","description":"Illumine les femmes, \u00e9veille les sens","potentialAction":[{"@type":"SearchAction","target":{"@type":"EntryPoint","urlTemplate":"https:\/\/www.ylume-creation.com\/en\/?s={search_term_string}"},"query-input":{"@type":"PropertyValueSpecification","valueRequired":true,"valueName":"search_term_string"}}],"inLanguage":"en-US"}]}},"_links":{"self":[{"href":"https:\/\/www.ylume-creation.com\/en\/wp-json\/wp\/v2\/product\/34359","targetHints":{"allow":["GET"]}}],"collection":[{"href":"https:\/\/www.ylume-creation.com\/en\/wp-json\/wp\/v2\/product"}],"about":[{"href":"https:\/\/www.ylume-creation.com\/en\/wp-json\/wp\/v2\/types\/product"}],"version-history":[{"count":0,"href":"https:\/\/www.ylume-creation.com\/en\/wp-json\/wp\/v2\/product\/34359\/revisions"}],"wp:featuredmedia":[{"embeddable":true,"href":"https:\/\/www.ylume-creation.com\/en\/wp-json\/wp\/v2\/media\/31620"}],"wp:attachment":[{"href":"https:\/\/www.ylume-creation.com\/en\/wp-json\/wp\/v2\/media?parent=34359"}],"wp:term":[{"taxonomy":"product_brand","embeddable":true,"href":"https:\/\/www.ylume-creation.com\/en\/wp-json\/wp\/v2\/product_brand?post=34359"},{"taxonomy":"product_cat","embeddable":true,"href":"https:\/\/www.ylume-creation.com\/en\/wp-json\/wp\/v2\/product_cat?post=34359"},{"taxonomy":"product_tag","embeddable":true,"href":"https:\/\/www.ylume-creation.com\/en\/wp-json\/wp\/v2\/product_tag?post=34359"}],"curies":[{"name":"wp","href":"https:\/\/api.w.org\/{rel}","templated":true}]}}