{"id":34089,"date":"2022-03-09T13:28:28","date_gmt":"2022-03-09T12:28:28","guid":{"rendered":"https:\/\/www.ylume-creation.com\/where-to-find-us\/"},"modified":"2025-12-22T20:36:56","modified_gmt":"2025-12-22T19:36:56","slug":"where-to-find-us","status":"publish","type":"page","link":"https:\/\/www.ylume-creation.com\/en\/where-to-find-us\/","title":{"rendered":"Where to find us?"},"content":{"rendered":"<div id=\"pl-34089\"  class=\"panel-layout\" ><div id=\"pg-34089-0\"  class=\"panel-grid panel-has-style\" ><div class=\"siteorigin-panels-stretch panel-row-style panel-row-style-for-34089-0\" id=\"ylPfAccrocheRow\" data-stretch-type=\"full-width-stretch\" ><div id=\"pgc-34089-0-0\"  class=\"panel-grid-cell\" ><div id=\"panel-34089-0-0-0\" class=\"widget_text so-panel widget widget_custom_html panel-first-child panel-last-child\" data-index=\"0\" ><div class=\"widget_text ylHeroTextOver panel-widget-style panel-widget-style-for-34089-0-0-0\" ><div class=\"textwidget custom-html-widget\"><header class=\"entry-header\">\n\t<h1 class=\"entry-title typography-title\">WHERE TO FIND US?<\/h1>\n<\/header><\/div><\/div><\/div><\/div><\/div><\/div><div id=\"pg-34089-1\"  class=\"panel-grid panel-no-style\" ><div id=\"pgc-34089-1-0\"  class=\"panel-grid-cell\" ><div id=\"panel-34089-1-0-0\" class=\"so-panel widget widget_primrose-sow-heading panel-first-child panel-last-child\" data-index=\"1\" ><div class=\"league-script panel-widget-style panel-widget-style-for-34089-1-0-0\" ><div\n\t\t\t\n\t\t\tclass=\"so-widget-primrose-sow-heading so-widget-primrose-sow-heading-default-d75171398898-34089\"\n\t\t\t\n\t\t><h2 class=\"primrose-sow-heading primrose-sow-alignment-center\">Together, we can go further.<\/h2><\/div><\/div><\/div><\/div><\/div><div id=\"pg-34089-2\"  class=\"panel-grid panel-no-style\" ><div id=\"pgc-34089-2-0\"  class=\"panel-grid-cell\" ><div id=\"panel-34089-2-0-0\" class=\"so-panel widget widget_text panel-first-child panel-last-child\" data-index=\"2\" ><div class=\" text-center panel-widget-style panel-widget-style-for-34089-2-0-0\" >\t\t\t<div class=\"textwidget\"><p>We choose our retailers for their common values with YLUME, the aesthetics of their stores, and their commitment.<br \/>\nYou will find the dealers who trust us. Please note that these resellers are independent partners and may only offer a limited selection of our products. If you are looking for a specific product, we advise you to contact the point of sale beforehand to be sure of its availability.  <\/p>\n<p>Our e-shop is the only store open 24 hours a day and offers all the brand&#8217;s products!<br \/>\nWe also welcome you by appointment every week in a beautiful setting in Aix-en-Provence, in a beautiful private mansion, near the Place des Pr\u00eacheurs. To make an appointment, send us your request at the following address: ylume.bijoux@gmail.com <\/p>\n<p>Here are the brand&#8217;s partner points of sale in France and abroad:<\/p>\n<p><strong>IN FRANCE:<\/strong><\/p>\n<p><strong>AJACCIO<\/strong><br \/>\nOpium<br \/>\nBoutique 3 rue des 3 maries<\/p>\n<p><strong>AIX-EN-PROVENCE<\/strong><br \/>\nTana<br \/>\nBoutique 4 rue Marius Reynaud<\/p>\n<p><strong>ANTIBES<\/strong><br \/>\nPepita<br \/>\nShops 2 rue Lacan<br \/>\n47 rue de la R\u00e9publique<\/p>\n<p><strong>ARCACHON<br \/>\n<\/strong>Zen! Zou!<br \/>\n61 bd g\u00e9n\u00e9ral Leclerc<\/p>\n<p><strong>BEAULIEU SUR MER<\/strong><br \/>\nInstitut Lobelia<br \/>\n42 bd du g\u00e9n\u00e9ral Leclerc<\/p>\n<p><strong>PROPRIANO<br \/>\n<\/strong>Hotel Marinca<\/p>\n<p><strong>CAVALARY<br \/>\n<\/strong>Gallery 123<strong><br \/>\n<\/strong>Av Pierre and Marie Curie<\/p>\n<p><strong>CHAMONIX<br \/>\n<\/strong>Winter<br \/>\nDreams 222 av michel croz<\/p>\n<p><strong>DIJON<br \/>\n<\/strong>L&#8217;intemporel<br \/>\n29 rue des forges<\/p>\n<p><strong>EVIAN-LES-BAINS<\/strong><br \/>\nMademoiselle Rose<br \/>\n86 rue nationale<\/p>\n<p><strong>GUILLES<br \/>\n<\/strong>Boutique Dclou<br \/>\n640 route de Berres<\/p>\n<p><strong>THE TOWN OF OISANS<br \/>\n<\/strong>Bohemian Jewelry<\/p>\n<p><strong>LYON<br \/>\n<\/strong>Be happy store<br \/>\n69 avenue Jean Jaur\u00e8s<\/p>\n<p><strong>M\u00c9NERBES<br \/>\n<\/strong>Boutique L&#8217;Apart\u00e9<br \/>\n212 rue du portail neuf<\/p>\n<p><strong>PARIS<br \/>\n<\/strong>Birdy<br \/>\nShops 12 rue saint placide<br \/>\n47 rue des batignolles<br \/>\n48 rue de passy<br \/>\n94 rue de Longchamp<\/p>\n<p>Shop Mati\u00e8res \u00e0 r\u00e9flexion Marais<br \/>\n19 rue de poitou<\/p>\n<p><strong>PEYRIAC DE MER<br \/>\n<\/strong>Sabine&#8217;s Gallery<strong><br \/>\n<\/strong>1 rue du four<\/p>\n<p><strong>GRENOBLE<\/strong><br \/>\nMarie and Hortense<br \/>\n2 rue St Jacques<\/p>\n<p><strong>ISLAND OF NOIRMOUTIER<br \/>\n<\/strong>Artemia cosmetics<\/p>\n<p><strong>MARTIGUES<br \/>\n<\/strong>Les Propoiristes<br \/>\n9 rue ramade<\/p>\n<p><strong>MONTPELLIER<br \/>\n<\/strong>Boutique Mazette<br \/>\n11 rue de l&#8217;ancien courrier<\/p>\n<p><strong>MONTPELLIER<br \/>\n<\/strong>Shop L&#8217;atelier 19<br \/>\n2 bis rue four des flammes<\/p>\n<p><strong>MOUVAUX<br \/>\n<\/strong>2 filles en aiguille<br \/>\n426 rue de Tourcoing<\/p>\n<p><strong>NANTES<\/strong><br \/>\nAccesstory &#8211; pop-up shop<\/p>\n<p><strong>LUNAR SAINT<br \/>\n<\/strong>75 rue de l&#8217;\u00c9glise<\/p>\n<p><strong>RIQUEWIRH<\/strong> (Near COLMAR)<br \/>\nAlter Ego<br \/>\nshop 28 rue du g\u00e9n\u00e9ral de Gaulle<\/p>\n<p><strong>TOULOUSE<\/strong><br \/>\nPaulette&#8217;s<br \/>\nboudoir 27 rue du Languedoc<\/p>\n<p><strong>UZES<br \/>\n<\/strong>C\u00f4t\u00e9 Boh\u00e8me<br \/>\n13 rue Jacques d&#8217;Uz\u00e8s<\/p>\n<p><strong>FURTHER AWAY:  <\/strong><\/p>\n<p><strong>SAINT BARTHELEMY<br \/>\n<\/strong>Filles des \u00eeles<br \/>\nThe Creole villa St Jean<\/p>\n<p><strong>SAINT-MARTIN<br \/>\n<\/strong>Peace and love<br \/>\nboutique Grand case<\/p>\n<p><strong>MILANO<br \/>\n<\/strong>Imarika<br \/>\nGiovanni Morelli store<\/p>\n<p><strong>LASNE &#8211; BELGIUM<br \/>\n<\/strong>Boutique L&#8217;\u00e9crin by cb<br \/>\nRue de l&#8217;\u00e9glise<\/p>\n<p><strong>HUY &#8211; BELGIUM<br \/>\n<\/strong>Aunt Huguette<\/p>\n<p><strong>SWITZERLAND<\/strong><br \/>\nInstitut Amyris<br \/>\n25 avenue de la gare, Moutiers 2740<\/p>\n<p><strong>GENEVA<br \/>\n<\/strong>George<br \/>\n9 rue Verdaine<\/p>\n<p><strong>BULGARIA &#8211; SOFIA<br \/>\n<\/strong><\/p>\n<p><strong>ITALY MESTRE<br \/>\n<\/strong>Antonella Polato<\/p>\n<p><strong>HAMBURG<br \/>\n<\/strong>N020<\/p>\n<p><strong>USA NEW YORK<\/strong><br \/>\nMiliemoon<br \/>\n436 W Broadway<\/p>\n<p><strong>GUADELOUPE<br \/>\n<\/strong>KIWI St Tropez<br \/>\nBaie-Mahault Boutique<\/p>\n<p><strong>MACAU<br \/>\n<\/strong>Mercuries<br \/>\nEdificio Weng lei Boutique<\/p>\n<p><strong>HONG KONG<br \/>\n<\/strong>Gemiyistore Store<strong><br \/>\n<\/strong>688 Castle Peak Road<br \/>\nCheung Sha Wan<\/p>\n<p>If you are a point of sale and would also like to distribute the brand, please write to us at <a href=\"mailto:contact@ylume-creation.com\">ylume.bijoux@gmail.com<\/a><br \/>\nWe will be happy to discuss this opportunity together.<\/p>\n<\/div>\n\t\t<\/div><\/div><\/div><\/div><\/div>","protected":false},"excerpt":{"rendered":"<p>WHERE TO FIND US? Together, we can go further. We choose our retailers for their common values with YLUME, the aesthetics of their stores, and their commitment. You will find the dealers who trust us. Please note that these resellers are independent partners and may only offer a limited selection of our products. If you [&hellip;]<\/p>\n","protected":false},"author":1,"featured_media":0,"parent":0,"menu_order":0,"comment_status":"closed","ping_status":"closed","template":"page-templates\/blank.php","meta":{"_acf_changed":false,"footnotes":""},"class_list":["post-34089","page","type-page","status-publish","hentry"],"acf":[],"yoast_head":"<!-- This site is optimized with the Yoast SEO plugin v27.4 - https:\/\/yoast.com\/product\/yoast-seo-wordpress\/ -->\n<title>Where to find us? - Ylume<\/title>\n<meta name=\"description\" content=\"Here is the list of YLUME brand points of sale. If you are interested in becoming a distributor, please do not hesitate to write to us.\" \/>\n<meta name=\"robots\" content=\"index, follow, max-snippet:-1, max-image-preview:large, max-video-preview:-1\" \/>\n<link rel=\"canonical\" href=\"https:\/\/www.ylume-creation.com\/en\/where-to-find-us\/\" \/>\n<meta property=\"og:locale\" content=\"en_US\" \/>\n<meta property=\"og:type\" content=\"article\" \/>\n<meta property=\"og:title\" content=\"Where to find us? - Ylume\" \/>\n<meta property=\"og:description\" content=\"Here is the list of YLUME brand points of sale. If you are interested in becoming a distributor, please do not hesitate to write to us.\" \/>\n<meta property=\"og:url\" content=\"https:\/\/www.ylume-creation.com\/en\/where-to-find-us\/\" \/>\n<meta property=\"og:site_name\" content=\"Ylume\" \/>\n<meta property=\"article:modified_time\" content=\"2025-12-22T19:36:56+00:00\" \/>\n<meta name=\"twitter:card\" content=\"summary_large_image\" \/>\n<meta name=\"twitter:label1\" content=\"Est. reading time\" \/>\n\t<meta name=\"twitter:data1\" content=\"3 minutes\" \/>\n<script type=\"application\/ld+json\" class=\"yoast-schema-graph\">{\"@context\":\"https:\\\/\\\/schema.org\",\"@graph\":[{\"@type\":\"WebPage\",\"@id\":\"https:\\\/\\\/www.ylume-creation.com\\\/en\\\/where-to-find-us\\\/\",\"url\":\"https:\\\/\\\/www.ylume-creation.com\\\/en\\\/where-to-find-us\\\/\",\"name\":\"Where to find us? - Ylume\",\"isPartOf\":{\"@id\":\"https:\\\/\\\/www.ylume-creation.com\\\/en\\\/#website\"},\"datePublished\":\"2022-03-09T12:28:28+00:00\",\"dateModified\":\"2025-12-22T19:36:56+00:00\",\"description\":\"Here is the list of YLUME brand points of sale. If you are interested in becoming a distributor, please do not hesitate to write to us.\",\"breadcrumb\":{\"@id\":\"https:\\\/\\\/www.ylume-creation.com\\\/en\\\/where-to-find-us\\\/#breadcrumb\"},\"inLanguage\":\"en-US\",\"potentialAction\":[{\"@type\":\"ReadAction\",\"target\":[\"https:\\\/\\\/www.ylume-creation.com\\\/en\\\/where-to-find-us\\\/\"]}]},{\"@type\":\"BreadcrumbList\",\"@id\":\"https:\\\/\\\/www.ylume-creation.com\\\/en\\\/where-to-find-us\\\/#breadcrumb\",\"itemListElement\":[{\"@type\":\"ListItem\",\"position\":1,\"name\":\"Accueil\",\"item\":\"https:\\\/\\\/www.ylume-creation.com\\\/en\\\/\"},{\"@type\":\"ListItem\",\"position\":2,\"name\":\"Where to find us?\"}]},{\"@type\":\"WebSite\",\"@id\":\"https:\\\/\\\/www.ylume-creation.com\\\/en\\\/#website\",\"url\":\"https:\\\/\\\/www.ylume-creation.com\\\/en\\\/\",\"name\":\"Ylume\",\"description\":\"Illumine les femmes, \u00e9veille les sens\",\"potentialAction\":[{\"@type\":\"SearchAction\",\"target\":{\"@type\":\"EntryPoint\",\"urlTemplate\":\"https:\\\/\\\/www.ylume-creation.com\\\/en\\\/?s={search_term_string}\"},\"query-input\":{\"@type\":\"PropertyValueSpecification\",\"valueRequired\":true,\"valueName\":\"search_term_string\"}}],\"inLanguage\":\"en-US\"}]}<\/script>\n<!-- \/ Yoast SEO plugin. -->","yoast_head_json":{"title":"Where to find us? - Ylume","description":"Here is the list of YLUME brand points of sale. If you are interested in becoming a distributor, please do not hesitate to write to us.","robots":{"index":"index","follow":"follow","max-snippet":"max-snippet:-1","max-image-preview":"max-image-preview:large","max-video-preview":"max-video-preview:-1"},"canonical":"https:\/\/www.ylume-creation.com\/en\/where-to-find-us\/","og_locale":"en_US","og_type":"article","og_title":"Where to find us? - Ylume","og_description":"Here is the list of YLUME brand points of sale. If you are interested in becoming a distributor, please do not hesitate to write to us.","og_url":"https:\/\/www.ylume-creation.com\/en\/where-to-find-us\/","og_site_name":"Ylume","article_modified_time":"2025-12-22T19:36:56+00:00","twitter_card":"summary_large_image","twitter_misc":{"Est. reading time":"3 minutes"},"schema":{"@context":"https:\/\/schema.org","@graph":[{"@type":"WebPage","@id":"https:\/\/www.ylume-creation.com\/en\/where-to-find-us\/","url":"https:\/\/www.ylume-creation.com\/en\/where-to-find-us\/","name":"Where to find us? - Ylume","isPartOf":{"@id":"https:\/\/www.ylume-creation.com\/en\/#website"},"datePublished":"2022-03-09T12:28:28+00:00","dateModified":"2025-12-22T19:36:56+00:00","description":"Here is the list of YLUME brand points of sale. If you are interested in becoming a distributor, please do not hesitate to write to us.","breadcrumb":{"@id":"https:\/\/www.ylume-creation.com\/en\/where-to-find-us\/#breadcrumb"},"inLanguage":"en-US","potentialAction":[{"@type":"ReadAction","target":["https:\/\/www.ylume-creation.com\/en\/where-to-find-us\/"]}]},{"@type":"BreadcrumbList","@id":"https:\/\/www.ylume-creation.com\/en\/where-to-find-us\/#breadcrumb","itemListElement":[{"@type":"ListItem","position":1,"name":"Accueil","item":"https:\/\/www.ylume-creation.com\/en\/"},{"@type":"ListItem","position":2,"name":"Where to find us?"}]},{"@type":"WebSite","@id":"https:\/\/www.ylume-creation.com\/en\/#website","url":"https:\/\/www.ylume-creation.com\/en\/","name":"Ylume","description":"Illumine les femmes, \u00e9veille les sens","potentialAction":[{"@type":"SearchAction","target":{"@type":"EntryPoint","urlTemplate":"https:\/\/www.ylume-creation.com\/en\/?s={search_term_string}"},"query-input":{"@type":"PropertyValueSpecification","valueRequired":true,"valueName":"search_term_string"}}],"inLanguage":"en-US"}]}},"_links":{"self":[{"href":"https:\/\/www.ylume-creation.com\/en\/wp-json\/wp\/v2\/pages\/34089","targetHints":{"allow":["GET"]}}],"collection":[{"href":"https:\/\/www.ylume-creation.com\/en\/wp-json\/wp\/v2\/pages"}],"about":[{"href":"https:\/\/www.ylume-creation.com\/en\/wp-json\/wp\/v2\/types\/page"}],"author":[{"embeddable":true,"href":"https:\/\/www.ylume-creation.com\/en\/wp-json\/wp\/v2\/users\/1"}],"replies":[{"embeddable":true,"href":"https:\/\/www.ylume-creation.com\/en\/wp-json\/wp\/v2\/comments?post=34089"}],"version-history":[{"count":1,"href":"https:\/\/www.ylume-creation.com\/en\/wp-json\/wp\/v2\/pages\/34089\/revisions"}],"predecessor-version":[{"id":35158,"href":"https:\/\/www.ylume-creation.com\/en\/wp-json\/wp\/v2\/pages\/34089\/revisions\/35158"}],"wp:attachment":[{"href":"https:\/\/www.ylume-creation.com\/en\/wp-json\/wp\/v2\/media?parent=34089"}],"curies":[{"name":"wp","href":"https:\/\/api.w.org\/{rel}","templated":true}]}}